{"id":4986,"date":"2020-11-23T10:37:06","date_gmt":"2020-11-23T10:37:06","guid":{"rendered":"https:\/\/enozoik.com\/enozoik2020\/o-nama\/"},"modified":"2026-03-18T03:44:04","modified_gmt":"2026-03-18T03:44:04","slug":"about","status":"publish","type":"page","link":"https:\/\/enozoik.com\/en\/about\/","title":{"rendered":"About"},"content":{"rendered":"\n\n  <div class=\"banner has-hover\" id=\"banner-2111165964\">\n          <div class=\"banner-inner fill\">\n        <div class=\"banner-bg fill\" >\n            <img loading=\"lazy\" decoding=\"async\" width=\"1020\" height=\"473\" src=\"https:\/\/enozoik.com\/wp-content\/uploads\/2020\/11\/onama-top-1024x475.png\" class=\"bg attachment-large size-large\" alt=\"\" \/>                        <div class=\"overlay\"><\/div>            \n                    <\/div>\n\t\t\n        <div class=\"banner-layers container\">\n            <div class=\"fill banner-link\"><\/div>            \n\n   <div id=\"text-box-1696143122\" class=\"text-box banner-layer x50 md-x50 lg-x50 y50 md-y50 lg-y50 res-text\">\n                                <div class=\"text-box-content text dark\">\n              \n              <div class=\"text-inner text-center\">\n                  \n\n<h3 class=\"uppercase\"><strong>About us<\/strong><\/h3>\n<p><span style=\"font-size: 90%;\">Everything what happened in the Cellar stays there&#8230;<\/span><\/p>\n<div class=\"social-icons follow-icons\" ><a href=\"https:\/\/www.facebook.com\/enozoik\/\" target=\"_blank\" data-label=\"Facebook\" class=\"icon plain tooltip facebook\" title=\"Follow on Facebook\" aria-label=\"Follow on Facebook\" rel=\"noopener nofollow\"><i class=\"icon-facebook\" aria-hidden=\"true\"><\/i><\/a><a href=\"https:\/\/www.instagram.com\/enozoik\/\" target=\"_blank\" data-label=\"Instagram\" class=\"icon plain tooltip instagram\" title=\"Follow on Instagram\" aria-label=\"Follow on Instagram\" rel=\"noopener nofollow\"><i class=\"icon-instagram\" aria-hidden=\"true\"><\/i><\/a><\/div>\n\n\n              <\/div>\n           <\/div>\n                            \n<style>\n#text-box-1696143122 {\n  width: 50%;\n}\n#text-box-1696143122 .text-box-content {\n  font-size: 100%;\n}\n<\/style>\n    <\/div>\n \n\n        <\/div>\n      <\/div>\n\n            \n<style>\n#banner-2111165964 {\n  padding-top: 350px;\n}\n#banner-2111165964 .overlay {\n  background-color: rgba(0, 0, 0, 0.3);\n}\n<\/style>\n  <\/div>\n\n\n\n\t<section class=\"section\" id=\"section_566362966\">\n\t\t<div class=\"section-bg fill\" >\n\t\t\t\t\t\t\t\t\t\n\t\t\t\n\n\t\t<\/div>\n\n\t\t\n\n\t\t<div class=\"section-content relative\">\n\t\t\t\n\n\t<div id=\"gap-1354916519\" class=\"gap-element clearfix\" style=\"display:block; height:auto;\">\n\t\t\n<style>\n#gap-1354916519 {\n  padding-top: 30px;\n}\n<\/style>\n\t<\/div>\n\t\n\n<div class=\"row align-center\"  id=\"row-515235687\">\n\n\n\t<div id=\"col-782554933\" class=\"col medium-6 small-10 large-6\"  >\n\t\t\t\t<div class=\"col-inner\"  >\n\t\t\t\n\t\t\t\n\n<h2>New Wineyard Era<\/h2>\n<div class=\"wpb_text_column wpb_content_element \">\n<div class=\"wpb_wrapper\">\n<p>Enozoik is a new era actor who performs on the Croatian wine scene. The dose of enthusiasts and the wider audience of thirsty quality and authenticity grows at an unprecedented rate and the voices of our wines are spreading, many of them enjoying the cult status.<\/p>\n<p>We have been accumulating for years of experience, work in all sectors of the wine industry, travel around the world and inexhaustible passion for discovering the real terroir. We only care about quality which does not mean only a lot of wine.<\/p>\n<\/div>\n<\/div>\n<div class=\"wpb_text_column wpb_content_element \">\n<div class=\"wpb_wrapper\">\n<p>Enozoik is a new era actor who performs on the Croatian wine scene. The dose of enthusiasts and the wider audience of thirsty quality and authenticity grows at an unprecedented rate and the voices of our wines are spreading, many of them enjoying the cult status.<\/p>\n<p>We have been accumulating for years of experience, work in all sectors of the wine industry, travel around the world and inexhaustible passion for discovering the real terroir. We only care about quality which does not mean only a lot of wine.<\/p>\n<\/div>\n<\/div>\n\n\t\t<\/div>\n\t\t\t\t\t<\/div>\n\n\t\n\n\t<div id=\"col-431750918\" class=\"col medium-6 small-10 large-6\"  >\n\t\t\t\t<div class=\"col-inner\"  >\n\t\t\t\n\t\t\t\n\n<h2>Educated enthusiastic Team<\/h2>\n<p>We share true knowledge, expertise and flexibility at every step: from assisting in making wine cards, slimming wine and food, to distribution (not night delivery). Our team offers education on each of the finest wines (we all have WSET 3rd or 4th degree and we are very experienced at Wine Academy Croatia).<\/p>\n<p>With our passion, love and true knowledge of wine, swimming in the sea of new labels is a delight, from aperitifs to candy.<\/p>\n<p><strong>Because what happens in the cellar never stays there.<\/strong><\/p>\n<p><img loading=\"lazy\" decoding=\"async\" class=\"alignnone size-full wp-image-4891\" src=\"https:\/\/enozoik.com\/wp-content\/uploads\/2020\/11\/onama-1.png\" alt=\"\" width=\"900\" height=\"402\" srcset=\"https:\/\/enozoik.com\/wp-content\/uploads\/2020\/11\/onama-1.png 900w, https:\/\/enozoik.com\/wp-content\/uploads\/2020\/11\/onama-1-300x134.png 300w, https:\/\/enozoik.com\/wp-content\/uploads\/2020\/11\/onama-1-768x343.png 768w, https:\/\/enozoik.com\/wp-content\/uploads\/2020\/11\/onama-1-600x268.png 600w\" sizes=\"auto, (max-width: 900px) 100vw, 900px\" \/><\/p>\n\n\t\t<\/div>\n\t\t\t\t\t<\/div>\n\n\t\n\n<\/div>\n\n\t\t<\/div>\n\n\t\t\n<style>\n#section_566362966 {\n  padding-top: 30px;\n  padding-bottom: 30px;\n}\n<\/style>\n\t<\/section>\n\t\n<div class=\"row row-collapse row-full-width\"  id=\"row-590747085\">\n\n\n\t<div id=\"col-710261790\" class=\"col medium-6 small-12 large-6\"  >\n\t\t\t\t<div class=\"col-inner\"  >\n\t\t\t\n\t\t\t\n\n\n  <div class=\"banner has-hover\" id=\"banner-308226213\">\n          <div class=\"banner-inner fill\">\n        <div class=\"banner-bg fill\" >\n            <img loading=\"lazy\" decoding=\"async\" width=\"661\" height=\"800\" src=\"https:\/\/enozoik.com\/wp-content\/uploads\/2020\/11\/team-vjeko.jpg\" class=\"bg attachment-large size-large\" alt=\"\" \/>                                    \n                    <\/div>\n\t\t\n        <div class=\"banner-layers container\">\n            <div class=\"fill banner-link\"><\/div>            \n\n\n        <\/div>\n      <\/div>\n\n            \n<style>\n#banner-308226213 {\n  padding-top: 500px;\n}\n<\/style>\n  <\/div>\n\n\n\n\t\t<\/div>\n\t\t\t\t\t<\/div>\n\n\t\n\n\t<div id=\"col-1755697444\" class=\"col medium-6 small-12 large-6\"  >\n\t\t\t\t<div class=\"col-inner\"  >\n\t\t\t\n\t\t\t\n\n\n  <div class=\"banner has-hover\" id=\"banner-1171376395\">\n          <div class=\"banner-inner fill\">\n        <div class=\"banner-bg fill\" >\n                                                \n                    <\/div>\n\t\t\n        <div class=\"banner-layers container\">\n            <div class=\"fill banner-link\"><\/div>            \n\n   <div id=\"text-box-1239838837\" class=\"text-box banner-layer x50 md-x50 lg-x50 y50 md-y50 lg-y50 res-text\">\n                                <div class=\"text-box-content text \">\n              \n              <div class=\"text-inner text-center\">\n                  \n\n<h2>Vjekoslav Stoji\u0161i\u0107<\/h2>\n<p>\u00a0<\/p>\n<p>SALES LEADER<\/p>\n<p>He has been developing his passion for wines for more than 10 years. She encourages him to constantly research, read and educate himself, and as a lecturer at Wine Academy Croatia, he passes on his love of wine to new generations of students. He passionately remembers all the data, so he is sometimes called Wine Google, and he shows the most positive emotions when he smells Italian terroir in a glass.<\/p>\n<p>\u00a0<\/p>\n\n              <\/div>\n           <\/div>\n                            \n<style>\n#text-box-1239838837 {\n  width: 57%;\n}\n#text-box-1239838837 .text-box-content {\n  font-size: 100%;\n}\n<\/style>\n    <\/div>\n \n\n        <\/div>\n      <\/div>\n\n            \n<style>\n#banner-1171376395 {\n  padding-top: 500px;\n  background-color: rgb(255,255,255);\n}\n<\/style>\n  <\/div>\n\n\n\n\t\t<\/div>\n\t\t\t\t\t<\/div>\n\n\t\n\n<\/div>\n<div class=\"row row-collapse row-full-width\"  id=\"row-713241393\">\n\n\n\t<div id=\"col-74606347\" class=\"col medium-6 small-12 large-6\"  >\n\t\t\t\t<div class=\"col-inner\"  >\n\t\t\t\n\t\t\t\n\n\n\t\t<\/div>\n\t\t\t\t\t<\/div>\n\n\t\n\n\t<div id=\"col-843215088\" class=\"col medium-6 small-12 large-6 small-col-first\"  >\n\t\t\t\t<div class=\"col-inner\"  >\n\t\t\t\n\t\t\t\n\n\n\t\t<\/div>\n\t\t\t\t\t<\/div>\n\n\t\n\n<\/div>\n<div class=\"row row-collapse row-full-width\"  id=\"row-642704104\">\n\n\n\t<div id=\"col-2102589680\" class=\"col medium-6 small-12 large-6\"  >\n\t\t\t\t<div class=\"col-inner\"  >\n\t\t\t\n\t\t\t\n\n\n  <div class=\"banner has-hover\" id=\"banner-491061149\">\n          <div class=\"banner-inner fill\">\n        <div class=\"banner-bg fill\" >\n            <img loading=\"lazy\" decoding=\"async\" width=\"661\" height=\"800\" src=\"https:\/\/enozoik.com\/wp-content\/uploads\/2020\/11\/team-grof.jpg\" class=\"bg attachment-large size-large\" alt=\"\" \/>                                    \n                    <\/div>\n\t\t\n        <div class=\"banner-layers container\">\n            <div class=\"fill banner-link\"><\/div>            \n\n\n        <\/div>\n      <\/div>\n\n            \n<style>\n#banner-491061149 {\n  padding-top: 500px;\n}\n<\/style>\n  <\/div>\n\n\n\n\t\t<\/div>\n\t\t\t\t\t<\/div>\n\n\t\n\n\t<div id=\"col-44580849\" class=\"col medium-6 small-12 large-6\"  >\n\t\t\t\t<div class=\"col-inner\"  >\n\t\t\t\n\t\t\t\n\n\n  <div class=\"banner has-hover\" id=\"banner-50151432\">\n          <div class=\"banner-inner fill\">\n        <div class=\"banner-bg fill\" >\n                                                \n                    <\/div>\n\t\t\n        <div class=\"banner-layers container\">\n            <div class=\"fill banner-link\"><\/div>            \n\n   <div id=\"text-box-268615990\" class=\"text-box banner-layer x50 md-x50 lg-x50 y50 md-y50 lg-y50 res-text\">\n                                <div class=\"text-box-content text \">\n              \n              <div class=\"text-inner text-center\">\n                  \n\n<h2>Dra\u017ean \u0160unji\u0107<\/h2>\n<p>\u00a0<\/p>\n<p>PARTNER<\/p>\n<ul>\n<li>WSET Diploma<\/li>\n<li>WSET Certified Educator Level 1, 2 i 3<\/li>\n<li>Champagne Academy Diploma<\/li>\n<li>Master of Wine student od 01\/2018\u2026 we hope!<\/li>\n<li>Dra\u017ean is the co-founder and main lecturer of WAC. He has been working in the wine industry for seventeen years, fourteen years in London restaurants, eight of them as a sommelier to London\u2019s top restaurants including W\u2019SENS owned by 3 Michelin Star Chefs Jacques and Laurent Pourcel. He has harvests in Australia, Chile and many European vineyards. Dedicatedly and always with the same zeal, he holds various lectures and tastings on the London scene, including the ever-present promotion of Croatian wines.<\/li>\n<\/ul>\n<p>\u00a0<\/p>\n\n              <\/div>\n           <\/div>\n                            \n<style>\n#text-box-268615990 {\n  width: 71%;\n}\n#text-box-268615990 .text-box-content {\n  font-size: 100%;\n}\n<\/style>\n    <\/div>\n \n\n        <\/div>\n      <\/div>\n\n            \n<style>\n#banner-50151432 {\n  padding-top: 500px;\n  background-color: rgb(255,255,255);\n}\n<\/style>\n  <\/div>\n\n\n\n\t\t<\/div>\n\t\t\t\t\t<\/div>\n\n\t\n\n<\/div>\n\n","protected":false},"excerpt":{"rendered":"","protected":false},"author":1,"featured_media":0,"parent":0,"menu_order":0,"comment_status":"closed","ping_status":"closed","template":"","meta":{"footnotes":""},"class_list":["post-4986","page","type-page","status-publish","hentry"],"_links":{"self":[{"href":"https:\/\/enozoik.com\/en\/wp-json\/wp\/v2\/pages\/4986","targetHints":{"allow":["GET"]}}],"collection":[{"href":"https:\/\/enozoik.com\/en\/wp-json\/wp\/v2\/pages"}],"about":[{"href":"https:\/\/enozoik.com\/en\/wp-json\/wp\/v2\/types\/page"}],"author":[{"embeddable":true,"href":"https:\/\/enozoik.com\/en\/wp-json\/wp\/v2\/users\/1"}],"replies":[{"embeddable":true,"href":"https:\/\/enozoik.com\/en\/wp-json\/wp\/v2\/comments?post=4986"}],"version-history":[{"count":6,"href":"https:\/\/enozoik.com\/en\/wp-json\/wp\/v2\/pages\/4986\/revisions"}],"predecessor-version":[{"id":8327,"href":"https:\/\/enozoik.com\/en\/wp-json\/wp\/v2\/pages\/4986\/revisions\/8327"}],"wp:attachment":[{"href":"https:\/\/enozoik.com\/en\/wp-json\/wp\/v2\/media?parent=4986"}],"curies":[{"name":"wp","href":"https:\/\/api.w.org\/{rel}","templated":true}]}}