{"id":1513,"date":"2017-09-04T19:22:34","date_gmt":"2017-09-04T19:22:34","guid":{"rendered":"https:\/\/enozoik.com\/enozoik2020\/product\/tinpot-hut-marlborough-sauvignon-blanc\/"},"modified":"2026-04-02T15:45:34","modified_gmt":"2026-04-02T15:45:34","slug":"tinpot-hut-marlborough-sauvignon-blanc","status":"publish","type":"product","link":"https:\/\/enozoik.com\/en\/product\/tinpot-hut-marlborough-sauvignon-blanc\/","title":{"rendered":"2024 Tinpot Hut Sauvignon Blanc Marlborough &#8211; kupi online"},"content":{"rendered":"<p><strong>TKO?<\/strong><br \/>\nTinpot Hut vina dolaze od gro\u017e\u0111a primarno uzgajanog iz premium vinograda u Blind River (podregija Marlborough-a) od vlasnice i enologinje Fione Turner. Pojam \u2018hut\u2019 simbolizira podru\u010dje gdje su se ovce skupljale i bile zaklonjene od prolje\u0107a do jeseni. Sam naziv povezuje Marlborough-ovu pro\u0161lost kao sto\u010darskog centra sa trenutno kao jednom od najpropulzivnijih vinskih regija.<\/p>\n<p><strong>GDJE?<\/strong><br \/>\nGro\u017e\u0111e dolazi iz specijalno izabaranih vinograda u Blind River, Dashwood i Lower Wairau podregijama. Blind River i Dashwood vinogradi donose kiseline, mineralnost i svje\u017eu herbalnu kompomentu, dok Lower Wairau participira tropskim notama te zaokru\u017eeno\u0161\u0107u na srednjem nepcu. Ovakvo filigransko precizno sljubljivanje osigurava idealan balans izme\u0111u herbalne i vo\u0107ne komponente.<\/p>\n<p><strong>ZA\u0160TO?<\/strong><br \/>\nKompleksan i veoma izra\u017een nos sa intenzivnim aromama crnog ribizla, svje\u017ee iscje\u0111ene limunske trave i timjana, pomije\u0161anih sa aromama tropskog vo\u0107a i dinje. Moderna interpretacija rasko\u0161nog Sauvignon Blanc-a poduprta \u017eivahnom aromatikom i filigranski preciznim kiselinama koje vode u dugi, mineralno kremozni zavr\u0161etak.<\/p>\n<h3><\/h3>\n","protected":false},"excerpt":{"rendered":"<p>Najbolje ocijenjeni Sauvignon Blanc u povijesti Decanter-a.<\/p>\n<p>&nbsp;<\/p>\n","protected":false},"featured_media":1514,"template":"","meta":[],"product_brand":[],"product_cat":[66],"product_tag":[99,100,101],"class_list":{"0":"post-1513","1":"product","2":"type-product","3":"status-publish","4":"has-post-thumbnail","6":"product_cat-bijelo-vino","7":"product_tag-marlborough","8":"product_tag-novi-zeland","9":"product_tag-sauvignon-blanc","10":"pa_berba-2076","11":"pa_drzava-novi-zeland","12":"pa_regija-marlborough","13":"pa_sorta-sauvignon-blanc","14":"pa_vinarija-tinpot-hut","15":"pa_vrste-vina-bijelo-vino","17":"first","18":"outofstock","19":"shipping-taxable","20":"purchasable","21":"product-type-simple"},"_links":{"self":[{"href":"https:\/\/enozoik.com\/en\/wp-json\/wp\/v2\/product\/1513","targetHints":{"allow":["GET"]}}],"collection":[{"href":"https:\/\/enozoik.com\/en\/wp-json\/wp\/v2\/product"}],"about":[{"href":"https:\/\/enozoik.com\/en\/wp-json\/wp\/v2\/types\/product"}],"wp:featuredmedia":[{"embeddable":true,"href":"https:\/\/enozoik.com\/en\/wp-json\/wp\/v2\/media\/1514"}],"wp:attachment":[{"href":"https:\/\/enozoik.com\/en\/wp-json\/wp\/v2\/media?parent=1513"}],"wp:term":[{"taxonomy":"product_brand","embeddable":true,"href":"https:\/\/enozoik.com\/en\/wp-json\/wp\/v2\/product_brand?post=1513"},{"taxonomy":"product_cat","embeddable":true,"href":"https:\/\/enozoik.com\/en\/wp-json\/wp\/v2\/product_cat?post=1513"},{"taxonomy":"product_tag","embeddable":true,"href":"https:\/\/enozoik.com\/en\/wp-json\/wp\/v2\/product_tag?post=1513"}],"curies":[{"name":"wp","href":"https:\/\/api.w.org\/{rel}","templated":true}]}}