{"id":2327,"date":"2017-11-21T01:21:26","date_gmt":"2017-11-21T01:21:26","guid":{"rendered":"https:\/\/enozoik.com\/enozoik2020\/product\/2015-quinta-do-infantado-port-lbv-douro-cima-corgo-kupi-online\/"},"modified":"2026-02-12T08:06:30","modified_gmt":"2026-02-12T08:06:30","slug":"2021-quinta-do-infantado-port-lbv-douro-cima-corgo-kupi-online","status":"publish","type":"product","link":"https:\/\/enozoik.com\/en\/product\/2021-quinta-do-infantado-port-lbv-douro-cima-corgo-kupi-online\/","title":{"rendered":"2021 Quinta do Infantado Porto LBV Douro Cima Corgo &#8211; kupi online"},"content":{"rendered":"<h3><strong>TKO?<\/strong><\/h3>\n<p>Quinta do Infantado je u vlasni\u0161tvu obitelji Roseira ve\u0107 vi\u0161e od stolje\u0107a te su ve\u0107 dugo vremena poznati po buteljiranju svojih proizvoda na samom imanju, umjesto otpremanja vina u rinfuzi rijekom Douro do mjesta punjenja. Naziv &#8216;Infantado&#8217; proizlazi iz termina &#8216;Infante&#8217; (Princ na portugalskom) te je upravo portugalska kraljevska obitelj prva izgradila vinariju 1816. g.<\/p>\n<h3><strong>GDJE?<\/strong><\/h3>\n<p>Posjed je smje\u0161ten u gradi\u0107u Pinh\u00e3o, Cima Corgo (podregiji u Douru poznatoj po proizvodnji najboljih Porta i mirnih vina) na 150 metara iznad razine mora. Svi Infantado vinogradi su stekli najvi\u0161i &#8216;A&#8217; status (ekvivalent Grand Cru statusa u DOC regulativi) dok siroma\u0161no tlo koje obiluje \u0161kriljavcem podaruje vinima izvrsnu koncentraciju i aromatsku kompleksnost.<\/p>\n<h3><strong>ZA\u0160TO?<\/strong><\/h3>\n<p>Suptilnost i nje\u017ena koncentracija glavna su obilje\u017eja Quinta do Infantado stila. Nastavili su prakticirati tradicionalne na\u010dine ekstrahiranja tanina i aroma oslanjaju\u0107i se isklju\u010divo na vlastita stopala i tjelesnu te\u017einu \u2013 manje od 2% Porta se i dalje proizvodi ovom zahtjevnom metodom. Vina su stoga vi\u0161e vinoznija u karakteru, izbalansiranija te manje sla\u0111a u odnosu na ostala Porta.<\/p>\n","protected":false},"excerpt":{"rendered":"<p>Suptilnost i nje\u017ena koncentracija glavna su obilje\u017eja Quinta do Infantado stila.<\/p>\n","protected":false},"featured_media":2328,"template":"","meta":[],"product_brand":[],"product_cat":[288,289],"product_tag":[290,291,292,293,294],"class_list":{"0":"post-2327","1":"product","2":"type-product","3":"status-publish","4":"has-post-thumbnail","6":"product_cat-likersko-vino","7":"product_cat-slatko-vino","8":"product_tag-douro","9":"product_tag-lbv","10":"product_tag-porto","11":"product_tag-portugal","12":"product_tag-quinta","13":"pa_berba-1427","14":"pa_drzava-portugal","15":"pa_regija-douro","16":"pa_sorta-30-tinta-roriz-30-touriga-franca-30-touriga-nacional-10-ostale-crne-autohtone-sorte","17":"pa_vinarija-quinta-do-infantado","18":"pa_vrste-vina-likersko-vino","20":"first","21":"instock","22":"shipping-taxable","23":"purchasable","24":"product-type-simple"},"_links":{"self":[{"href":"https:\/\/enozoik.com\/en\/wp-json\/wp\/v2\/product\/2327","targetHints":{"allow":["GET"]}}],"collection":[{"href":"https:\/\/enozoik.com\/en\/wp-json\/wp\/v2\/product"}],"about":[{"href":"https:\/\/enozoik.com\/en\/wp-json\/wp\/v2\/types\/product"}],"wp:featuredmedia":[{"embeddable":true,"href":"https:\/\/enozoik.com\/en\/wp-json\/wp\/v2\/media\/2328"}],"wp:attachment":[{"href":"https:\/\/enozoik.com\/en\/wp-json\/wp\/v2\/media?parent=2327"}],"wp:term":[{"taxonomy":"product_brand","embeddable":true,"href":"https:\/\/enozoik.com\/en\/wp-json\/wp\/v2\/product_brand?post=2327"},{"taxonomy":"product_cat","embeddable":true,"href":"https:\/\/enozoik.com\/en\/wp-json\/wp\/v2\/product_cat?post=2327"},{"taxonomy":"product_tag","embeddable":true,"href":"https:\/\/enozoik.com\/en\/wp-json\/wp\/v2\/product_tag?post=2327"}],"curies":[{"name":"wp","href":"https:\/\/api.w.org\/{rel}","templated":true}]}}