{"id":2568,"date":"2018-03-26T15:57:14","date_gmt":"2018-03-26T15:57:14","guid":{"rendered":"https:\/\/enozoik.com\/enozoik2020\/product\/2016-schloss-vollrads-volratz-1573-rheingau-riesling-trocken\/"},"modified":"2026-05-06T15:11:38","modified_gmt":"2026-05-06T15:11:38","slug":"2023-schloss-vollrads-volratz-1573-rheingau-riesling-trocken","status":"publish","type":"product","link":"https:\/\/enozoik.com\/en\/product\/2023-schloss-vollrads-volratz-1573-rheingau-riesling-trocken\/","title":{"rendered":"2023 Schloss Vollrads \u2018Volratz 1573\u2019 Riesling Trocken Rheingau &#8211; kupi online"},"content":{"rendered":"<h3><strong>TKO?<\/strong><\/h3>\n<p>Schloss Vollrads, sa gotovo 800 godina iskustva u vinogradarenju, je jedan od najstarijih vinskih imanja u svijetu uop\u0107e (o \u010demu svjedo\u010di prvi u svijetu zabilje\u017een document o prodaji vina koji datira iz 1211. g.). Vinogradi se nalaze u samom srcu Rheingaua, regije gdje Riesling dose\u017ee svoj vrhunac ekspresije i nedosti\u017enu kvalitetu. 1728. g., prvi ikad u svijetu proizveden Kabinett dolazi upravo sa posjeda Schloss Vollrads.<\/p>\n<h3><strong>GDJE?<\/strong><\/h3>\n<p>U vinogradima Schloss Vollrads njeguje se samo jedna sorta, Riesling. Nalaze se izme\u0111u Rajne i \u0161umovitih bre\u017euljaka planine Taunus koji \u0161tite trsje od od hladnih sjevernih vjetrova. Smje\u0161tene na obroncima, loze koriste sve benefite ju\u017ene inklinacije maksimalno koriste\u0107i sun\u010devo zra\u010denje i osiguravaju\u0107i optimalne uvjete za idealno dozrijevanje gro\u017e\u0111a. \u00a0Prinosi su 40% ni\u017ei nego \u0161to to njema\u010dka vinska legislativa zahtijeva.<\/p>\n<h3><strong>ZA\u0160TO?<\/strong><\/h3>\n<p>Dr. Rowald Hepp, glavni enolog je mo\u017eda najbolje sro\u010dio: \u201cVjerujemo kako Vas izvanredan Riesling mo\u017ee usre\u0107iti. Zato isklju\u010divo uzgajamo Riesling \u2013 namjerno, sa posebnom brigom i ljubavlju. Gro\u017e\u0111e beremo pa\u017eljivo nekoliko puta tokom sezone berbe \u2013 \u00a0u namjeri da ih uberemo u to\u010dno odre\u0111enom stadiju zrelosti. Svo na\u0161e akumulirano znanje i tradiciju usmjereno je ka kreiranju jedinstvenih i karakternih Rieslinga\u201d.<\/p>\n<h3><\/h3>\n","protected":false},"excerpt":{"rendered":"<p>Schloss Vollrads je istozna\u010dnica za Riesling te sa gotovo 800 godina iskustva u vinogradarenju je jedno od najstarijih vinskih imanja u svijetu uop\u0107e.<\/p>\n","protected":false},"featured_media":2569,"template":"","meta":[],"product_brand":[],"product_cat":[66],"product_tag":[88,365,89,366],"class_list":{"0":"post-2568","1":"product","2":"type-product","3":"status-publish","4":"has-post-thumbnail","6":"product_cat-bijelo-vino","7":"product_tag-njemacka","8":"product_tag-rheingau","9":"product_tag-riesling","10":"product_tag-schloss","11":"pa_berba-1633","12":"pa_drzava-njemacka","13":"pa_regija-rheingau","14":"pa_sorta-riesling","15":"pa_vinarija-schloss-vollrads","16":"pa_vrste-vina-bijelo-vino","18":"first","19":"instock","20":"shipping-taxable","21":"purchasable","22":"product-type-simple"},"_links":{"self":[{"href":"https:\/\/enozoik.com\/en\/wp-json\/wp\/v2\/product\/2568","targetHints":{"allow":["GET"]}}],"collection":[{"href":"https:\/\/enozoik.com\/en\/wp-json\/wp\/v2\/product"}],"about":[{"href":"https:\/\/enozoik.com\/en\/wp-json\/wp\/v2\/types\/product"}],"wp:featuredmedia":[{"embeddable":true,"href":"https:\/\/enozoik.com\/en\/wp-json\/wp\/v2\/media\/2569"}],"wp:attachment":[{"href":"https:\/\/enozoik.com\/en\/wp-json\/wp\/v2\/media?parent=2568"}],"wp:term":[{"taxonomy":"product_brand","embeddable":true,"href":"https:\/\/enozoik.com\/en\/wp-json\/wp\/v2\/product_brand?post=2568"},{"taxonomy":"product_cat","embeddable":true,"href":"https:\/\/enozoik.com\/en\/wp-json\/wp\/v2\/product_cat?post=2568"},{"taxonomy":"product_tag","embeddable":true,"href":"https:\/\/enozoik.com\/en\/wp-json\/wp\/v2\/product_tag?post=2568"}],"curies":[{"name":"wp","href":"https:\/\/api.w.org\/{rel}","templated":true}]}}