{"id":2580,"date":"2018-03-27T17:27:55","date_gmt":"2018-03-27T17:27:55","guid":{"rendered":"https:\/\/enozoik.com\/enozoik2020\/product\/2016-brkic-zilavka-middle-neretva\/"},"modified":"2026-04-05T16:31:38","modified_gmt":"2026-04-05T16:31:38","slug":"2023-brkic-zilavka-middle-neretva","status":"publish","type":"product","link":"https:\/\/enozoik.com\/en\/product\/2023-brkic-zilavka-middle-neretva\/","title":{"rendered":"2023 Brki\u0107 \u017dilavka, Middle Neretva &#8211; kupi online"},"content":{"rendered":"<h3><strong>TKO?<\/strong><\/h3>\n<p>Ako \u017eelite uvod u bosanskohercegova\u010dka vina, prvo ime koje vam treba pasti na pamet je Josip Brki\u0107. Jedan od pionira koji je ukrotio bosanske autohtone sorte poput \u017dilavke i Blatine. Brki\u0107 tako\u0111er ula\u017ee enormne napore kako bi mostarsko vinogorje postavio na internacionalnu kartu relevantnih vinogorja primjenjuju\u0107i biodinami\u010dke principe te koriste\u0107i bosanski hrast, svoju praksu nastoji prenijeti i na ostale vinogradare.<\/p>\n<h3><strong>GDJE?<\/strong><\/h3>\n<p>70-ih godina pro\u0161log stolje\u0107a, Pa\u0161ko Brki\u0107 je zasadio vinograde u \u010citluku \u2013 mostarskom vinogorju smje\u0161tenom ju\u017eno od Mostara u Bosni i Hercegovini &#8211; izme\u0111u 250 i \u00ad400 metara iznad razine mora. Inicijalno, kad je Josip prekinuo kori\u0161tenje pesticida, vinogradi su do\u017eivjeli \u0161ok, poput ovisnika na odvikavanju. Pozitivnom kompetencijom bolesti su potisnute te zahvaljuju\u0107i organskom vinogradarenju, \u010disto\u0107a sorte sjaji vi\u0161e no ikad.<\/p>\n<h3><strong>ZA\u0160TO?<\/strong><\/h3>\n<p>Koriste\u0107i organske principe te lunarni kalendar, Josip Brki\u0107 koristi svoju odgovornost prema zemlji i obitelji te usput pomiruje svoje unutarenje porive za kreiranjem ove karakterne \u017dilavke. Fermentirana na ambijetalnim kvascima te odnjegovana na finim talozima ova autenti\u010dna \u017dilavka je buteljirana bez bistrenja. Intenzivnih aroma tipi\u010dnih za biodinami\u010dki uzgoj, \u00a0vino koje reflektira autenti\u010dni pristup vinogradara i vinara.<\/p>\n","protected":false},"excerpt":{"rendered":"<p>Ako \u017eelite uvod u bosanskohercegova\u010dka vina, prvo ime koje vam treba pasti na pamet je Josip Brki\u0107. Jedan od pionira koji je ukrotio autohtone sorte poput \u017dilavke i Blatine.<\/p>\n","protected":false},"featured_media":6210,"template":"","meta":[],"product_brand":[],"product_cat":[66],"product_tag":[373,374,375],"class_list":{"0":"post-2580","1":"product","2":"type-product","3":"status-publish","4":"has-post-thumbnail","6":"product_cat-bijelo-vino","7":"product_tag-bosna-i-hercegovina","8":"product_tag-neretva","9":"product_tag-zilavka","10":"pa_berba-1633","11":"pa_drzava-bih","12":"pa_regija-middle-neretva","13":"pa_sorta-zilavka","14":"pa_vinarija-brkic","15":"pa_vrste-vina-bijelo-vino","17":"first","18":"instock","19":"sale","20":"shipping-taxable","21":"purchasable","22":"product-type-simple"},"_links":{"self":[{"href":"https:\/\/enozoik.com\/en\/wp-json\/wp\/v2\/product\/2580","targetHints":{"allow":["GET"]}}],"collection":[{"href":"https:\/\/enozoik.com\/en\/wp-json\/wp\/v2\/product"}],"about":[{"href":"https:\/\/enozoik.com\/en\/wp-json\/wp\/v2\/types\/product"}],"wp:featuredmedia":[{"embeddable":true,"href":"https:\/\/enozoik.com\/en\/wp-json\/wp\/v2\/media\/6210"}],"wp:attachment":[{"href":"https:\/\/enozoik.com\/en\/wp-json\/wp\/v2\/media?parent=2580"}],"wp:term":[{"taxonomy":"product_brand","embeddable":true,"href":"https:\/\/enozoik.com\/en\/wp-json\/wp\/v2\/product_brand?post=2580"},{"taxonomy":"product_cat","embeddable":true,"href":"https:\/\/enozoik.com\/en\/wp-json\/wp\/v2\/product_cat?post=2580"},{"taxonomy":"product_tag","embeddable":true,"href":"https:\/\/enozoik.com\/en\/wp-json\/wp\/v2\/product_tag?post=2580"}],"curies":[{"name":"wp","href":"https:\/\/api.w.org\/{rel}","templated":true}]}}