{"id":2646,"date":"2018-04-25T02:40:10","date_gmt":"2018-04-25T02:40:10","guid":{"rendered":"https:\/\/enozoik.com\/enozoik2020\/product\/2015-schloss-vollrads-schlossberg-grosses-gewachs-rheingau-riesling\/"},"modified":"2025-12-22T18:33:15","modified_gmt":"2025-12-22T18:33:15","slug":"2021-schloss-vollrads-schlossberg-grosses-gewachs-rheingau-riesling","status":"publish","type":"product","link":"https:\/\/enozoik.com\/en\/product\/2021-schloss-vollrads-schlossberg-grosses-gewachs-rheingau-riesling\/","title":{"rendered":"2021 Schloss Vollrads Riesling Schlossberg Grosses Gew\u00e4chs Rheingau &#8211; kupi online"},"content":{"rendered":"<h3><strong>TKO?<\/strong><\/h3>\n<p>Schloss Vollrads, sa gotovo 800 godina iskustva u vinogradarenju, je jedno od najstarijih vinskih imanja u svijetu uop\u0107e (o \u010demu svjedo\u010di prvi u svijetu zabilje\u017een document o prodaji vina koji datira iz 1211. g.). Vinogradi se nalaze u samom srcu Rheingaua, regije gdje Riesling dose\u017ee svoj vrhunac ekspresije i nedosti\u017enu kvalitetu. 1728. g., prvi ikad u svijetu proizveden Kabinett dolazi upravo sa posjeda Schloss Vollrads.<\/p>\n<h3><strong>GDJE?<\/strong><\/h3>\n<p>U vinogradima Schloss Vollrads njeguje se samo jedna sorta, Riesling. Nalaze se izme\u0111u Rajne i \u0161umovitih bre\u017euljaka planine Taunus koji \u0161tite trsje od od hladnih sjevernih vjetrova. Smje\u0161tene na obroncima, loze koriste sve benefite ju\u017ene inklinacije maksimalno koriste\u0107i sun\u010devo zra\u010denje i osiguravaju\u0107i optimalne uvjete za idealno dozrijevanje gro\u017e\u0111a. \u00a0Prinosi su 40% ni\u017ei nego \u0161to to njema\u010dka vinska legislativa zahtijeva.<\/p>\n<h3><strong>ZA\u0160TO?<\/strong><\/h3>\n<p>Riesling sa starih loza i \u00a0\u010duvene pozicije Schlossberg \u2013 vinograda u ekskluzivnom vlasni\u0161tvu Schloss Vollrads \u0161to u prijevodu zna\u010di duboko korijenje, puno ru\u010dnog rada, niski prinosi te elaborirani pristup kako gro\u017e\u0111u tako i vinu. Akronim GG (Greath Growth) ujedno ozna\u010dava i suha premium vina intenzivno \u010dvrstog tijela i fantasti\u010dne strukture. Vina koja zahtijevaju odle\u017eavanje kako bi dosegla svoj puni potencijal, remekdjela koja vjerno reflektiraju ovaj unikatan terroir.<\/p>\n<h3><\/h3>\n","protected":false},"excerpt":{"rendered":"<p>Riesling sa starih loza i \u00a0\u010duvene pozicije Schlossberg \u2013 vinograda u ekskluzivnom vlasni\u0161tvu Schloss Vollrads.\u00a0Akronim GG (Greath Growth) ujedno ozna\u010dava i suha premium vina intenzivno \u010dvrstog tijela i fantasti\u010dne strukture.<\/p>\n","protected":false},"featured_media":2647,"template":"","meta":[],"product_brand":[],"product_cat":[66],"product_tag":[404,405,88,365,89,406],"class_list":{"0":"post-2646","1":"product","2":"type-product","3":"status-publish","4":"has-post-thumbnail","6":"product_cat-bijelo-vino","7":"product_tag-gg","8":"product_tag-grosses-gewachs","9":"product_tag-njemacka","10":"product_tag-rheingau","11":"product_tag-riesling","12":"product_tag-vdp","13":"pa_berba-1427","14":"pa_drzava-njemacka","15":"pa_regija-rheingau","16":"pa_sorta-riesling","17":"pa_vinarija-schloss-vollrads","18":"pa_vrste-vina-bijelo-vino","20":"first","21":"instock","22":"shipping-taxable","23":"purchasable","24":"product-type-simple"},"_links":{"self":[{"href":"https:\/\/enozoik.com\/en\/wp-json\/wp\/v2\/product\/2646","targetHints":{"allow":["GET"]}}],"collection":[{"href":"https:\/\/enozoik.com\/en\/wp-json\/wp\/v2\/product"}],"about":[{"href":"https:\/\/enozoik.com\/en\/wp-json\/wp\/v2\/types\/product"}],"wp:featuredmedia":[{"embeddable":true,"href":"https:\/\/enozoik.com\/en\/wp-json\/wp\/v2\/media\/2647"}],"wp:attachment":[{"href":"https:\/\/enozoik.com\/en\/wp-json\/wp\/v2\/media?parent=2646"}],"wp:term":[{"taxonomy":"product_brand","embeddable":true,"href":"https:\/\/enozoik.com\/en\/wp-json\/wp\/v2\/product_brand?post=2646"},{"taxonomy":"product_cat","embeddable":true,"href":"https:\/\/enozoik.com\/en\/wp-json\/wp\/v2\/product_cat?post=2646"},{"taxonomy":"product_tag","embeddable":true,"href":"https:\/\/enozoik.com\/en\/wp-json\/wp\/v2\/product_tag?post=2646"}],"curies":[{"name":"wp","href":"https:\/\/api.w.org\/{rel}","templated":true}]}}