{"id":2693,"date":"2018-05-16T01:31:54","date_gmt":"2018-05-16T01:31:54","guid":{"rendered":"https:\/\/enozoik.com\/enozoik2020\/product\/2016-giant-steps-chardonnay-yarra-valley-kupi-online\/"},"modified":"2026-04-06T21:57:44","modified_gmt":"2026-04-06T21:57:44","slug":"2022-giant-steps-chardonnay-yarra-valley-kupi-online","status":"publish","type":"product","link":"https:\/\/enozoik.com\/en\/product\/2022-giant-steps-chardonnay-yarra-valley-kupi-online\/","title":{"rendered":"2022 Giant Steps Chardonnay Yarra Valley Victoria &#8211; kupi online"},"content":{"rendered":"<h3><strong>TKO?<\/strong><\/h3>\n<p>Giant Steps je vinarija u vlasni\u0161tvu Phil Sextona. Zavidnu reputaciju stekla je proizvodnjom nekih od najkonzistentnijih i najuzbudljivijih vina iz vlastitih vinograda u \u00a0Yarra Valley. Glavni enolog Steve Flamsteed i njegov tim streme kreirati vina koja \u0107e biti svojstvena ekspresija pojedinog polo\u017eaja, sorte ili godi\u0161ta, a koja neumitno podrazumijeva neprestani rad u vinogradu i minimalnu intervenciju u podrumu.<\/p>\n<h3><strong>GDJE?<\/strong><\/h3>\n<p>S povije\u0161\u0107u koja se\u017ee 175 godina unazad, nesumnjivo je da je Yarra Valley jedna od najslavnijih australskih podregija sa hladnim klimatom u regiji Victoria. Maksimalna suradnja s prirodom podrazumijeva kori\u0161tenje autohtonih kvasaca, upotrebu gravitacije umjesto pumpi te minimalno bistrenje i filtriranje. Ovakav pristup daje izrazito autenti\u010dna vina koja reflektiraju klimat, tlo i topografiju Yarra Valley.<\/p>\n<h3><strong>ZA\u0160TO?<\/strong><\/h3>\n<p>Elegantan, profinjen i delikatan Chardonnay kojeg krase klasi\u010dni elementi poput sorbeta od limuna, bijele breskve i nektarina poduprtih notama marcipana, finih nota hrasta i lje\u0161njaka. Hrskave kiseline na stra\u017enjem nepcu osiguravaju osvje\u017eavaju\u0107i, \u010disti i precizan zavr\u0161etak. Imponira izda\u0161no\u0161\u0107u na srednjem nepcu te suptilnom kremozno\u0161\u0107u koja osna\u017euje teksturalni dojam koji \u0107e starenjem bivati dodatno nagla\u0161en.<\/p>\n<h3><\/h3>\n","protected":false},"excerpt":{"rendered":"<p>S povije\u0161\u0107u koja se\u017ee 175 godina unazad, nesumnjivo je da je Yarra Valley jedna od najslavnijih australskih podregija sa hladnim klimatom u regiji Victoria.<\/p>\n","protected":false},"featured_media":2694,"template":"","meta":[],"product_brand":[],"product_cat":[66,86],"product_tag":[124,440,441,442],"class_list":{"0":"post-2693","1":"product","2":"type-product","3":"status-publish","4":"has-post-thumbnail","6":"product_cat-bijelo-vino","7":"product_cat-nas-izbor","8":"product_tag-australija","9":"product_tag-giant-steps","10":"product_tag-victoria","11":"product_tag-yarra-valley","12":"pa_berba-1541","13":"pa_drzava-australija","14":"pa_regija-victoria","15":"pa_regija-yarra-valley","16":"pa_sorta-chardonnay","17":"pa_vinarija-giant-steps","18":"pa_vrste-vina-bijelo-vino","20":"first","21":"instock","22":"shipping-taxable","23":"purchasable","24":"product-type-simple"},"_links":{"self":[{"href":"https:\/\/enozoik.com\/en\/wp-json\/wp\/v2\/product\/2693","targetHints":{"allow":["GET"]}}],"collection":[{"href":"https:\/\/enozoik.com\/en\/wp-json\/wp\/v2\/product"}],"about":[{"href":"https:\/\/enozoik.com\/en\/wp-json\/wp\/v2\/types\/product"}],"wp:featuredmedia":[{"embeddable":true,"href":"https:\/\/enozoik.com\/en\/wp-json\/wp\/v2\/media\/2694"}],"wp:attachment":[{"href":"https:\/\/enozoik.com\/en\/wp-json\/wp\/v2\/media?parent=2693"}],"wp:term":[{"taxonomy":"product_brand","embeddable":true,"href":"https:\/\/enozoik.com\/en\/wp-json\/wp\/v2\/product_brand?post=2693"},{"taxonomy":"product_cat","embeddable":true,"href":"https:\/\/enozoik.com\/en\/wp-json\/wp\/v2\/product_cat?post=2693"},{"taxonomy":"product_tag","embeddable":true,"href":"https:\/\/enozoik.com\/en\/wp-json\/wp\/v2\/product_tag?post=2693"}],"curies":[{"name":"wp","href":"https:\/\/api.w.org\/{rel}","templated":true}]}}