{"id":2751,"date":"2018-06-21T02:54:57","date_gmt":"2018-06-21T02:54:57","guid":{"rendered":"https:\/\/enozoik.com\/enozoik2020\/product\/2016-kopjar-sauvignon-zlatar-kupi-online\/"},"modified":"2025-09-08T14:59:47","modified_gmt":"2025-09-08T14:59:47","slug":"20234-kopjar-sauvignon-zlatar-kupi-online","status":"publish","type":"product","link":"https:\/\/enozoik.com\/en\/product\/20234-kopjar-sauvignon-zlatar-kupi-online\/","title":{"rendered":"2024 Kopjar Sauvignon Blanc Zagorje-Me\u0111imurje, Zlatar &#8211; kupi online"},"content":{"rendered":"<h3><strong>TKO?<\/strong><\/h3>\n<p>Vinarija Kopjar u kratkom se vremenu pozicionirala u sami vrh hrvatske vinske scene. Vinogradi (zasa\u0111eni 2005.g.) se u potpunosti njeguju prema ekolo\u0161kim uzusima dok vlasnik, g. Robert Kopjar se u cijeli projekt uklju\u010dio 2012. g. U ovakvom re\u017eimu udio ljudskog rada vi\u0161estruko je ve\u0107i a za\u0161tita loze puno zahtjevnija no krajnji rezultat je izuzetno kvalitetno gro\u017e\u0111e koja daje autenti\u010dna, kompleksna vina s nagla\u0161enim osje\u0107ajem za terroir.<\/p>\n<h3><strong>GDJE?<\/strong><\/h3>\n<p>Vinogradi (ju\u017ene i jugoisto\u010dne ekspozicije smje\u0161teni na 250-260 m.n.v.) \u00a0i vinski podrum nalaze se na samom rubu Vara\u017edinske \u017eupanije, na granici s Krapinsko zagorskom \u017eupanijom u mjestu Pece. Na 4,5ha vlastitih nasada (cca 22.000 \u010dokota) gaje prete\u017eito bijeli sortiment. Redukcija prinosa (zelena berba) je redovita mjera a ve\u0107ina vina se njeguje na finim talozima u inox ili velikim hrastovim ba\u010dvama.<\/p>\n<h3><strong>ZA\u0160TO?<\/strong><\/h3>\n<p>Mo\u017eda nije ubikvist u mjeri u kojoj je to Chardonnay ali kozmopolitski duh Sauvignon Blanca u\u010dinio ga je internacionalno popularnom te lako \u010ditljivom sortom. Od brojnih danas poznatih interpretacija, Kopjarov Sauvignon mo\u017eda najvi\u0161e naginje\u00a0ka \u0161tajerskom\u00a0 stilu \u0161to u prijevodu zna\u010di zreliji, dublji nos te serioznije, konkretnije tijelo. Odaju ga zavodljivost cvijeta bazge, herbalnost koprive i svje\u017ee poko\u0161ene trave te vo\u0107nost ogrozda i marakuje. Varljive visokoproto\u010dnosti.<\/p>\n<h3><\/h3>\n<p>&nbsp;<\/p>\n","protected":false},"excerpt":{"rendered":"<p>Odaju ga zavodljivost cvijeta bazge, herbalnost koprive i svje\u017ee poko\u0161ene trave te vo\u0107nost ogrozda i marakuje. Varljive visokoproto\u010dnosti.<\/p>\n","protected":false},"featured_media":2752,"template":"","meta":[],"product_brand":[],"product_cat":[66],"product_tag":[476,101,487,481],"class_list":{"0":"post-2751","1":"product","2":"type-product","3":"status-publish","4":"has-post-thumbnail","6":"product_cat-bijelo-vino","7":"product_tag-kopjar","8":"product_tag-sauvignon-blanc","9":"product_tag-zagorje-medimurje","10":"product_tag-zlatar","11":"pa_berba-2076","12":"pa_drzava-hrvatska","13":"pa_regija-zagorje-medimurje-zlatar","14":"pa_sorta-sauvignon-blanc","15":"pa_vinarija-kopjar","16":"pa_vrste-vina-bijelo-vino","18":"first","19":"instock","20":"shipping-taxable","21":"purchasable","22":"product-type-simple"},"_links":{"self":[{"href":"https:\/\/enozoik.com\/en\/wp-json\/wp\/v2\/product\/2751","targetHints":{"allow":["GET"]}}],"collection":[{"href":"https:\/\/enozoik.com\/en\/wp-json\/wp\/v2\/product"}],"about":[{"href":"https:\/\/enozoik.com\/en\/wp-json\/wp\/v2\/types\/product"}],"wp:featuredmedia":[{"embeddable":true,"href":"https:\/\/enozoik.com\/en\/wp-json\/wp\/v2\/media\/2752"}],"wp:attachment":[{"href":"https:\/\/enozoik.com\/en\/wp-json\/wp\/v2\/media?parent=2751"}],"wp:term":[{"taxonomy":"product_brand","embeddable":true,"href":"https:\/\/enozoik.com\/en\/wp-json\/wp\/v2\/product_brand?post=2751"},{"taxonomy":"product_cat","embeddable":true,"href":"https:\/\/enozoik.com\/en\/wp-json\/wp\/v2\/product_cat?post=2751"},{"taxonomy":"product_tag","embeddable":true,"href":"https:\/\/enozoik.com\/en\/wp-json\/wp\/v2\/product_tag?post=2751"}],"curies":[{"name":"wp","href":"https:\/\/api.w.org\/{rel}","templated":true}]}}