{"id":2774,"date":"2018-07-19T01:00:16","date_gmt":"2018-07-19T01:00:16","guid":{"rendered":"https:\/\/enozoik.com\/enozoik2020\/product\/2017-gasper-pinot-sivi-goriska-brda-kupi-online\/"},"modified":"2025-11-11T20:57:00","modified_gmt":"2025-11-11T20:57:00","slug":"2024-gasper-pinot-sivi-goriska-brda-kupi-online","status":"publish","type":"product","link":"https:\/\/enozoik.com\/en\/product\/2024-gasper-pinot-sivi-goriska-brda-kupi-online\/","title":{"rendered":"2024 Ga\u0161per Pinot Grigio Gori\u0161ka Brda &#8211; kupi online"},"content":{"rendered":"<h3><strong>TKO?<\/strong><\/h3>\n<p>Ga\u0161per se smjestio u Gori\u0161kim Brdima koja su dio ve\u0107e regije Primorska, na zapadnoj granici Slovenije sa sjeveroisto\u010dnom Italijom. Gori\u0161ka Brda su blagoslovljena idealnim klimatom pogodnim za vinogradarenje zbog svoje blizine Jadranskom moru i Alpama koji osiguravaju suha, topla ljeta sa hladnim povjetarcem koji hladi grozdove tijekom zriobe.<\/p>\n<h3><strong>GDJE?<\/strong><\/h3>\n<p>Vinogradi su starosti izme\u0111u 10 i 25 g. koje karakterizira tlo tvz. \u2018opoka\u2019 odnosno lapor i izvrsna izlo\u017eenost sun\u010devim zrakama na terasastim pozicijama. Nadmorska visina od 80-200 metara omogu\u0107ava gro\u017e\u0111u da zadr\u017ei prijeko potrebne kiseline i aromatiku. U berbi sudjeluju \u010dlanovi obitelji i naju\u017ei prijatelji \u010dime je omogu\u0107ena stroga selekcija samo idealno dozrelih grozdova \u0161to je preduvjet vrhunske kvalitete finalnog proizvoda.<\/p>\n<h3><strong>ZA\u0160TO?<\/strong><\/h3>\n<p>Jedna od najboljih vrijednosti za novac na koje smo nai\u0161li! Duboko ukorijenjene stare loze osiguravaju izvanrednu kvalitetu gro\u017e\u0111a osiguravaju\u0107i rasko\u0161 i obilje na nepcu, dodatno podcrtanu mineralno\u0161\u0107u i kompleksno\u0161\u0107u terroira sa kojeg dolazi. Nema veze sa brojnim supermarket vinima zbog kojih na\u017ealost ovu sortu pre\u010desto prati lo\u0161a reputacija. Nosom dominiraju arome kru\u0161ke, grejpa, ananasa\u00a0 sa natruhama cimeta. Izvarednog balansa sa zavr\u0161etkom u znaku citrusa.<\/p>\n<h3><\/h3>\n","protected":false},"excerpt":{"rendered":"<p>Jedna od najboljih vrijednosti za novac na koje smo nai\u0161li!\u00a0Nema veze sa brojnim supermarket vinima zbog kojih na\u017ealost ovu sortu pre\u010desto prati lo\u0161a reputacija.<\/p>\n","protected":false},"featured_media":6228,"template":"","meta":[],"product_brand":[],"product_cat":[66],"product_tag":[496,263,497,498,499,266],"class_list":{"0":"post-2774","1":"product","2":"type-product","3":"status-publish","4":"has-post-thumbnail","6":"product_cat-bijelo-vino","7":"product_tag-gasper","8":"product_tag-goriska-brda","9":"product_tag-pinot-grigio","10":"product_tag-pinot-gris","11":"product_tag-pinot-sivi","12":"product_tag-slovenija","13":"pa_berba-2076","14":"pa_drzava-slovenija","15":"pa_regija-goriska-brda","16":"pa_sorta-pinot-grigio","17":"pa_vinarija-gasper","18":"pa_vrste-vina-bijelo-vino","20":"first","21":"instock","22":"shipping-taxable","23":"purchasable","24":"product-type-simple"},"_links":{"self":[{"href":"https:\/\/enozoik.com\/en\/wp-json\/wp\/v2\/product\/2774","targetHints":{"allow":["GET"]}}],"collection":[{"href":"https:\/\/enozoik.com\/en\/wp-json\/wp\/v2\/product"}],"about":[{"href":"https:\/\/enozoik.com\/en\/wp-json\/wp\/v2\/types\/product"}],"wp:featuredmedia":[{"embeddable":true,"href":"https:\/\/enozoik.com\/en\/wp-json\/wp\/v2\/media\/6228"}],"wp:attachment":[{"href":"https:\/\/enozoik.com\/en\/wp-json\/wp\/v2\/media?parent=2774"}],"wp:term":[{"taxonomy":"product_brand","embeddable":true,"href":"https:\/\/enozoik.com\/en\/wp-json\/wp\/v2\/product_brand?post=2774"},{"taxonomy":"product_cat","embeddable":true,"href":"https:\/\/enozoik.com\/en\/wp-json\/wp\/v2\/product_cat?post=2774"},{"taxonomy":"product_tag","embeddable":true,"href":"https:\/\/enozoik.com\/en\/wp-json\/wp\/v2\/product_tag?post=2774"}],"curies":[{"name":"wp","href":"https:\/\/api.w.org\/{rel}","templated":true}]}}