{"id":2796,"date":"2018-08-21T00:01:24","date_gmt":"2018-08-21T00:01:24","guid":{"rendered":"https:\/\/enozoik.com\/enozoik2020\/product\/2017-kopjar-muskat-zuti-zlatar-kupi-online\/"},"modified":"2025-09-23T19:58:32","modified_gmt":"2025-09-23T19:58:32","slug":"2024-kopjar-muskat-zuti-zlatar-kupi-online","status":"publish","type":"product","link":"https:\/\/enozoik.com\/en\/product\/2024-kopjar-muskat-zuti-zlatar-kupi-online\/","title":{"rendered":"2024 Kopjar Mu\u0161kat \u017duti Zagorje-Me\u0111imurje, Zlatar &#8211; kupi online"},"content":{"rendered":"<h3><strong>TKO?<\/strong><\/h3>\n<p>Vinarija Kopjar u kratkom se vremenu pozicionirala u sami vrh hrvatske vinske scene. Vinogradi (zasa\u0111eni 2005.g.) se u potpunosti njeguju prema ekolo\u0161kim uzusima dok vlasnik, g. Robert Kopjar se u cijeli projekt uklju\u010dio 2012. g. U ovakvom re\u017eimu udio ljudskog rada vi\u0161estruko je ve\u0107i a za\u0161tita loze puno zahtjevnija no krajnji rezultat je izuzetno kvalitetno gro\u017e\u0111e koja daje autenti\u010dna, kompleksna vina s nagla\u0161enim osje\u0107ajem za terroir.<\/p>\n<h3><strong>GDJE?<\/strong><\/h3>\n<p>Vinogradi (ju\u017ene i jugoisto\u010dne ekspozicije smje\u0161teni na 250-260 m.n.v.) \u00a0i vinski podrum nalaze se na samom rubu Vara\u017edinske \u017eupanije, na granici s Krapinsko zagorskom \u017eupanijom u mjestu Pece. Na 4,5ha vlastitih nasada (cca 22.000 \u010dokota) gaje prete\u017eito bijeli sortiment. Redukcija prinosa (zelena berba) je redovita mjera a ve\u0107ina vina se njeguje na finim talozima u inox ili velikim hrastovim ba\u010dvama.<\/p>\n<h3><strong>ZA\u0160TO?<\/strong><\/h3>\n<p>Mu\u0161kat \u017duti pripada u skupinu aromati\u010dnih sorata. Ekspresivnog nosa, ovaj Mu\u0161kat zavodi opojno\u0161\u0107u svog aromatskog spektra. Prekrasan amalgam bijelog i \u017eutog cvije\u0107a, latica ru\u017ea i lycheea te tipi\u010dnih mu\u0161katno-gro\u017e\u0111anih nota koje kompletiraju njegov \u0161armantni nastup. Neprevreli slador zahvaljuju\u0107i sna\u017enim kiselinama nipo\u0161to ne ostavlja dojam sirupastosti ve\u0107 cjelokupnoj kompoziciji daju dojam slasnosti.<\/p>\n","protected":false},"excerpt":{"rendered":"<p>Mu\u0161kat \u017duti pripada u skupinu aromati\u010dnih sorata. Ekspresivnog nosa, ovaj Mu\u0161kat zavodi opojno\u0161\u0107u svog aromatskog spektra.<\/p>\n","protected":false},"featured_media":2797,"template":"","meta":[],"product_brand":[],"product_cat":[66,289],"product_tag":[476,508,509,487,481],"class_list":{"0":"post-2796","1":"product","2":"type-product","3":"status-publish","4":"has-post-thumbnail","6":"product_cat-bijelo-vino","7":"product_cat-slatko-vino","8":"product_tag-kopjar","9":"product_tag-muskat-zuti","10":"product_tag-slatko","11":"product_tag-zagorje-medimurje","12":"product_tag-zlatar","13":"pa_berba-2076","14":"pa_drzava-hrvatska","15":"pa_regija-zagorje-medimurje-zlatar","16":"pa_sorta-muskat-zuti","17":"pa_vinarija-kopjar","18":"pa_vrste-vina-poluslatko","20":"first","21":"instock","22":"shipping-taxable","23":"purchasable","24":"product-type-simple"},"_links":{"self":[{"href":"https:\/\/enozoik.com\/en\/wp-json\/wp\/v2\/product\/2796","targetHints":{"allow":["GET"]}}],"collection":[{"href":"https:\/\/enozoik.com\/en\/wp-json\/wp\/v2\/product"}],"about":[{"href":"https:\/\/enozoik.com\/en\/wp-json\/wp\/v2\/types\/product"}],"wp:featuredmedia":[{"embeddable":true,"href":"https:\/\/enozoik.com\/en\/wp-json\/wp\/v2\/media\/2797"}],"wp:attachment":[{"href":"https:\/\/enozoik.com\/en\/wp-json\/wp\/v2\/media?parent=2796"}],"wp:term":[{"taxonomy":"product_brand","embeddable":true,"href":"https:\/\/enozoik.com\/en\/wp-json\/wp\/v2\/product_brand?post=2796"},{"taxonomy":"product_cat","embeddable":true,"href":"https:\/\/enozoik.com\/en\/wp-json\/wp\/v2\/product_cat?post=2796"},{"taxonomy":"product_tag","embeddable":true,"href":"https:\/\/enozoik.com\/en\/wp-json\/wp\/v2\/product_tag?post=2796"}],"curies":[{"name":"wp","href":"https:\/\/api.w.org\/{rel}","templated":true}]}}