{"id":3027,"date":"2019-01-30T22:03:56","date_gmt":"2019-01-30T22:03:56","guid":{"rendered":"https:\/\/enozoik.com\/enozoik2020\/product\/nv-valdespino-fino-oloroso-solera-1842-vos-sherry-jerez-andalucia-kupi-online\/"},"modified":"2025-12-03T02:26:05","modified_gmt":"2025-12-03T02:26:05","slug":"nv-valdespino-fino-oloroso-solera-1842-vos-sherry-jerez-andalucia-kupi-online","status":"publish","type":"product","link":"https:\/\/enozoik.com\/en\/product\/nv-valdespino-fino-oloroso-solera-1842-vos-sherry-jerez-andalucia-kupi-online\/","title":{"rendered":"NV Valdespino Oloroso &#8216;Solera 1842&#8217; VOS Sherry, Jerez, Andalucia 0.5L &#8211; kupi online"},"content":{"rendered":"<h3><strong>TKO?<\/strong><\/h3>\n<p>Valdespino, jedan od najstarijih te svega jedan od nekolicine obiteljskih proizvo\u0111a\u010da u Jerezu. Alfonso Valdespino je bio vitez koji se uz kralja Alfonsa X borio za grad Jerez protiv Arapa davne 1264.g. Kao nagradu za njegovu po\u017ertvovnost darovana mu je zemlja u Jerezu. Danas je Valdespino u vlasni\u0161tvu obitelji Estevez koja posjeduje 750 ha pod nasadima te jedna od rijetkih koja radi \u201csingle vineyard\u201d Sherrye.<\/p>\n<h3><strong>GDJE?<\/strong><\/h3>\n<p>Vinogradi su smje\u0161teni u Jerezu. Bijelo &#8216;albariza&#8217; tlo, tipi\u010dno za Jerez, sa\u010dinjeno je od slojeva zemlje i bogato morskim fosilima. Zahvaljuju\u0107i visokom sadr\u017eaju kalcijevog karbonata, njegova glinasta tekstura se ne raspada; u vla\u017enom stanju je mekana te upija vodu poput spu\u017eve. Kada se osu\u0161i formira tvrdi sloj koji sprije\u010dava evaporaciju (isu\u0161ivanje) \u0161to poti\u010de razvoj korijenja koje ponekad se\u017ee do \u010detiri metra dubine.<\/p>\n<h3><strong>ZA\u0160TO?<\/strong><\/h3>\n<p>Valdespino &#8216;Solera 1842&#8217; V.O.S. \u2013 latinski akronim za Vinum Optimum Signatum (neslu\u017ebeni engleski ekvivalent bi bio Very Old Sherry). Radi se o 20 g. starom blendu suhog Olorosa kojem je dodano 8-10% slatkog, dugo odle\u017eavanog Pedro Xim\u00e9neza koji je zaslu\u017ean za 60 g\/l neprevrelog sladora u finalnom vinu. Bo\u017eanstvena integracija prirodnih sladora ovo vino \u010dini iznimno karakternim, idealnim za meditativne trenutke.<\/p>\n<h3><strong>Jancis Robinson \u2013 17\/20 pts<\/strong><\/h3>\n<h3><strong>International Wine Challenge 2019 &#8211; Gold Medal &amp; Medium Sherry Trophy<\/strong><\/h3>\n","protected":false},"excerpt":{"rendered":"<p>Valdespino &#8216;Solera 1842&#8217; V.O.S. \u2013 latinski akronim za Vinum Optimum Signatum (neslu\u017ebeni engleski ekvivalent bi bio Very Old Sherry).<\/p>\n","protected":false},"featured_media":6415,"template":"","meta":[],"product_brand":[],"product_cat":[288],"product_tag":[542,543,555,544,545,152],"class_list":{"0":"post-3027","1":"product","2":"type-product","3":"status-publish","4":"has-post-thumbnail","6":"product_cat-likersko-vino","7":"product_tag-andaluzija","8":"product_tag-jerez","9":"product_tag-palomino-fino","10":"product_tag-pedro-ximenez","11":"product_tag-sherry","12":"product_tag-spanjolska","13":"pa_berba-nv","14":"pa_drzava-spanjolska","15":"pa_regija-andalucia","16":"pa_sorta-90-palomino-fino-10-pedro-ximenez","17":"pa_vinarija-valdespino","18":"pa_vrste-vina-likersko-vino","20":"first","21":"instock","22":"shipping-taxable","23":"purchasable","24":"product-type-simple"},"_links":{"self":[{"href":"https:\/\/enozoik.com\/en\/wp-json\/wp\/v2\/product\/3027","targetHints":{"allow":["GET"]}}],"collection":[{"href":"https:\/\/enozoik.com\/en\/wp-json\/wp\/v2\/product"}],"about":[{"href":"https:\/\/enozoik.com\/en\/wp-json\/wp\/v2\/types\/product"}],"wp:featuredmedia":[{"embeddable":true,"href":"https:\/\/enozoik.com\/en\/wp-json\/wp\/v2\/media\/6415"}],"wp:attachment":[{"href":"https:\/\/enozoik.com\/en\/wp-json\/wp\/v2\/media?parent=3027"}],"wp:term":[{"taxonomy":"product_brand","embeddable":true,"href":"https:\/\/enozoik.com\/en\/wp-json\/wp\/v2\/product_brand?post=3027"},{"taxonomy":"product_cat","embeddable":true,"href":"https:\/\/enozoik.com\/en\/wp-json\/wp\/v2\/product_cat?post=3027"},{"taxonomy":"product_tag","embeddable":true,"href":"https:\/\/enozoik.com\/en\/wp-json\/wp\/v2\/product_tag?post=3027"}],"curies":[{"name":"wp","href":"https:\/\/api.w.org\/{rel}","templated":true}]}}