{"id":3033,"date":"2019-01-30T23:44:56","date_gmt":"2019-01-30T23:44:56","guid":{"rendered":"https:\/\/enozoik.com\/enozoik2020\/product\/nv-valdespino-amontillado-tio-diego-pago-de-macharnudo-sherry-jerez-andalucia-kupi-online\/"},"modified":"2025-09-20T13:09:30","modified_gmt":"2025-09-20T13:09:30","slug":"nv-valdespino-amontillado-tio-diego-pago-de-macharnudo-sherry-jerez-andalucia-kupi-online","status":"publish","type":"product","link":"https:\/\/enozoik.com\/en\/product\/nv-valdespino-amontillado-tio-diego-pago-de-macharnudo-sherry-jerez-andalucia-kupi-online\/","title":{"rendered":"NV Valdespino Amontillado &#8216;Tio Diego&#8217; Pago de Macharnudo Sherry, Jerez, Andalucia &#8211; kupi online"},"content":{"rendered":"<h3><strong>TKO?<\/strong><\/h3>\n<p>Valdespino, jedan od najstarijih te svega jedan od nekolicine obiteljskih proizvo\u0111a\u010da u Jerezu. Alfonso Valdespino je bio vitez koji se uz kralja Alfonsa X borio za grad Jerez protiv Arapa davne 1264.g. Kao nagradu za njegovu po\u017ertvovnost darovana mu je zemlja u Jerezu. Danas je Valdespino u vlasni\u0161tvu obitelji Estevez koja posjeduje 750 ha pod nasadima te jedna od rijetkih koja radi \u201csingle vineyard\u201d Sherrye.<\/p>\n<h3><strong>GDJE?<\/strong><\/h3>\n<p>Single vineyard (Pago) Macharnudo Alto je smje\u0161ten u tvz. \u2018High Jerez\u2019 zoni na 135 m iznad razine mora. Bijelo &#8216;albariza&#8217; tlo, tipi\u010dno za Jerez, sa\u010dinjeno je od slojeva zemlje i bogato morskim fosilima. Zahvaljuju\u0107i visokom sadr\u017eaju kalcijevog karbonata, njegova glinasta tekstura se ne raspada; u vla\u017enom stanju je mekana te upija vodu poput spu\u017eve. Kada se osu\u0161i formira tvrdi sloj koji sprije\u010dava evaporaciju (isu\u0161ivanje).<\/p>\n<h3><strong>ZA\u0160TO?<\/strong><\/h3>\n<p>Nakon fermentacije, Amontillado dozrijeva ispod sloja kvasaca zvanih &#8216;flor&#8217; vi\u0161e od 8 godina. Tijekom odle\u017eavanja, kako flor postupno odumire polako oksidativni procesi bivaju dominantni te Tio Diego nastavlja dodatnih 8 godina \u0161kolovanja prije buteljiranja. Nosom dominiraju arome lje\u0161njaka, zemlje, su\u0161enog vo\u0107a protkanih nitima kave, karamele i duhana. Jedinstvena fuzija razli\u010ditih tehnika odle\u017eavanja \u010dini ovaj Amontillado gotovo magi\u010dnim vinom.<\/p>\n<h3><strong>Wine Advocate \u2013 92 pts<\/strong><\/h3>\n<h3><strong>International Wine Challenge 2019 &#8211; Silver Medal<\/strong><\/h3>\n","protected":false},"excerpt":{"rendered":"<p>Jedinstvena fuzija razli\u010ditih tehnika odle\u017eavanja \u010dini ovaj Amontillado gotovo magi\u010dnim vinom.<\/p>\n","protected":false},"featured_media":3034,"template":"","meta":[],"product_brand":[],"product_cat":[288],"product_tag":[562,563,543,555,545,152],"class_list":{"0":"post-3033","1":"product","2":"type-product","3":"status-publish","4":"has-post-thumbnail","6":"product_cat-likersko-vino","7":"product_tag-amontillado","8":"product_tag-andalucia","9":"product_tag-jerez","10":"product_tag-palomino-fino","11":"product_tag-sherry","12":"product_tag-spanjolska","13":"pa_berba-nv","14":"pa_drzava-spanjolska","15":"pa_regija-andalucia","16":"pa_sorta-palomino-fino","17":"pa_vinarija-valdespino","18":"pa_vrste-vina-likersko-vino","20":"first","21":"instock","22":"shipping-taxable","23":"purchasable","24":"product-type-simple"},"_links":{"self":[{"href":"https:\/\/enozoik.com\/en\/wp-json\/wp\/v2\/product\/3033","targetHints":{"allow":["GET"]}}],"collection":[{"href":"https:\/\/enozoik.com\/en\/wp-json\/wp\/v2\/product"}],"about":[{"href":"https:\/\/enozoik.com\/en\/wp-json\/wp\/v2\/types\/product"}],"wp:featuredmedia":[{"embeddable":true,"href":"https:\/\/enozoik.com\/en\/wp-json\/wp\/v2\/media\/3034"}],"wp:attachment":[{"href":"https:\/\/enozoik.com\/en\/wp-json\/wp\/v2\/media?parent=3033"}],"wp:term":[{"taxonomy":"product_brand","embeddable":true,"href":"https:\/\/enozoik.com\/en\/wp-json\/wp\/v2\/product_brand?post=3033"},{"taxonomy":"product_cat","embeddable":true,"href":"https:\/\/enozoik.com\/en\/wp-json\/wp\/v2\/product_cat?post=3033"},{"taxonomy":"product_tag","embeddable":true,"href":"https:\/\/enozoik.com\/en\/wp-json\/wp\/v2\/product_tag?post=3033"}],"curies":[{"name":"wp","href":"https:\/\/api.w.org\/{rel}","templated":true}]}}