{"id":3161,"date":"2019-05-01T21:29:50","date_gmt":"2019-05-01T21:29:50","guid":{"rendered":"https:\/\/enozoik.com\/enozoik2020\/product\/2015-clos-des-fous-locura-1-alto-cachapoal-chardonnay-buy-online\/"},"modified":"2026-05-04T00:34:13","modified_gmt":"2026-05-04T00:34:13","slug":"2023-clos-des-fous-locura-1-malleco-valley-chardonnay-buy-online","status":"publish","type":"product","link":"https:\/\/enozoik.com\/en\/product\/2023-clos-des-fous-locura-1-malleco-valley-chardonnay-buy-online\/","title":{"rendered":"2023 Clos Des Fous \u2018Locura 1\u2019 Chardonnay Malleco Valley \u2013 kupi online"},"content":{"rendered":"<h3><strong>TKO?<\/strong><\/h3>\n<p>Clos des Fous je uzbudljiv projekt kojeg vode \u010detiri \u010dileanca: Pedro Parra (vinogradar i pedolog, tako\u0111er osoba zaslu\u017ena za otkrivanje mnogih iznimnih mikrolokaliteta diljem \u010cilea), Fran\u00e7ois Massoc i Paco Leyton (enolozi) te Albert Cussen koji se brine svim detaljima vezanim za poslovanje. \u2018Fous\u2019 je francuski termin za lu\u0111aka, pojam koji fantasti\u010dno opisuje njihov fanatizam i neumorni duh u nadila\u017eenju tradicionalnih vinogradarskih limita u \u010cileu kako bi uzgojili gro\u0111\u017ee u vinogradima koji se nalaze u ekstremnim uvjetima. Doslovce preto\u010deni\u00a0<em>terroir<\/em>\u00a0u \u010da\u0161i.<\/p>\n<h3><strong>GDJE?<\/strong><\/h3>\n<p>Sama vinarija je smje\u0161tena u Maule dolini dok konkretno ovaj Chardonnay dolazi sa vapnena\u010dkog tla u dolini Malleco, trenutno jednoj od najuzbudljivijih i najsjevernijih vinogradarskih regija u \u010cileu, pozicioniranoj 350 km sjeverno od glavnog grada Santiaga. Usprkos relativnoj blizini ekvatora, magla svakog jutra poput prekriva\u010da natkriva vinograde u Malleco dolini \u0161to gro\u017e\u0111u omogu\u0107ava zadr\u017eavanje kiselina.<\/p>\n<h3><strong>ZA\u0160TO?<\/strong><\/h3>\n<p>\u201c\u010cetiri prijatelja\u201d definiraju berbu 2021 Locura 1 kao moderan Chardonnay koji je odle\u017eavao na finim kvascima gotovo godinu dana i buteljiran je bez provedene malolakti\u010dne fermentacije. Velika novost jest da gro\u017e\u0111e dolazi iz ve\u0107 spomenute Malleco doline, dok je prije dolazilo iz vinograda u Alto Cachapoal. Nosom dominiraju arome bijelih bresaka, kru\u0161aka te bijelog cvije\u0107a \u010dije se reminiscencije javljaju i na nepcu. Kompleksno i savr\u0161eno balansirano, sa strukturiranim kiselinama koje vode u dugi, mineralni zavr\u0161etak sa diskretnom dozom masla\u010dnosti.<\/p>\n<h3><\/h3>\n","protected":false},"excerpt":{"rendered":"<p>Sama vinarija je smje\u0161tena u Maule dolini dok konkretno ovaj Chardonnay dolazi sa vapnena\u010dkog tla u dolini Limari, trenutno jednoj od najuzbudljivijih i najsjevernijih vinogradarskih regija u \u010cileu, pozicioniranoj 350 km sjeverno od glavnog grada Santiaga.<\/p>\n","protected":false},"featured_media":3162,"template":"","meta":[],"product_brand":[],"product_cat":[66],"product_tag":[29,620,621,622,1346],"class_list":{"0":"post-3161","1":"product","2":"type-product","3":"status-publish","4":"has-post-thumbnail","6":"product_cat-bijelo-vino","7":"product_tag-chardonnay","8":"product_tag-chile","9":"product_tag-cile","10":"product_tag-clos-des-fous","11":"product_tag-limari-valley","12":"pa_berba-1633","13":"pa_drzava-cile","14":"pa_regija-malleco-valley","15":"pa_sorta-chardonnay","16":"pa_vinarija-clos-des-fous","17":"pa_vrste-vina-bijelo-vino","19":"first","20":"outofstock","21":"shipping-taxable","22":"purchasable","23":"product-type-simple"},"_links":{"self":[{"href":"https:\/\/enozoik.com\/en\/wp-json\/wp\/v2\/product\/3161","targetHints":{"allow":["GET"]}}],"collection":[{"href":"https:\/\/enozoik.com\/en\/wp-json\/wp\/v2\/product"}],"about":[{"href":"https:\/\/enozoik.com\/en\/wp-json\/wp\/v2\/types\/product"}],"wp:featuredmedia":[{"embeddable":true,"href":"https:\/\/enozoik.com\/en\/wp-json\/wp\/v2\/media\/3162"}],"wp:attachment":[{"href":"https:\/\/enozoik.com\/en\/wp-json\/wp\/v2\/media?parent=3161"}],"wp:term":[{"taxonomy":"product_brand","embeddable":true,"href":"https:\/\/enozoik.com\/en\/wp-json\/wp\/v2\/product_brand?post=3161"},{"taxonomy":"product_cat","embeddable":true,"href":"https:\/\/enozoik.com\/en\/wp-json\/wp\/v2\/product_cat?post=3161"},{"taxonomy":"product_tag","embeddable":true,"href":"https:\/\/enozoik.com\/en\/wp-json\/wp\/v2\/product_tag?post=3161"}],"curies":[{"name":"wp","href":"https:\/\/api.w.org\/{rel}","templated":true}]}}