{"id":3189,"date":"2019-05-13T23:40:52","date_gmt":"2019-05-13T23:40:52","guid":{"rendered":"https:\/\/enozoik.com\/enozoik2020\/product\/2018-spice-route-chenin-blanc-swartland-coastal-region-kupi-online\/"},"modified":"2026-01-30T12:39:25","modified_gmt":"2026-01-30T12:39:25","slug":"2023-spice-route-chenin-blanc-swartland-coastal-region-kupi-online","status":"publish","type":"product","link":"https:\/\/enozoik.com\/en\/product\/2023-spice-route-chenin-blanc-swartland-coastal-region-kupi-online\/","title":{"rendered":"2023 Spice Route Chenin Blanc Swartland, Coastal Region &#8211; kupi online"},"content":{"rendered":"<h3><strong>TKO?<\/strong><\/h3>\n<p>Charles Back je bio doslovce prvi poroizvo\u0111a\u010d u Swartlandu kad je zapo\u010deo projekt Spice Route 1998. g. \u201cBez njega, Swartland bi i dalje bio smatran kao seoska \u017eabokre\u010dina\u201d svojedobno je Charlesu apologizirao \u00a0Tim Atkin, MW. Danas je regija izvor mnogih ju\u017enoafri\u010dkih izvanrednih vina no me\u0111utim Spice Route ostaje kao jedna od najpouzdanijih vinarija apelacije, ponajvi\u0161e zahvaljuju\u0107i \u010dinjenici \u0161to posjeduju vlastite nasade. Enolog Charl du Plessis je Charlesu vjeran suputnik ve\u0107 15 godina.<\/p>\n<h3><strong>GDJE?<\/strong><\/h3>\n<p>Spice Route ima 100 ha pod nasadima u Malmesburyu i Darlingu. Ovaj Chenin Blanc dolazi sa loza zasa\u0111enih 1978. G. u Swartlandu. Vinogradi nisu navodnjavani dok je uzgojni oblik grmolik te su zasa\u0111eni na tvz. <em>koffieklip<\/em> tipu tla (degradiraju\u0107i granit i \u017eeljezom bogata glina) \u0161to rezultira izda\u0161nim, korpulentnim vinima. Tome dodatno pridonosi \u010dinjenica da su prinosi poslovi\u010dno niski (4 t\/ha) a grozdovi krcati aromama i ekstraktom.<\/p>\n<h3><strong>ZA\u0160TO?<\/strong><\/h3>\n<p>Izvanredno slojevit Chenin Blanc pokazuje za\u0161to se ova sorta iznimno dobro adaptirala na ju\u017enoafri\u010dki klimat. Gro\u017e\u0111e je brano u razli\u010ditim stadijima zrelosti. Ranije brana polovica je fermentirana u inoxu kako bi se sa\u010duvala svje\u017eina i elegancija dok kasnije ubrani ostatak (grozdovi pro\u0161arani botrytisom i suhvicama) je fermentirao i odle\u017eavao u rabljenim francuskim baricima. Rezultat je rasko\u0161no, gotovo uljasto vino svilene teksture s notama zrelih kru\u0161aka i pe\u010denih jabuka gdje sortnost nije prekrivena sna\u017enim utjecajem drva ostavljaju\u0107i prostor ekspresiji vo\u0107a.<\/p>\n<h3><\/h3>\n","protected":false},"excerpt":{"rendered":"<p>Izvanredno slojevit Chenin Blanc (ili Steen kako ga ovdje vole nazivati) pokazuje za\u0161to se ova sorta iznimno dobro adaptirala na ju\u017enoafri\u010dki klimat.<\/p>\n","protected":false},"featured_media":5096,"template":"","meta":[],"product_brand":[],"product_cat":[66],"product_tag":[657,641,644,658,645],"class_list":{"0":"post-3189","1":"product","2":"type-product","3":"status-publish","4":"has-post-thumbnail","6":"product_cat-bijelo-vino","7":"product_tag-chenin-blanc","8":"product_tag-coastal-region","9":"product_tag-spice-route","10":"product_tag-steen","11":"product_tag-swartland","12":"pa_berba-1633","13":"pa_drzava-juznoafricka-republika","14":"pa_regija-swartland-coastal-region","15":"pa_sorta-chenin-blanc","16":"pa_vinarija-spice-route","17":"pa_vrste-vina-bijelo-vino","19":"first","20":"instock","21":"shipping-taxable","22":"purchasable","23":"product-type-simple"},"_links":{"self":[{"href":"https:\/\/enozoik.com\/en\/wp-json\/wp\/v2\/product\/3189","targetHints":{"allow":["GET"]}}],"collection":[{"href":"https:\/\/enozoik.com\/en\/wp-json\/wp\/v2\/product"}],"about":[{"href":"https:\/\/enozoik.com\/en\/wp-json\/wp\/v2\/types\/product"}],"wp:featuredmedia":[{"embeddable":true,"href":"https:\/\/enozoik.com\/en\/wp-json\/wp\/v2\/media\/5096"}],"wp:attachment":[{"href":"https:\/\/enozoik.com\/en\/wp-json\/wp\/v2\/media?parent=3189"}],"wp:term":[{"taxonomy":"product_brand","embeddable":true,"href":"https:\/\/enozoik.com\/en\/wp-json\/wp\/v2\/product_brand?post=3189"},{"taxonomy":"product_cat","embeddable":true,"href":"https:\/\/enozoik.com\/en\/wp-json\/wp\/v2\/product_cat?post=3189"},{"taxonomy":"product_tag","embeddable":true,"href":"https:\/\/enozoik.com\/en\/wp-json\/wp\/v2\/product_tag?post=3189"}],"curies":[{"name":"wp","href":"https:\/\/api.w.org\/{rel}","templated":true}]}}