{"id":3297,"date":"2019-06-06T03:01:32","date_gmt":"2019-06-06T03:01:32","guid":{"rendered":"https:\/\/enozoik.com\/enozoik2020\/product\/2015-chateau-delmond-sauternes-bordeaux-kupi-online\/"},"modified":"2026-04-06T22:00:37","modified_gmt":"2026-04-06T22:00:37","slug":"2023-chateau-delmond-sauternes-bordeaux-kupi-online","status":"publish","type":"product","link":"https:\/\/enozoik.com\/en\/product\/2023-chateau-delmond-sauternes-bordeaux-kupi-online\/","title":{"rendered":"2023 Ch\u00e2teau Delmond Sauternes Bordeaux &#8211; kupi online"},"content":{"rendered":"<h3><strong>TKO?<\/strong><\/h3>\n<p>Jean-Christophe Barbe je studirao pri Sveu\u010dili\u0161tu u Bordeauxu dok mu je tema disertacije bila <em>&#8216;pourriture noble&#8217;<\/em> ili plemenita plijesan, tj. gljivica <em>botrytis<\/em> koja \u010dini Sauternes tako magi\u010dnim vinom. Danas podu\u010dava nove nara\u0161taje enologa u Bordeauxu usporedo vode\u0107i obiteljsku vinariju u Sauternesu. Delmond je bilo ime njegovog djeda koji je bio prvotni vlasnik dok je danas ono drugo vino njegovog posjeda Ch\u00e2teau Lavillea.<\/p>\n<h3><strong>GDJE?<\/strong><\/h3>\n<p>Vinogradi se nalaze u op\u0107ini Preignac. Jean-Christophe posjeduje 13 ha koji u potpunosti pripadaju apelaciji Sauternes. Prosje\u010dna starost loza je 30 g. Ch\u00e2teau Delmond pak dolazi od ne\u0161to mla\u0111eg trsja \u0161to u kona\u010dnici rezultira svje\u017eijim, elegantnijim stilom koji je zadr\u017eao svu rasko\u0161 i plemenitost istinskog Sauternesa. Nekoliko prohoda kroz vinograd tijekom berbe je nu\u017eno kako bi se gro\u017e\u0111e ubralo u idealnom stadiju inficiranosti botrytisom (min. 80% grozdova je prekriveno sa plijesni).<\/p>\n<h3><strong>ZA\u0160TO?<\/strong><\/h3>\n<p>Ch\u00e2teau Delmond intenzivne je zlatne boje slamnato\u017eutim refleksijama. O\u010daravaju\u0107e rasko\u0161an na nosu s dominantnim tonovima bijelog cvije\u0107a i ko\u0161ti\u0107avog vo\u0107a. S vremenom se javljaju note marelica, bresaka i meda isprepletenih sa aromama kandiranog vo\u0107a te pekmeza od dunja. Na nepcu punijeg tijela te opojne slatko\u0107e koja je balansirana vibrantnim kiselinama. Dugi slasni zavr\u0161etak garniran je finom mineralno\u0161\u0107u.<\/p>\n","protected":false},"excerpt":{"rendered":"<p>Ch\u00e2teau Delmond\u00a0 dolazi od ne\u0161to mla\u0111eg trsja \u0161to u kona\u010dnici rezultira svje\u017eijim, elegantnijim stilom koji je zadr\u017eao svu rasko\u0161 i plemenitost istinskog Sauternesa.<\/p>\n","protected":false},"featured_media":3298,"template":"","meta":[],"product_brand":[],"product_cat":[86,289],"product_tag":[140,719,133,720,721,101,722],"class_list":{"0":"post-3297","1":"product","2":"type-product","3":"status-publish","4":"has-post-thumbnail","6":"product_cat-nas-izbor","7":"product_cat-slatko-vino","8":"product_tag-bordeaux","9":"product_tag-botrytis","10":"product_tag-francuska","11":"product_tag-noble-rot","12":"product_tag-sauternes","13":"product_tag-sauvignon-blanc","14":"product_tag-semillon","15":"pa_berba-1633","16":"pa_drzava-francuska","17":"pa_regija-sauternes-bordeaux","18":"pa_sorta-90-semillon-10-sauvignon-blanc","19":"pa_vinarija-chateau-delmond","20":"pa_vrste-vina-slatko-vino","22":"first","23":"instock","24":"shipping-taxable","25":"purchasable","26":"product-type-simple"},"_links":{"self":[{"href":"https:\/\/enozoik.com\/en\/wp-json\/wp\/v2\/product\/3297","targetHints":{"allow":["GET"]}}],"collection":[{"href":"https:\/\/enozoik.com\/en\/wp-json\/wp\/v2\/product"}],"about":[{"href":"https:\/\/enozoik.com\/en\/wp-json\/wp\/v2\/types\/product"}],"wp:featuredmedia":[{"embeddable":true,"href":"https:\/\/enozoik.com\/en\/wp-json\/wp\/v2\/media\/3298"}],"wp:attachment":[{"href":"https:\/\/enozoik.com\/en\/wp-json\/wp\/v2\/media?parent=3297"}],"wp:term":[{"taxonomy":"product_brand","embeddable":true,"href":"https:\/\/enozoik.com\/en\/wp-json\/wp\/v2\/product_brand?post=3297"},{"taxonomy":"product_cat","embeddable":true,"href":"https:\/\/enozoik.com\/en\/wp-json\/wp\/v2\/product_cat?post=3297"},{"taxonomy":"product_tag","embeddable":true,"href":"https:\/\/enozoik.com\/en\/wp-json\/wp\/v2\/product_tag?post=3297"}],"curies":[{"name":"wp","href":"https:\/\/api.w.org\/{rel}","templated":true}]}}