{"id":3493,"date":"2019-08-09T00:00:16","date_gmt":"2019-08-09T00:00:16","guid":{"rendered":"https:\/\/enozoik.com\/enozoik2020\/product\/2016-maximin-grunhaus-riesling-abtsberg-grosses-gewachs-mosel-kupi-online\/"},"modified":"2025-12-22T18:33:15","modified_gmt":"2025-12-22T18:33:15","slug":"2022-maximin-grunhaus-riesling-abtsberg-grosses-gewachs-mosel-kupi-online","status":"publish","type":"product","link":"https:\/\/enozoik.com\/en\/product\/2022-maximin-grunhaus-riesling-abtsberg-grosses-gewachs-mosel-kupi-online\/","title":{"rendered":"2022 Maximin Gr\u00fcnhaus Riesling Abtsberg Grosses Gew\u00e4chs Mosel &#8211; kupi online"},"content":{"rendered":"<h3><strong>TKO?<\/strong><\/h3>\n<p>Maximin Gr\u00fcnhaus je imanje iznimne bogate povijesti \u010diji zapisi o uzgoju vinove loze datiraju jo\u0161 iz vremena Rimljana. Sam naziv potje\u010de od opatije Sv. Maximin, benediktinskog samostana u \u010dijem je vlasni\u0161tvu ova zemlja bila od 7 \u2013 18-og stolje\u0107a. Od kraja 19-og vijeka, posjed je pod nadzorom obitelji Schubert (i glave Carla von Schuberta) koji predstavlja petu generaciju. Tradicionalne etikete ove slavne ku\u0107e vjerno reflektiraju i sadr\u017eaj u boci; duboko ukorijenjenu sinergiju podneblja, sorte i vinara.<\/p>\n<h3><strong>GDJE?<\/strong><\/h3>\n<p>Smje\u0161ten na strmim, ju\u017enim obroncima svega 2 km od mjesta gdje rijeka Ruwer utje\u010de u Mosel se nalazi posjed Maximin Gr\u00fcnhaus. Vinograd Abtsberg je smje\u0161ten nastavno na sam dvorac Maximin Gr\u00fcnhaus dok vina sa ove pzicije se smatraju neka od nadugovje\u010dnijih u cijeloj regiji Mosel. Sam Abtsberg je najstrmiji i najveli\u010danstveniji vinograd cijelog posjeda. U tlu dominaciju \u010dini plavi Devonian \u0161kriljevac. Obronci su jugoisto\u010dne do jugozapadne ekspozicije s nagibom od \u010dak 70% koji ga \u010dini najstrmijom vinogradarskom pozicijom na svijetu.<\/p>\n<h3><strong>ZA\u0160TO?<\/strong><\/h3>\n<p>Abtsberg vinograd je klasificiran kao VDP.Grosse Lage \u0161to u prijevodu zna\u010di kao jedna od najboljih pozicija u Njema\u010dkoj koja konstantno daje iznimno ekspresivna vina vjerno reflektirav\u0161i podneblje a ujedno se radi o najdugo\u017eivu\u0107im Rieslinzima cijele regije. Grosses Gew\u00e4chs je termin koji simbolizira najvi\u0161u kvalitetu u kategoriji suhih vina a koja dolaze sa Grosse Lage (najvi\u0161a kategorija po VDP klasifikaciji) vinograda. Vina iz Abtsberg pozicije karakterizira iznimno profinjena struktura, enormna mineralnost, izvanredna delikatnost te impresivni potencijal dozrijevanja.<\/p>\n<h3><\/h3>\n","protected":false},"excerpt":{"rendered":"<p>Abtsberg vinograd je klasificiran kao VDP.Grosse Lage \u0161to u prijevodu zna\u010di kao jedna od najboljih pozicija u Njema\u010dkoj koja konstantno daje iznimno ekspresivna vina vjerno reflektirav\u0161i podneblje a ujedno se radi o najdugo\u017eivu\u0107im Rieslinzima cijele regije.<\/p>\n","protected":false},"featured_media":3494,"template":"","meta":[],"product_brand":[],"product_cat":[66],"product_tag":[404,405,87,88,89],"class_list":{"0":"post-3493","1":"product","2":"type-product","3":"status-publish","4":"has-post-thumbnail","6":"product_cat-bijelo-vino","7":"product_tag-gg","8":"product_tag-grosses-gewachs","9":"product_tag-mosel","10":"product_tag-njemacka","11":"product_tag-riesling","12":"pa_berba-1541","13":"pa_drzava-njemacka","14":"pa_regija-mosel","15":"pa_sorta-riesling","16":"pa_vinarija-maximin-grunhaus","17":"pa_vrste-vina-bijelo-vino","19":"first","20":"instock","21":"shipping-taxable","22":"purchasable","23":"product-type-simple"},"_links":{"self":[{"href":"https:\/\/enozoik.com\/en\/wp-json\/wp\/v2\/product\/3493","targetHints":{"allow":["GET"]}}],"collection":[{"href":"https:\/\/enozoik.com\/en\/wp-json\/wp\/v2\/product"}],"about":[{"href":"https:\/\/enozoik.com\/en\/wp-json\/wp\/v2\/types\/product"}],"wp:featuredmedia":[{"embeddable":true,"href":"https:\/\/enozoik.com\/en\/wp-json\/wp\/v2\/media\/3494"}],"wp:attachment":[{"href":"https:\/\/enozoik.com\/en\/wp-json\/wp\/v2\/media?parent=3493"}],"wp:term":[{"taxonomy":"product_brand","embeddable":true,"href":"https:\/\/enozoik.com\/en\/wp-json\/wp\/v2\/product_brand?post=3493"},{"taxonomy":"product_cat","embeddable":true,"href":"https:\/\/enozoik.com\/en\/wp-json\/wp\/v2\/product_cat?post=3493"},{"taxonomy":"product_tag","embeddable":true,"href":"https:\/\/enozoik.com\/en\/wp-json\/wp\/v2\/product_tag?post=3493"}],"curies":[{"name":"wp","href":"https:\/\/api.w.org\/{rel}","templated":true}]}}