{"id":3560,"date":"2019-09-17T01:18:37","date_gmt":"2019-09-17T01:18:37","guid":{"rendered":"https:\/\/enozoik.com\/enozoik2020\/product\/2017-bucci-verdicchio-dei-castelli-di-jesi-classico-superiore-marche-kupi-online\/"},"modified":"2026-03-05T13:27:21","modified_gmt":"2026-03-05T13:27:21","slug":"2022-bucci-verdicchio-dei-castelli-di-jesi-classico-superiore-marche-kupi-online","status":"publish","type":"product","link":"https:\/\/enozoik.com\/en\/product\/2022-bucci-verdicchio-dei-castelli-di-jesi-classico-superiore-marche-kupi-online\/","title":{"rendered":"2022 Bucci Verdicchio dei Castelli di Jesi Classico Superiore, Marche &#8211; kupi online"},"content":{"rendered":"<h3><strong>TKO?<\/strong><\/h3>\n<p>Obitelj Bucci tradicuju uzgoja gro\u017e\u0111a u regiji Marche ba\u0161tini jo\u0161 od po\u010detka 18-og st. Trenutni kustos, Ampelio Bucci na preko 30 ha vinograda dominira bijeli sortiment njegovan prema organskim principima. Konzultant winemaker pri Villa Bucci je legendarni enolog Giorgio Grai, koji je na toj poziciji ve\u0107 gotovo 30 godina. Kompleksnost i dugovje\u010dnost njegove su devize umjesto puke svje\u017eine i banalnosti.<\/p>\n<h3><strong>GDJE?<\/strong><\/h3>\n<p>Posjed obuhva\u0107a 400 ha u zapadnom dijelu regije Marche od \u010dega 25 ha otpada na Verdicchio. Gro\u017e\u0111e za ovo vino dolazi iz \u0161est razli\u010ditih vinograda od kojih svaki posjeduje razli\u010ditu ekspoziciju i elevaciju \u0161to u kona\u010dnici kontribuira ve\u0107om slojevito\u0161\u0107u finalnog blenda. Tlo je bogato vapnencem koji osigurava izvanrednu mineralnost sa oko 30% gline koja poma\u017ee u zadr\u017eavanju neophodne vlage tijekom vrelih ljeta. Prinosi su prirodno niski dok je prosje\u010dna starost loza 35 godina.<\/p>\n<h3><strong>ZA\u0160TO?<\/strong><\/h3>\n<p>Bez sumnje najpoznatiji i nedvojbeno najbolji \u00a0proizvo\u0111a\u010d Verdicchia, Ampelio Bucci je tako\u0111er veliki ambasador cijele regije koja daje neka od najdugovje\u010dnijih talijanskih bijelih vina. Verdicchio je jedina autohtona sorta koja odli\u010dne rezultate pokazuje u svim glavnim disciplinama \u2013 pjenu\u0161avoj, suhoj i slatkoj. No vina svjetskog ranga od Verdicchia su prvenstveno suhe verzije. Slojevit nos zavodi notama mimoza, gorkih badema, koroma\u010da i zrelih Zlatni Deli\u0161es jabuka.<\/p>\n<h3><\/h3>\n","protected":false},"excerpt":{"rendered":"<p>Bez sumnje najpoznatiji i nedvojbeno najbolji \u00a0proizvo\u0111a\u010d Verdicchia, Ampelio Bucci je tako\u0111er veliki ambasador cijele regije koja daje neka od najdugovje\u010dnijih talijanskih bijelih vina.<\/p>\n","protected":false},"featured_media":3561,"template":"","meta":[],"product_brand":[],"product_cat":[66],"product_tag":[820,36,821,822,823],"class_list":{"0":"post-3560","1":"product","2":"type-product","3":"status-publish","4":"has-post-thumbnail","6":"product_cat-bijelo-vino","7":"product_tag-bucci","8":"product_tag-italija","9":"product_tag-jesi","10":"product_tag-marche","11":"product_tag-verdicchio","12":"pa_berba-1541","13":"pa_drzava-italija","14":"pa_regija-marche","15":"pa_sorta-verdicchio","16":"pa_vinarija-bucci","17":"pa_vrste-vina-bijelo-vino","19":"first","20":"instock","21":"shipping-taxable","22":"purchasable","23":"product-type-simple"},"_links":{"self":[{"href":"https:\/\/enozoik.com\/en\/wp-json\/wp\/v2\/product\/3560","targetHints":{"allow":["GET"]}}],"collection":[{"href":"https:\/\/enozoik.com\/en\/wp-json\/wp\/v2\/product"}],"about":[{"href":"https:\/\/enozoik.com\/en\/wp-json\/wp\/v2\/types\/product"}],"wp:featuredmedia":[{"embeddable":true,"href":"https:\/\/enozoik.com\/en\/wp-json\/wp\/v2\/media\/3561"}],"wp:attachment":[{"href":"https:\/\/enozoik.com\/en\/wp-json\/wp\/v2\/media?parent=3560"}],"wp:term":[{"taxonomy":"product_brand","embeddable":true,"href":"https:\/\/enozoik.com\/en\/wp-json\/wp\/v2\/product_brand?post=3560"},{"taxonomy":"product_cat","embeddable":true,"href":"https:\/\/enozoik.com\/en\/wp-json\/wp\/v2\/product_cat?post=3560"},{"taxonomy":"product_tag","embeddable":true,"href":"https:\/\/enozoik.com\/en\/wp-json\/wp\/v2\/product_tag?post=3560"}],"curies":[{"name":"wp","href":"https:\/\/api.w.org\/{rel}","templated":true}]}}