{"id":3793,"date":"2020-02-18T03:05:35","date_gmt":"2020-02-18T03:05:35","guid":{"rendered":"https:\/\/enozoik.com\/enozoik2020\/product\/2018-by-farr-chardonnay-victoria-geelong-kupi-online\/"},"modified":"2026-02-02T02:44:04","modified_gmt":"2026-02-02T02:44:04","slug":"2022-by-farr-chardonnay-victoria-geelong-kupi-online","status":"publish","type":"product","link":"https:\/\/enozoik.com\/en\/product\/2022-by-farr-chardonnay-victoria-geelong-kupi-online\/","title":{"rendered":"2022 By Farr Chardonnay Victoria Geelong &#8211; kupi online"},"content":{"rendered":"<h3><strong>TKO?<\/strong><\/h3>\n<p>Enolozi Gary Farr i njegov sin Nick stoje iza projekta By Farr. Garyev sta\u017e u Australiji (u Bannockburnu) i Burgundiji (odradio je 10 berbi pri Domaine Dujac) datira od ranih 1980-ih. Gary je smatran kao jedan od najlegendarnijih winemakera u dr\u017eavi. Danas, sa svojih 13 ha u Geelongu, JZ od Melbournea, proizvodi simboli\u010dne koli\u010dine single vineyard Pinot Noira i Chardonnaya koji pripadaju prvom australskom e\u0161alonu kad su u pitanju ove dvije klasi\u010dne burgdundske sorte.<\/p>\n<h3><strong>GDJE?<\/strong><\/h3>\n<p>Podregija Geelong u Victorii posjeduje hladni klimat sa zna\u010dajnim utjecajem oceana. 2 ha vinograda Chardonnaya je zasa\u0111eno 1994.g. pri nadmorskoj visini od 120 m. na sjeveroisto\u010dnim padinama \u010diju bazu \u010dini crveno tlo na vapnena\u010dkoj podlozi. Bogato vulkanski tlo i kontinentalna klima oplemenjuju ova vina presudnim pe\u010datom te daju vina neponovljive aromatike, balansa i preciznosti koji su tako svojstveni ovoj regiji.<\/p>\n<h3><strong>ZA\u0160TO?<\/strong><\/h3>\n<p>Klasi\u010dni za\u0161titni znak koji karakreriziraju ovo nevjerovatno vino su suzdr\u017eana snaga, perzistencija te mineralno-slani zavr\u0161etak. Tradicionalni burgundijski pristup u vinarenju od strane Nick Farra, poput njegovog oca prije njega, podaruje ovom vinu snagu i ugla\u0111enost rijetko vi\u0111enu izvan Francuske. Izvanredne ekspresije vo\u0107a koje se na najsuptilniji na\u010din isprepli\u0107e sa filigranski doziranim francuskim hrastom. Na nepcu precizne definicije, izvanrednih kiselina te teksture i trajnosti.<\/p>\n<h3><\/h3>\n","protected":false},"excerpt":{"rendered":"<p>Tradicionalni burgundijski pristup u vinarenju od strane Nick Farra, poput njegovog oca prije njega, podaruje ovom vinu snagu i ugla\u0111enost rijetko vi\u0111enu izvan Francuske.<\/p>\n","protected":false},"featured_media":3794,"template":"","meta":[],"product_brand":[],"product_cat":[66],"product_tag":[208,131,865,29,866,867,441],"class_list":{"0":"post-3793","1":"product","2":"type-product","3":"status-publish","4":"has-post-thumbnail","6":"product_cat-bijelo-vino","7":"product_tag-australia","8":"product_tag-burgundy","9":"product_tag-by-farr","10":"product_tag-chardonnay","11":"product_tag-domaine-dujac","12":"product_tag-geelong","13":"product_tag-victoria","14":"pa_berba-1541","15":"pa_drzava-australija","16":"pa_regija-victoria-geelong","17":"pa_sorta-chardonnay","18":"pa_vinarija-by-farr","19":"pa_vrste-vina-bijelo-vino","21":"first","22":"instock","23":"shipping-taxable","24":"purchasable","25":"product-type-simple"},"_links":{"self":[{"href":"https:\/\/enozoik.com\/en\/wp-json\/wp\/v2\/product\/3793","targetHints":{"allow":["GET"]}}],"collection":[{"href":"https:\/\/enozoik.com\/en\/wp-json\/wp\/v2\/product"}],"about":[{"href":"https:\/\/enozoik.com\/en\/wp-json\/wp\/v2\/types\/product"}],"wp:featuredmedia":[{"embeddable":true,"href":"https:\/\/enozoik.com\/en\/wp-json\/wp\/v2\/media\/3794"}],"wp:attachment":[{"href":"https:\/\/enozoik.com\/en\/wp-json\/wp\/v2\/media?parent=3793"}],"wp:term":[{"taxonomy":"product_brand","embeddable":true,"href":"https:\/\/enozoik.com\/en\/wp-json\/wp\/v2\/product_brand?post=3793"},{"taxonomy":"product_cat","embeddable":true,"href":"https:\/\/enozoik.com\/en\/wp-json\/wp\/v2\/product_cat?post=3793"},{"taxonomy":"product_tag","embeddable":true,"href":"https:\/\/enozoik.com\/en\/wp-json\/wp\/v2\/product_tag?post=3793"}],"curies":[{"name":"wp","href":"https:\/\/api.w.org\/{rel}","templated":true}]}}