{"id":3808,"date":"2020-02-20T02:22:31","date_gmt":"2020-02-20T02:22:31","guid":{"rendered":"https:\/\/enozoik.com\/enozoik2020\/product\/jancis-robinson-vinska-casa-set-od-2-kom-kupi-online\/"},"modified":"2024-04-26T11:11:44","modified_gmt":"2024-04-26T11:11:44","slug":"jancis-robinson-vinska-casa-set-od-2-kom-kupi-online","status":"publish","type":"product","link":"https:\/\/enozoik.com\/en\/product\/jancis-robinson-vinska-casa-set-od-2-kom-kupi-online\/","title":{"rendered":"Jancis Robinson Vinska \u010ca\u0161a (set od 2 kom) &#8211; kupi online"},"content":{"rendered":"<h3><strong>TKO?<\/strong><\/h3>\n<p>Sublimiraju\u0107i vinsku ekspertizu i rafinirani dizajn, Jancis Robinson kolekcija je rezultat istinske interdisciplinarne suradnje i partnerstva izme\u0111u proslavljenog dizajnera Richarda Brendona te najcjenjenije vinske kriti\u010darke i novinarke trenutno u svijetu. Osim \u0161to je funkcionalno savr\u0161ena, Jancis Robinson zbirka je filigranski precizno kreirana kako bi stvorila \u00a0osje\u0107aj profinjenosti, elegancije i vje\u010dnosti. Ultra tanak no izvanredno sna\u017ean, ru\u010dno puhani kristal \u00a0stavlja vinoljupca u intimni kontakt s vinom te time maksimalno poja\u010dava ku\u0161a\u010dko iskustvo.<\/p>\n<h3><strong>GDJE?<\/strong><\/h3>\n<p>Svaki dio Jancis Robinson kolekcije je u artizanalnoj maniri ru\u010dno puhan i dolazi iz dijela Europe koja ovu vje\u0161tinu i tradiciju pomno njeguje i usavr\u0161ava ve\u0107 stotinama godina. Staklopuha\u010di su virtuozi svog zanata \u010diji je glavni imperativ bio izraditi \u010da\u0161u koja \u0107e biti ba\u0161 onako graciozna i lagana kakvom su je zamislili njeni idejni tvorci. Najizazovniji dio je bio pogoditi optimalni odnos kvalitete i te\u017eine samih proizvoda. Nebrojeno mnogo prototipova je prethodilo finalnom proizvodu koji je morao do savr\u0161enstva udovoljiti visoko postavljenim estetskim standardima.<\/p>\n<h3><strong>ZA\u0160TO?<\/strong><\/h3>\n<p>Vinska \u010ca\u0161a je u sredi\u0161tu zbirke te je posebno dizajnirana kako bi osigurala najbolje mogu\u0107e ku\u0161a\u010dko iskustvo za svaki tip vina, neovisno o kakvom god stilu se radilo uklju\u010duju\u0107i \u0161ampanjac, porto, sherry itd. Pa\u017eljivo dizajniran oblik ultra tanke, u obliku tulipana oblikovanog balona Vinske \u010ca\u0161e omogu\u0107ava da vino prodi\u0161e te usmjeri cjelokupni spektar svojih aroma poja\u010davaju\u0107i do\u017eivljaj svakog gutljaja. Najfiniji kristal \u2013 same \u010da\u0161e su iznimno lagane, savr\u0161enog balansa te toliko evidentne kvalitete koju osigurava isklju\u010divo ru\u010dno puhanje. Sam rub vinske \u010da\u0161e je posebice delikatan kako bi minimalizirao koli\u010dinu stakla koja dolazi izme\u0111u vina i nepca te time signifikantno \u00a0naglasio u\u017eitak ispijanja.<\/p>\n","protected":false},"excerpt":{"rendered":"<p>Vinska \u010ca\u0161a je u sredi\u0161tu zbirke te je posebno dizajnirana kako bi osigurala najbolje mogu\u0107e ku\u0161a\u010dko iskustvo za svaki tip vina, neovisno o kakvom god stilu se radilo uklju\u010duju\u0107i \u0161ampanjac, porto, sherry itd.<\/p>\n","protected":false},"featured_media":3809,"template":"","meta":[],"product_brand":[],"product_cat":[873],"product_tag":[874,875,876,877,878,879],"class_list":{"0":"post-3808","1":"product","2":"type-product","3":"status-publish","4":"has-post-thumbnail","6":"product_cat-case-i-dekanteri","7":"product_tag-jancis-robinson","8":"product_tag-one-wine-glass-for-all","9":"product_tag-richard-brandon","10":"product_tag-univerzalna-vinska-casa","11":"product_tag-vinska-casa","12":"product_tag-wine-glass","14":"first","15":"instock","16":"shipping-taxable","17":"purchasable","18":"product-type-simple"},"_links":{"self":[{"href":"https:\/\/enozoik.com\/en\/wp-json\/wp\/v2\/product\/3808","targetHints":{"allow":["GET"]}}],"collection":[{"href":"https:\/\/enozoik.com\/en\/wp-json\/wp\/v2\/product"}],"about":[{"href":"https:\/\/enozoik.com\/en\/wp-json\/wp\/v2\/types\/product"}],"wp:featuredmedia":[{"embeddable":true,"href":"https:\/\/enozoik.com\/en\/wp-json\/wp\/v2\/media\/3809"}],"wp:attachment":[{"href":"https:\/\/enozoik.com\/en\/wp-json\/wp\/v2\/media?parent=3808"}],"wp:term":[{"taxonomy":"product_brand","embeddable":true,"href":"https:\/\/enozoik.com\/en\/wp-json\/wp\/v2\/product_brand?post=3808"},{"taxonomy":"product_cat","embeddable":true,"href":"https:\/\/enozoik.com\/en\/wp-json\/wp\/v2\/product_cat?post=3808"},{"taxonomy":"product_tag","embeddable":true,"href":"https:\/\/enozoik.com\/en\/wp-json\/wp\/v2\/product_tag?post=3808"}],"curies":[{"name":"wp","href":"https:\/\/api.w.org\/{rel}","templated":true}]}}