{"id":3827,"date":"2020-02-23T23:31:16","date_gmt":"2020-02-23T23:31:16","guid":{"rendered":"https:\/\/enozoik.com\/enozoik2020\/product\/jancis-robinson-dekanter-za-arhivska-vina-kupi-online\/"},"modified":"2023-10-09T07:24:05","modified_gmt":"2023-10-09T07:24:05","slug":"jancis-robinson-dekanter-za-arhivska-vina-kupi-online","status":"publish","type":"product","link":"https:\/\/enozoik.com\/en\/product\/jancis-robinson-dekanter-za-arhivska-vina-kupi-online\/","title":{"rendered":"Jancis Robinson dekanter za arhivska vina &#8211; kupi online"},"content":{"rendered":"<h3><strong>TKO?<\/strong><\/h3>\n<p>Sublimiraju\u0107i vinsku ekspertizu i rafinirani dizajn, Jancis Robinson kolekcija je rezultat istinske interdisciplinarne suradnje i partnerstva izme\u0111u proslavljenog dizajnera Richarda Brendona te najcjenjenije vinske kriti\u010darke i novinarke trenutno u svijetu. Osim \u0161to je funkcionalno savr\u0161ena, Jancis Robinson zbirka je filigranski precizno kreirana kako bi stvorila \u00a0osje\u0107aj profinjenosti, elegancije i vje\u010dnosti. Ultra tanak no izvanredno sna\u017ean, ru\u010dno puhani kristal \u00a0stavlja vinoljupca u intimni kontakt s vinom te time maksimalno poja\u010dava ku\u0161a\u010dko iskustvo.<\/p>\n<h3><strong>GDJE?<\/strong><\/h3>\n<p>Svaki dio Jancis Robinson kolekcije je u artizanalnoj maniri ru\u010dno puhan i dolazi iz dijela Europe koja ovu vje\u0161tinu i tradiciju pomno njeguje i usavr\u0161ava ve\u0107 stotinama godina. Staklopuha\u010di su virtuozi svog zanata \u010diji je glavni imperativ bio izraditi \u010da\u0161u koja \u0107e biti ba\u0161 onako graciozna i lagana kakvom su je zamislili njeni idejni tvorci. Najizazovniji dio je bio pogoditi optimalni odnos kvalitete i te\u017eine samih proizvoda. Nebrojeno mnogo prototipova je prethodilo finalnom proizvodu koji je morao do savr\u0161enstva udovoljiti visoko postavljenim estetskim standardima.<\/p>\n<h3><strong>ZA\u0160TO?<\/strong><\/h3>\n<p>Kreiran u obliku butelje, ovaj dekanter omogu\u0107uje ozra\u010divanje dozrelih vina i odvajanje od njegova taloga dok istovremeno sprije\u010dava pretjerano izlaganje potencijalno \u0161tetnom djelovanju kisika. Profinjene linije slijede oblik Vinske \u010ca\u0161e dok decentni, ru\u010dno puhani zatvara\u010d Va\u0161 stol oplemenjuje elementima vje\u010dnog dizajna. Bez zatvara\u010da, dekanter mo\u017ee odli\u010dno funkcionirati kao bokal za vodu.<\/p>\n","protected":false},"excerpt":{"rendered":"<p>Kreiran u obliku butelje, ovaj dekanter omogu\u0107uje ozra\u010divanje dozrelih vina i odvajanje od njegova taloga dok istovremeno sprije\u010dava pretjerano izlaganje potencijalno \u0161tetnom djelovanju kisika<\/p>\n","protected":false},"featured_media":3828,"template":"","meta":[],"product_brand":[],"product_cat":[873],"product_tag":[889,874,876],"class_list":{"0":"post-3827","1":"product","2":"type-product","3":"status-publish","4":"has-post-thumbnail","6":"product_cat-case-i-dekanteri","7":"product_tag-dekanter","8":"product_tag-jancis-robinson","9":"product_tag-richard-brandon","11":"first","12":"instock","13":"shipping-taxable","14":"purchasable","15":"product-type-simple"},"_links":{"self":[{"href":"https:\/\/enozoik.com\/en\/wp-json\/wp\/v2\/product\/3827","targetHints":{"allow":["GET"]}}],"collection":[{"href":"https:\/\/enozoik.com\/en\/wp-json\/wp\/v2\/product"}],"about":[{"href":"https:\/\/enozoik.com\/en\/wp-json\/wp\/v2\/types\/product"}],"wp:featuredmedia":[{"embeddable":true,"href":"https:\/\/enozoik.com\/en\/wp-json\/wp\/v2\/media\/3828"}],"wp:attachment":[{"href":"https:\/\/enozoik.com\/en\/wp-json\/wp\/v2\/media?parent=3827"}],"wp:term":[{"taxonomy":"product_brand","embeddable":true,"href":"https:\/\/enozoik.com\/en\/wp-json\/wp\/v2\/product_brand?post=3827"},{"taxonomy":"product_cat","embeddable":true,"href":"https:\/\/enozoik.com\/en\/wp-json\/wp\/v2\/product_cat?post=3827"},{"taxonomy":"product_tag","embeddable":true,"href":"https:\/\/enozoik.com\/en\/wp-json\/wp\/v2\/product_tag?post=3827"}],"curies":[{"name":"wp","href":"https:\/\/api.w.org\/{rel}","templated":true}]}}