{"id":3830,"date":"2020-02-24T00:52:10","date_gmt":"2020-02-24T00:52:10","guid":{"rendered":"https:\/\/enozoik.com\/enozoik2020\/product\/jancis-robinson-dekanter-za-mlada-vina-kupi-online\/"},"modified":"2023-01-12T00:53:30","modified_gmt":"2023-01-12T00:53:30","slug":"jancis-robinson-dekanter-za-mlada-vina-kupi-online","status":"publish","type":"product","link":"https:\/\/enozoik.com\/en\/product\/jancis-robinson-dekanter-za-mlada-vina-kupi-online\/","title":{"rendered":"Jancis Robinson dekanter za mlada vina &#8211; kupi online"},"content":{"rendered":"<h3><strong>TKO?<\/strong><\/h3>\n<p>Sublimiraju\u0107i vinsku ekspertizu i rafinirani dizajn, Jancis Robinson kolekcija je rezultat istinske interdisciplinarne suradnje i partnerstva izme\u0111u proslavljenog dizajnera Richarda Brendona te najcjenjenije vinske kriti\u010darke i novinarke trenutno u svijetu. Osim \u0161to je funkcionalno savr\u0161ena, Jancis Robinson zbirka je filigranski precizno kreirana kako bi stvorila \u00a0osje\u0107aj profinjenosti, elegancije i vje\u010dnosti. Ultra tanak no izvanredno sna\u017ean, ru\u010dno puhani kristal \u00a0stavlja vinoljupca u intimni kontakt s vinom te time maksimalno poja\u010dava ku\u0161a\u010dko iskustvo.<\/p>\n<h3><strong>GDJE?<\/strong><\/h3>\n<p>Svaki dio Jancis Robinson kolekcije je u artizanalnoj maniri ru\u010dno puhan i dolazi iz dijela Europe koja ovu vje\u0161tinu i tradiciju pomno njeguje i usavr\u0161ava ve\u0107 stotinama godina. Staklopuha\u010di su virtuozi svog zanata \u010diji je glavni imperativ bio izraditi \u010da\u0161u koja \u0107e biti ba\u0161 onako graciozna i lagana kakvom su je zamislili njeni idejni tvorci. Najizazovniji dio je bio pogoditi optimalni odnos kvalitete i te\u017eine samih proizvoda. Nebrojeno mnogo prototipova je prethodilo finalnom proizvodu koji je morao do savr\u0161enstva udovoljiti visoko postavljenim estetskim standardima.<\/p>\n<h3><strong>ZA\u0160TO?<\/strong><\/h3>\n<p>Ovaj izda\u0161an i masivan dekanter za mlada vina koja tra\u017ee ozra\u010divanje osigurava maksimalnu aeraciju vina. Duga\u010dak vrat omogu\u0107uje pouzdano dr\u017eanje koje \u0107e podnijeti i energi\u010dnije kovitlanje vina, dopu\u0161taju\u0107i kisiku da potakne i ubrza evoluciju vina te otpusti arome. Dekanter je dovoljno velike zapremnine kako bi ujedno mogao ozra\u010diti i magnum bocu.<\/p>\n","protected":false},"excerpt":{"rendered":"<p>Ovaj izda\u0161an i masivan dekanter za mlada vina koja tra\u017ee ozra\u010divanje osigurava maksimalnu aeraciju vina.<\/p>\n","protected":false},"featured_media":3831,"template":"","meta":[],"product_brand":[],"product_cat":[873],"product_tag":[891,874,876],"class_list":{"0":"post-3830","1":"product","2":"type-product","3":"status-publish","4":"has-post-thumbnail","6":"product_cat-case-i-dekanteri","7":"product_tag-dekanter-za-mlado-vino","8":"product_tag-jancis-robinson","9":"product_tag-richard-brandon","11":"first","12":"instock","13":"shipping-taxable","14":"purchasable","15":"product-type-simple"},"_links":{"self":[{"href":"https:\/\/enozoik.com\/en\/wp-json\/wp\/v2\/product\/3830","targetHints":{"allow":["GET"]}}],"collection":[{"href":"https:\/\/enozoik.com\/en\/wp-json\/wp\/v2\/product"}],"about":[{"href":"https:\/\/enozoik.com\/en\/wp-json\/wp\/v2\/types\/product"}],"wp:featuredmedia":[{"embeddable":true,"href":"https:\/\/enozoik.com\/en\/wp-json\/wp\/v2\/media\/3831"}],"wp:attachment":[{"href":"https:\/\/enozoik.com\/en\/wp-json\/wp\/v2\/media?parent=3830"}],"wp:term":[{"taxonomy":"product_brand","embeddable":true,"href":"https:\/\/enozoik.com\/en\/wp-json\/wp\/v2\/product_brand?post=3830"},{"taxonomy":"product_cat","embeddable":true,"href":"https:\/\/enozoik.com\/en\/wp-json\/wp\/v2\/product_cat?post=3830"},{"taxonomy":"product_tag","embeddable":true,"href":"https:\/\/enozoik.com\/en\/wp-json\/wp\/v2\/product_tag?post=3830"}],"curies":[{"name":"wp","href":"https:\/\/api.w.org\/{rel}","templated":true}]}}