{"id":4012,"date":"2020-04-16T19:47:14","date_gmt":"2020-04-16T19:47:14","guid":{"rendered":"https:\/\/enozoik.com\/enozoik2020\/product\/stampar-pusipel-classic-zagorje-medimurje-medimurje-2018-kupi-on-line\/"},"modified":"2025-12-16T09:21:21","modified_gmt":"2025-12-16T09:21:21","slug":"stampar-pusipel-classic-zagorje-medimurje-medimurje-2023-kupi-on-line","status":"publish","type":"product","link":"https:\/\/enozoik.com\/en\/product\/stampar-pusipel-classic-zagorje-medimurje-medimurje-2023-kupi-on-line\/","title":{"rendered":"2023 \u0160tampar Pu\u0161ipel classic Zagorje-Me\u0111imurje, Me\u0111imurje &#8211; kupi online"},"content":{"rendered":"<h3><strong>TKO?<\/strong><\/h3>\n<p>Strast i predanost lozi svih nara\u0161taja obitelji \u0160tampar su jedina i bezuvjetna moneta. Njihova vina po\u010dinju svoj \u017eivot ve\u0107 u vinogradu, kako nekad \u2013 tako i danas. Po\u010delo se sa svega 3000 trsova jedne sorte, u starohrvatskoj hrastovoj pre\u0161i iz 1927. godine i jedva nekoliko tro\u0161nih ba\u010dava u malom podrumu. Danas, u stalnom traganju za savr\u0161enstvom spoja tradicije, znanja i inovacija, \u0160tampari izbirljivom i zahtjevnom tr\u017ei\u0161tu nude \u0161irok raspon vrhunskih me\u0111imurskih vina.<\/p>\n<h3><strong>GDJE?<\/strong><\/h3>\n<p>Pod istim suncem, na malom zemljopisnom prostoru, na crti koja razdvaja Hrvatsku i Sloveniju, dodiruju se me\u0111imurski bregi i ljutomersko-jeruzalemske gorice. Ba\u0161 tu, tristo metara iznad mora, daleko od prometnica i urbanih vibracija, u jedinstvenom skladu s prirodom, na povr\u0161ini od desetak hektara rastu najbolji vinogradi obitelji \u0160tampar. Na valovitim polo\u017eajima bre\u017euljaka Svetog Urbana i Krpeca u Robadju dozrijevaju najbolje me\u0111imurske kaplje.<\/p>\n<h3><strong>ZA\u0160TO?<\/strong><\/h3>\n<p>Pu\u0161ipel, poput Gra\u0161evine ima nekoliko <em>alter ega<\/em>. Tako \u0107emo ga u Hrvatskoj jo\u0161 na\u010di pod imenom Moslavac, u susjednoj Sloveniji \u0160ipon dok je u Ma\u0111arskoj, napose regiji Tokaj pod nazivom Furmint, zaslu\u017ean za neka od najimpresivnijih desertnih vina svijeta. Mirisom prevladavaju herbalne note poput suhog sijena, potom pregr\u0161t agruma te sasvim blage cvjetne primjese. Retrookus je mo\u017eda najljep\u0161i dio okusa. Izrazito je vo\u0107nog karaktera, mineralan s izvjesnom slasti kao posljedicom kiselkasto slatkaste igre te ugodno gorkastim zavr\u0161etkom.<\/p>\n","protected":false},"excerpt":{"rendered":"<p>Pu\u0161ipel, poput Gra\u0161evine ima nekoliko <em>alter ega<\/em>. Tako \u0107emo ga u Hrvatskoj jo\u0161 na\u010di pod imenom Moslavac, u susjednoj Sloveniji \u0160ipon dok je u Ma\u0111arskoj, napose regiji Tokaj pod nazivom Furmint, zaslu\u017ean za neka od najimpresivnijih desertnih vina svijeta.<\/p>\n","protected":false},"featured_media":4013,"template":"","meta":[],"product_brand":[],"product_cat":[66],"product_tag":[936,485,937,938,939,574],"class_list":{"0":"post-4012","1":"product","2":"type-product","3":"status-publish","4":"has-post-thumbnail","6":"product_cat-bijelo-vino","7":"product_tag-furmint","8":"product_tag-medimurje","9":"product_tag-moslavac","10":"product_tag-pusipel","11":"product_tag-sipon","12":"product_tag-stampar","13":"pa_berba-1633","14":"pa_drzava-hrvatska","15":"pa_regija-zagorje-medimurje-medimurje","16":"pa_sorta-pusipel-moslavac-sipon-furmint","17":"pa_vinarija-stampar","18":"pa_vrste-vina-bijelo-vino","20":"first","21":"instock","22":"shipping-taxable","23":"purchasable","24":"product-type-simple"},"_links":{"self":[{"href":"https:\/\/enozoik.com\/en\/wp-json\/wp\/v2\/product\/4012","targetHints":{"allow":["GET"]}}],"collection":[{"href":"https:\/\/enozoik.com\/en\/wp-json\/wp\/v2\/product"}],"about":[{"href":"https:\/\/enozoik.com\/en\/wp-json\/wp\/v2\/types\/product"}],"wp:featuredmedia":[{"embeddable":true,"href":"https:\/\/enozoik.com\/en\/wp-json\/wp\/v2\/media\/4013"}],"wp:attachment":[{"href":"https:\/\/enozoik.com\/en\/wp-json\/wp\/v2\/media?parent=4012"}],"wp:term":[{"taxonomy":"product_brand","embeddable":true,"href":"https:\/\/enozoik.com\/en\/wp-json\/wp\/v2\/product_brand?post=4012"},{"taxonomy":"product_cat","embeddable":true,"href":"https:\/\/enozoik.com\/en\/wp-json\/wp\/v2\/product_cat?post=4012"},{"taxonomy":"product_tag","embeddable":true,"href":"https:\/\/enozoik.com\/en\/wp-json\/wp\/v2\/product_tag?post=4012"}],"curies":[{"name":"wp","href":"https:\/\/api.w.org\/{rel}","templated":true}]}}