{"id":4015,"date":"2020-04-16T20:03:25","date_gmt":"2020-04-16T20:03:25","guid":{"rendered":"https:\/\/enozoik.com\/enozoik2020\/product\/2018-stampar-muskat-zuti-zagorje-medimurje-medimurje-kupi-online\/"},"modified":"2026-05-11T19:34:34","modified_gmt":"2026-05-11T19:34:34","slug":"2023-stampar-muskat-zuti-zagorje-medimurje-medimurje-kupi-online","status":"publish","type":"product","link":"https:\/\/enozoik.com\/en\/product\/2023-stampar-muskat-zuti-zagorje-medimurje-medimurje-kupi-online\/","title":{"rendered":"2023 \u0160tampar Mu\u0161kat \u017duti Zagorje-Me\u0111imurje, Me\u0111imurje &#8211; kupi online"},"content":{"rendered":"<h3><strong>TKO?<\/strong><\/h3>\n<p>Strast i predanost lozi svih nara\u0161taja obitelji \u0160tampar su jedina i bezuvjetna moneta. Njihova vina po\u010dinju svoj \u017eivot ve\u0107 u vinogradu, kako nekad \u2013 tako i danas. Po\u010delo se sa svega 3000 trsova jedne sorte, u starohrvatskoj hrastovoj pre\u0161i iz 1927. godine i jedva nekoliko tro\u0161nih ba\u010dava u malom podrumu. Danas, u stalnom traganju za savr\u0161enstvom spoja tradicije, znanja i inovacija, \u0160tampari izbirljivom i zahtjevnom tr\u017ei\u0161tu nude \u0161irok raspon vrhunskih me\u0111imurskih vina.<\/p>\n<h3><strong>GDJE?<\/strong><\/h3>\n<p>Pod istim suncem, na malom zemljopisnom prostoru, na crti koja razdvaja Hrvatsku i Sloveniju, dodiruju se me\u0111imurski bregi i ljutomersko-jeruzalemske gorice. Ba\u0161 tu, tristo metara iznad mora, daleko od prometnica i urbanih vibracija, u jedinstvenom skladu s prirodom, na povr\u0161ini od desetak hektara rastu najbolji vinogradi obitelji \u0160tampar. Na valovitim polo\u017eajima bre\u017euljaka Svetog Urbana i Krpeca u Robadju dozrijevaju najbolje me\u0111imurske kaplje.<\/p>\n<h3><strong>ZA\u0160TO?<\/strong><\/h3>\n<p>Svijetlo je zelenkaste boje. Miris je vrlo intenzivan i prepoznatljivo sortan. Tip\u010dnih mu\u0161katnih aroma s ne\u0161to nagla\u0161enijim onim slatkog (ujedno i zrelijeg) karaktera. Rasko\u0161ne i opojne cvjetne note isprepletene su s intenzivnim notama mu\u0161katnog gro\u017e\u0111a. So\u010dnog i izbalansiranog okusa. Sladak no ne i \u201cljepljiv\u201d, zahvaljuju\u0107i odli\u010dno sa\u010duvanim kiselinama ima odli\u010dan balans ostatka sladora i svje\u017eine.<\/p>\n","protected":false},"excerpt":{"rendered":"<p>Tip\u010dnih mu\u0161katnih aroma s ne\u0161to nagla\u0161enijim onim slatkog (ujedno i zrelijeg) karaktera. Rasko\u0161ne i opojne cvjetne note isprepletene su s intenzivnim notama mu\u0161katnog gro\u017e\u0111a.<\/p>\n","protected":false},"featured_media":4016,"template":"","meta":[],"product_brand":[],"product_cat":[66],"product_tag":[485,508,574],"class_list":{"0":"post-4015","1":"product","2":"type-product","3":"status-publish","4":"has-post-thumbnail","6":"product_cat-bijelo-vino","7":"product_tag-medimurje","8":"product_tag-muskat-zuti","9":"product_tag-stampar","10":"pa_berba-1633","11":"pa_drzava-hrvatska","12":"pa_regija-zagorje-medimurje-medimurje","13":"pa_sorta-muskat-zuti","14":"pa_vinarija-stampar","15":"pa_vrste-vina-bijelo-vino","17":"first","18":"instock","19":"shipping-taxable","20":"purchasable","21":"product-type-simple"},"_links":{"self":[{"href":"https:\/\/enozoik.com\/en\/wp-json\/wp\/v2\/product\/4015","targetHints":{"allow":["GET"]}}],"collection":[{"href":"https:\/\/enozoik.com\/en\/wp-json\/wp\/v2\/product"}],"about":[{"href":"https:\/\/enozoik.com\/en\/wp-json\/wp\/v2\/types\/product"}],"wp:featuredmedia":[{"embeddable":true,"href":"https:\/\/enozoik.com\/en\/wp-json\/wp\/v2\/media\/4016"}],"wp:attachment":[{"href":"https:\/\/enozoik.com\/en\/wp-json\/wp\/v2\/media?parent=4015"}],"wp:term":[{"taxonomy":"product_brand","embeddable":true,"href":"https:\/\/enozoik.com\/en\/wp-json\/wp\/v2\/product_brand?post=4015"},{"taxonomy":"product_cat","embeddable":true,"href":"https:\/\/enozoik.com\/en\/wp-json\/wp\/v2\/product_cat?post=4015"},{"taxonomy":"product_tag","embeddable":true,"href":"https:\/\/enozoik.com\/en\/wp-json\/wp\/v2\/product_tag?post=4015"}],"curies":[{"name":"wp","href":"https:\/\/api.w.org\/{rel}","templated":true}]}}