{"id":4142,"date":"2020-05-18T21:42:35","date_gmt":"2020-05-18T21:42:35","guid":{"rendered":"https:\/\/enozoik.com\/enozoik2020\/product\/2019-buzdovan-apple-cider-033l-paket-6-butelja-kupi-online\/"},"modified":"2024-12-20T01:43:02","modified_gmt":"2024-12-20T01:43:02","slug":"2023-buzdovan-apple-cider-033l-paket-6-butelja-kupi-online","status":"publish","type":"product","link":"https:\/\/enozoik.com\/en\/product\/2023-buzdovan-apple-cider-033l-paket-6-butelja-kupi-online\/","title":{"rendered":"2023 Buzdovan Apple Cider 0,33L paket 6 butelja &#8211; kupi online"},"content":{"rendered":"<h3><strong>TKO?<\/strong><\/h3>\n<p>Strast prema ciderima i \u017eelja da se tr\u017ei\u0161tu ponudi prvi pravi <em>craft<\/em> cider, rezultirala je nastankom Buzdovana, novog i zanimljivog hrvatskog branda osnovanog 2016. g. U 16. st. na truniru grofa jurja IV. Zrinskog pobjedio je plemeniti vitez Nikola Malikoci. Da bi vitezu pomogao ugovoriti zaruke s njegovom ljubljenom Izabelom Petroci, grof Zrinski mu je darovao dvorac Gradi\u0161\u010dak i toliko zemlje uokolo, koliko daleko Nikola baci svoj buzdovan. Vitez je sna\u017eno zamahnuo i buzdovan je pao na mjesto gdje danas rastu jabuke od kojih nastaje ovaj cider.<\/p>\n<h3><strong>GDJE?<\/strong><\/h3>\n<p>Malo selo na sjeveru Hrvatske, poznato po uzgoju jabuka i dugoj tradiciji proizvodnje jabu\u010dnice, u ostatku svijeta znane kao cider. Sve jabuke dolaze sa malih poljoprivrednih gospodarstava iz obli\u017enjih vo\u0107njaka kontinentalne Hrvatske. Ru\u010dnom berbom i pa\u017eljivom selekcijom iz svake jabuke dobiven je prirodan proizvod bez aditiva. Aromatika, pjenu\u0161avost i svje\u017eina, koja je rezultat malog ostatka \u0161e\u0107era u cideru, mo\u0107ne su atribucije cidera Buzdovan. Izuzetan proizvod je rezultat posebne selekcije te100% doma\u0107ih jabuka.<\/p>\n<h3><strong>ZA\u0160TO?<\/strong><\/h3>\n<p>Buzdovan je prvi i trenuta\u010dno jedini hrvatski <em>craft<\/em> cider. Kroz dugogodi\u0161nje iskustvo u enologiji na tr\u017ei\u0161te je lansiran vrhunski proizvod u kojem mogu u\u017eivati svi zaljubljenici u cidere ili oni koji tek usvajaju okuse vina od jabuke. Aromati\u010dan, osvje\u017eavaju\u0107 i lagan cider. Na nosu je svje\u017e, vo\u0107an uz note fermentirane zelene jabuke i citrusa. U ustima suh, lepr\u0161ave strukture koja je popra\u0107ena okusom fermentirane zelene jabuke. Ugodna kiselina i umjerena karbonizacija doprinose svje\u017eini i dugotrajnosti okusa.<\/p>\n","protected":false},"excerpt":{"rendered":"<p>Buzdovan je prvi i trenuta\u010dno jedini hrvatski <em>craft<\/em> cider.<\/p>\n","protected":false},"featured_media":4143,"template":"","meta":[],"product_brand":[],"product_cat":[970],"product_tag":[971,972,973],"class_list":{"0":"post-4142","1":"product","2":"type-product","3":"status-publish","4":"has-post-thumbnail","6":"product_cat-cider-jabucnica","7":"product_tag-buzdovan","8":"product_tag-cider","9":"product_tag-jabucnica","10":"pa_berba-1633","11":"pa_drzava-hrvatska","12":"pa_regija-moslavina","13":"pa_sorta-granny-smith-idared-jonagold","15":"first","16":"instock","17":"shipping-taxable","18":"purchasable","19":"product-type-simple"},"_links":{"self":[{"href":"https:\/\/enozoik.com\/en\/wp-json\/wp\/v2\/product\/4142","targetHints":{"allow":["GET"]}}],"collection":[{"href":"https:\/\/enozoik.com\/en\/wp-json\/wp\/v2\/product"}],"about":[{"href":"https:\/\/enozoik.com\/en\/wp-json\/wp\/v2\/types\/product"}],"wp:featuredmedia":[{"embeddable":true,"href":"https:\/\/enozoik.com\/en\/wp-json\/wp\/v2\/media\/4143"}],"wp:attachment":[{"href":"https:\/\/enozoik.com\/en\/wp-json\/wp\/v2\/media?parent=4142"}],"wp:term":[{"taxonomy":"product_brand","embeddable":true,"href":"https:\/\/enozoik.com\/en\/wp-json\/wp\/v2\/product_brand?post=4142"},{"taxonomy":"product_cat","embeddable":true,"href":"https:\/\/enozoik.com\/en\/wp-json\/wp\/v2\/product_cat?post=4142"},{"taxonomy":"product_tag","embeddable":true,"href":"https:\/\/enozoik.com\/en\/wp-json\/wp\/v2\/product_tag?post=4142"}],"curies":[{"name":"wp","href":"https:\/\/api.w.org\/{rel}","templated":true}]}}