{"id":5231,"date":"2021-07-09T00:25:28","date_gmt":"2021-07-09T00:25:28","guid":{"rendered":"https:\/\/www.enozoik.com\/?post_type=product&#038;p=5231"},"modified":"2026-03-19T20:31:14","modified_gmt":"2026-03-19T20:31:14","slug":"2020-vie-di-romans-flors-di-uis-isonzo-friuli-venezia-giulia-kupi-online","status":"publish","type":"product","link":"https:\/\/enozoik.com\/en\/product\/2020-vie-di-romans-flors-di-uis-isonzo-friuli-venezia-giulia-kupi-online\/","title":{"rendered":"2020 Vie di Romans Flors di Uis, Isonzo, Friuli-Venezia Giulia &#8211; kupi online"},"content":{"rendered":"<h3><strong>TKO?<\/strong><\/h3>\n<p>Nepokolebljiva posve\u0107enost obitelji Gallo vinogradima i vinima datira unazad nekoliko stolje\u0107a te je ukorijenjena u mukotrpnoj posve\u0107enosti njenih \u010dlanova poput Basilia, Stelia i Gianfranca. Gianfranco, koji upravlja posjedom od 1978. g., je uveo radikalne i dalekose\u017ene vinogradarske prakse te je posvetio neizmjernu pa\u017enju novim podrumarskim tehnikama. Upravo ti novi uzusi podarili su otisak unikatne osobnosti u Vie di Romans vinima.<\/p>\n<h3><strong>GDJE?<\/strong><\/h3>\n<p>Vie di Romans je smje\u0161ten u srcu Isonza, gdje Gianfrancovih 50 ha vinograda proizvodi oko 250,000 butelji godi\u0161nje. Tlo je kameno i glacijalno te upija svu vrstu oborina poput spu\u017eve. Hladan isto\u010dni vjetar uzrok je velikim razlikama izme\u0111u dnevnih i no\u0107nih temperature koje posljedi\u010dno usporavaju dozrijevanje i omogu\u0107avaju gro\u017e\u0111u da akumulira veliku koncentraciju aroma i okusa. Sve ovo, uz posljedi\u010dno niske prinose kojima Gallo stremi te njegovoj sklonosti ka kasnijim terminima berbe, rezultira izvanrednim intenzitetom i \u00a0bogatstvom.<\/p>\n<h3><strong>ZA\u0160TO?<\/strong><\/h3>\n<p>Jedinstven blend of Malvazije Istarske, Rieslinga i Friulana, slamnato\u017eute je boje te dominantnih florealnih tonova. Nos eksplodira kaleidoskopom cvjetova glicinije i jasmina pro\u0161aranih za\u010dinskim elementima. Zavodljiva aromatska kompozicija se nastavlja i na nepcu u vidu zlatnih deli\u0161es jabuka, marelica, kru\u0161aka i meda pro\u0161aranih mineralnim senzacijama. Delikatne note Rieslinga i Malvazije Istarske se savr\u0161eno stapaju s korpulencijom Friulana. Puno tijelo demonstrira iznena\u0111uju\u0107u snagu dok prirodna svje\u017eina Rieslinga osigurava \u017eivahne kiseline. Zavr\u0161etak je dug, so\u010dan i aromati\u010dan.<\/p>\n","protected":false},"excerpt":{"rendered":"<p>Delikatne note Rieslinga i Malvazije Istarske se savr\u0161eno stapaju s korpulencijom Friulana. Puno tijelo demonstrira iznena\u0111uju\u0107u snagu dok prirodna svje\u017eina Rieslinga osigurava \u017eivahne kiseline.<\/p>\n","protected":false},"featured_media":5232,"template":"","meta":[],"product_brand":[],"product_cat":[66],"product_tag":[1373,1368,36,1372,89,1367],"class_list":{"0":"post-5231","1":"product","2":"type-product","3":"status-publish","4":"has-post-thumbnail","6":"product_cat-bijelo-vino","7":"product_tag-friulano","8":"product_tag-friuli-venezia-giulia","9":"product_tag-italija","10":"product_tag-malvasia-istriana","11":"product_tag-riesling","12":"product_tag-vie-di-romans","13":"pa_berba-1349","14":"pa_drzava-italija","15":"pa_regija-friuli-venezia-giulia","16":"pa_sorta-57-malvasia-istriana-35-riesling-i-8-friulano","17":"pa_vinarija-vie-di-romans","18":"pa_vrste-vina-bijelo-vino","20":"first","21":"outofstock","22":"shipping-taxable","23":"purchasable","24":"product-type-simple"},"_links":{"self":[{"href":"https:\/\/enozoik.com\/en\/wp-json\/wp\/v2\/product\/5231","targetHints":{"allow":["GET"]}}],"collection":[{"href":"https:\/\/enozoik.com\/en\/wp-json\/wp\/v2\/product"}],"about":[{"href":"https:\/\/enozoik.com\/en\/wp-json\/wp\/v2\/types\/product"}],"wp:featuredmedia":[{"embeddable":true,"href":"https:\/\/enozoik.com\/en\/wp-json\/wp\/v2\/media\/5232"}],"wp:attachment":[{"href":"https:\/\/enozoik.com\/en\/wp-json\/wp\/v2\/media?parent=5231"}],"wp:term":[{"taxonomy":"product_brand","embeddable":true,"href":"https:\/\/enozoik.com\/en\/wp-json\/wp\/v2\/product_brand?post=5231"},{"taxonomy":"product_cat","embeddable":true,"href":"https:\/\/enozoik.com\/en\/wp-json\/wp\/v2\/product_cat?post=5231"},{"taxonomy":"product_tag","embeddable":true,"href":"https:\/\/enozoik.com\/en\/wp-json\/wp\/v2\/product_tag?post=5231"}],"curies":[{"name":"wp","href":"https:\/\/api.w.org\/{rel}","templated":true}]}}