{"id":5234,"date":"2021-07-12T22:31:13","date_gmt":"2021-07-12T22:31:13","guid":{"rendered":"https:\/\/www.enozoik.com\/?post_type=product&#038;p=5234"},"modified":"2026-01-05T12:01:45","modified_gmt":"2026-01-05T12:01:45","slug":"2023-vie-di-romans-dolee-friulano-isonzo-friuli-venezia-giulia-kupi-online","status":"publish","type":"product","link":"https:\/\/enozoik.com\/en\/product\/2023-vie-di-romans-dolee-friulano-isonzo-friuli-venezia-giulia-kupi-online\/","title":{"rendered":"2023 Vie di Romans Dol\u00e9e Friulano, Isonzo, Friuli-Venezia Giulia &#8211; kupi online"},"content":{"rendered":"<h3><strong>TKO?<\/strong><\/h3>\n<p>Nepokolebljiva posve\u0107enost obitelji Gallo vinogradima i vinima datira unazad nekoliko stolje\u0107a te je ukorijenjena u mukotrpnoj posve\u0107enosti njenih \u010dlanova poput Basilia, Stelia i Gianfranca. Gianfranco, koji upravlja posjedom od 1978. g., je uveo radikalne i dalekose\u017ene vinogradarske prakse te je posvetio neizmjernu pa\u017enju novim podrumarskim tehnikama. Upravo ti novi uzusi podarili su otisak unikatne osobnosti u Vie di Romans vinima.<\/p>\n<h3><strong>GDJE?<\/strong><\/h3>\n<p>Vie di Romans je smje\u0161ten u srcu Isonza, gdje Gianfrancovih 50 ha vinograda proizvodi oko 250,000 butelji godi\u0161nje. Tlo je kameno i glacijalno te upija svu vrstu oborina poput spu\u017eve. Hladan isto\u010dni vjetar uzrok je velikim razlikama izme\u0111u dnevnih i no\u0107nih temperature koje posljedi\u010dno usporavaju dozrijevanje i omogu\u0107avaju gro\u017e\u0111u da akumulira veliku koncentraciju aroma i okusa. Sve ovo, uz posljedi\u010dno niske prinose kojima Gallo stremi te njegovoj sklonosti ka kasnijim terminima berbe, rezultira izvanrednim intenzitetom i \u00a0bogatstvom.<\/p>\n<h3><strong>ZA\u0160TO?<\/strong><\/h3>\n<p>Dol\u00e9e je jedan od najpopularnijih i najinteresantnijih Friulana u Friuliju. Vie di Romans je imanje od povijesnog zna\u010denja te je uvijek bio referentna to\u010dka cijele regije. Arome meda, citrusa i kru\u0161aka upotpunjene notama zrelih banana inicijalni su uvod u njegov impozantni aromatski spektar. Na nepcu mekane teksture ali i odli\u010dne tenzije zahvaljuju\u0107i vibrantnim kiselinama (malolakti\u010dna fermentacija se namjerno blokira) \u010dine idealnu kulisu koja se pretvara u vi\u0161eslojni amalgam poput marelica, dinja, dunja te svje\u017eih bresaka. Monumentalna strukrura podcrtana je fino garniranom mineralno\u0161\u0107u.<\/p>\n","protected":false},"excerpt":{"rendered":"<p>Na nepcu mekane teksture ali i odli\u010dne tenzije zahvaljuju\u0107i vibrantnim kiselinama (malolakti\u010dna fermentacija se namjerno blokira) \u010dine idealnu kulisu koja se pretvara u vi\u0161eslojni amalgam poput marelica, dinja, dunja te svje\u017eih bresaka.<\/p>\n","protected":false},"featured_media":5235,"template":"","meta":[],"product_brand":[],"product_cat":[66],"product_tag":[1373,1368,36,1376,1367],"class_list":{"0":"post-5234","1":"product","2":"type-product","3":"status-publish","4":"has-post-thumbnail","6":"product_cat-bijelo-vino","7":"product_tag-friulano","8":"product_tag-friuli-venezia-giulia","9":"product_tag-italija","10":"product_tag-sauvignonasse","11":"product_tag-vie-di-romans","12":"pa_berba-1633","13":"pa_drzava-italija","14":"pa_regija-friuli-venezia-giulia","15":"pa_sorta-friulano","16":"pa_vinarija-vie-di-romans","17":"pa_vrste-vina-bijelo-vino","19":"first","20":"instock","21":"shipping-taxable","22":"purchasable","23":"product-type-simple"},"_links":{"self":[{"href":"https:\/\/enozoik.com\/en\/wp-json\/wp\/v2\/product\/5234","targetHints":{"allow":["GET"]}}],"collection":[{"href":"https:\/\/enozoik.com\/en\/wp-json\/wp\/v2\/product"}],"about":[{"href":"https:\/\/enozoik.com\/en\/wp-json\/wp\/v2\/types\/product"}],"wp:featuredmedia":[{"embeddable":true,"href":"https:\/\/enozoik.com\/en\/wp-json\/wp\/v2\/media\/5235"}],"wp:attachment":[{"href":"https:\/\/enozoik.com\/en\/wp-json\/wp\/v2\/media?parent=5234"}],"wp:term":[{"taxonomy":"product_brand","embeddable":true,"href":"https:\/\/enozoik.com\/en\/wp-json\/wp\/v2\/product_brand?post=5234"},{"taxonomy":"product_cat","embeddable":true,"href":"https:\/\/enozoik.com\/en\/wp-json\/wp\/v2\/product_cat?post=5234"},{"taxonomy":"product_tag","embeddable":true,"href":"https:\/\/enozoik.com\/en\/wp-json\/wp\/v2\/product_tag?post=5234"}],"curies":[{"name":"wp","href":"https:\/\/api.w.org\/{rel}","templated":true}]}}