{"id":5502,"date":"2020-07-02T21:56:29","date_gmt":"2020-07-02T21:56:29","guid":{"rendered":"https:\/\/www.enozoik.com\/product\/2019-buzdovan-degustacijski-cider-paket-3-butelje-033l-apple-red-apple-elderflower-cider-kupi-online\/"},"modified":"2025-06-04T14:41:57","modified_gmt":"2025-06-04T14:41:57","slug":"2019-buzdovan-degustacijski-cider-paket-3-butelje-033l-apple-red-apple-elderflower-cider-kupi-online","status":"publish","type":"product","link":"https:\/\/enozoik.com\/en\/product\/2019-buzdovan-degustacijski-cider-paket-3-butelje-033l-apple-red-apple-elderflower-cider-kupi-online\/","title":{"rendered":"2023Buzdovan degustacijski cider paket 3 butelje 0,33L (Apple, Red Apple &amp; Elderflower cider) &#8211; kupi online"},"content":{"rendered":"<h3><strong>TKO?<\/strong><\/h3>\n<p>Strast prema ciderima i \u017eelja da se tr\u017ei\u0161tu ponudi prvi pravi craft cider, rezultirala je nastankom Buzdovana, novog i zanimljivog hrvatskog branda osnovanog 2016. g. U 16. st. na truniru grofa jurja IV. Zrinskog pobjedio je plemeniti vitez Nikola Malikoci. Da bi vitezu pomogao ugovoriti zaruke s njegovom ljubljenom Izabelom Petroci, grof Zrinski mu je darovao dvorac Gradi\u0161\u010dak i toliko zemlje uokolo, koliko daleko Nikola baci svoj buzdovan. Vitez je sna\u017eno zamahnuo i buzdovan je pao na mjesto gdje danas rastu jabuke od kojih nastaje ovaj cider.<\/p>\n<h3><strong>GDJE?<\/strong><\/h3>\n<p>Malo selo na sjeveru Hrvatske, poznato po uzgoju jabuka i dugoj tradiciji proizvodnje jabu\u010dnice, u ostatku svijeta znane kao cider. Sve jabuke dolaze sa malih poljoprivrednih gospodarstava iz obli\u017enjih vo\u0107njaka kontinentalne Hrvatske. Ru\u010dnom berbom i pa\u017eljivom selekcijom iz svake jabuke dobiven je prirodan proizvod bez aditiva. Aromatika, pjenu\u0161avost i svje\u017eina, koja je rezultat malog ostatka \u0161e\u0107era u cideru, mo\u0107ne su atribucije cidera Buzdovan. Izuzetan proizvod je rezultat posebne selekcije te100% doma\u0107ih jabuka.<\/p>\n<h3><strong>ZA\u0160TO?<\/strong><\/h3>\n<p>Buzdovan je prvi i trenuta\u010dno jedini hrvatski craft cider. Kroz dugogodi\u0161nje iskustvo u enologiji na tr\u017ei\u0161te je lansiran vrhunski proizvod u kojem mogu u\u017eivati svi zaljubljenici u cidere ili oni koji tek usvajaju okuse vina od jabuke. Degustacijski paket sadr\u017ei sva tri stila (Apple Cider, Red Apple Cider te Apple &amp; Elderflower cider) \u0161to ga \u010dini idealnim odabirom za sve one koji tek ulaze u svijet ozbiljnih cidera ali i one koji se jo\u0161 ne mogu odlu\u010diti koji je njihov favorit. Va\u017eno je istaknuti da ovi cideri imaju veliki gastronomski potencijal.<\/p>\n<p>&nbsp;<\/p>\n","protected":false},"excerpt":{"rendered":"<p>Buzdovan je prvi i trenuta\u010dno jedini hrvatski craft cider.<\/p>\n","protected":false},"featured_media":4888,"template":"","meta":[],"product_brand":[],"product_cat":[1012],"product_tag":[1448,1449,1451,1450],"class_list":{"0":"post-5502","1":"product","2":"type-product","3":"status-publish","4":"has-post-thumbnail","6":"product_cat-cider","7":"product_tag-buzdovan-en","8":"product_tag-cider-en","9":"product_tag-degustacijski-paket-en","10":"product_tag-jabucnica-en","11":"pa_berba-2023-en","12":"pa_drzava-croatia","13":"pa_regija-moslavina-en","14":"pa_sorta-granny-smith-idared-jonagold-en","16":"first","17":"instock","18":"shipping-taxable","19":"purchasable","20":"product-type-simple"},"_links":{"self":[{"href":"https:\/\/enozoik.com\/en\/wp-json\/wp\/v2\/product\/5502","targetHints":{"allow":["GET"]}}],"collection":[{"href":"https:\/\/enozoik.com\/en\/wp-json\/wp\/v2\/product"}],"about":[{"href":"https:\/\/enozoik.com\/en\/wp-json\/wp\/v2\/types\/product"}],"wp:featuredmedia":[{"embeddable":true,"href":"https:\/\/enozoik.com\/en\/wp-json\/wp\/v2\/media\/4888"}],"wp:attachment":[{"href":"https:\/\/enozoik.com\/en\/wp-json\/wp\/v2\/media?parent=5502"}],"wp:term":[{"taxonomy":"product_brand","embeddable":true,"href":"https:\/\/enozoik.com\/en\/wp-json\/wp\/v2\/product_brand?post=5502"},{"taxonomy":"product_cat","embeddable":true,"href":"https:\/\/enozoik.com\/en\/wp-json\/wp\/v2\/product_cat?post=5502"},{"taxonomy":"product_tag","embeddable":true,"href":"https:\/\/enozoik.com\/en\/wp-json\/wp\/v2\/product_tag?post=5502"}],"curies":[{"name":"wp","href":"https:\/\/api.w.org\/{rel}","templated":true}]}}