{"id":5503,"date":"2020-04-20T20:25:26","date_gmt":"2020-04-20T20:25:26","guid":{"rendered":"https:\/\/www.enozoik.com\/product\/nv-legovina-malvazija-perlata-brut-hrvatska-istra-zapadna-istra-kupi-online\/"},"modified":"2024-05-11T05:38:02","modified_gmt":"2024-05-11T05:38:02","slug":"nv-legovina-malvazija-perlata-brut-hrvatska-istra-zapadna-istra-kupi-online","status":"publish","type":"product","link":"https:\/\/enozoik.com\/en\/product\/nv-legovina-malvazija-perlata-brut-hrvatska-istra-zapadna-istra-kupi-online\/","title":{"rendered":"NV Legovina Malvazija Perlata brut Hrvatska Istra, Zapadna Istra &#8211; buy online"},"content":{"rendered":"<div class=\"flex flex-grow flex-col max-w-full\">\n<div class=\"min-h-[20px] text-message flex flex-col items-start whitespace-pre-wrap break-words [.text-message+&amp;]:mt-5 juice:w-full juice:items-end overflow-x-auto gap-3\" dir=\"auto\" data-message-author-role=\"assistant\" data-message-id=\"656d7a52-553f-4980-a0cd-2f8efc76b424\">\n<div class=\"markdown prose w-full break-words dark:prose-invert light\">\n<p>WHO?<\/p>\n<p>The wine legacy of the Legovi\u0107 family dates back to 1937, with four generations of vine growers and winemakers deeply rooted in Istrian terroir managing 12 hectares of vineyards. Walter (formerly the head winemaker at Agrolaguna) and his son Marko, dedicated themselves fully to winemaking, planting selected grape varieties from internationally renowned regions, ensuring a quality that has no alternative.<\/p>\n<p>WHERE?<\/p>\n<p>In Western Istria, not far from the picturesque village of Ka\u0161telir, lies Meki\u0161i, a traditional Istrian farmhouse that is now the residence and cellar of the Legovi\u0107 family. The vineyards are located at an altitude of 220-250 meters on the famous Istrian red soil, rich in bauxite and high iron content, which imparts a strong mineral stamp to the wines. Here, the essence of the terroir is poured into the glass in the best possible manner.<\/p>\n<p>WHY?<\/p>\n<p>When creating their first sparkling wine, the Legovi\u0107 family didn&#8217;t take the &#8220;path of least resistance&#8221; by playing it safe with Chardonnay as a cosmopolitan grape variety. Instead, they uncompromisingly remained true to their immersion in the local terroir and produced their first bubbles from Malvazija Istarska. The intense perlage of delicate bubbles further emphasizes the floral-fruity aspect of Malvazija. The Charmat method, or secondary fermentation in large isobaric tanks, also enhances the liveliness of green apple aromas and discreet herbal notes that dominate the finish alongside a touch of minerality.<\/p>\n<\/div>\n<\/div>\n<\/div>\n","protected":false},"excerpt":{"rendered":"<div class=\"flex-1 overflow-hidden\">\n<div class=\"react-scroll-to-bottom--css-glvmn-79elbk h-full\">\n<div class=\"react-scroll-to-bottom--css-glvmn-1n7m0yu\">\n<div>\n<div class=\"flex flex-col text-sm pb-9\">\n<div class=\"w-full text-token-text-primary\" dir=\"auto\" data-testid=\"conversation-turn-25\" data-scroll-anchor=\"true\">\n<div class=\"py-2 px-3 text-base md:px-4 m-auto md:px-5 lg:px-1 xl:px-5\">\n<div class=\"mx-auto flex flex-1 gap-3 text-base juice:gap-4 juice:md:gap-6 md:max-w-3xl lg:max-w-[40rem] xl:max-w-[48rem]\">\n<div class=\"relative flex w-full min-w-0 flex-col agent-turn\">\n<div class=\"flex-col gap-1 md:gap-3\">\n<div class=\"flex flex-grow flex-col max-w-full\">\n<div class=\"min-h-[20px] text-message flex flex-col items-start whitespace-pre-wrap break-words [.text-message+&amp;]:mt-5 juice:w-full juice:items-end overflow-x-auto gap-3\" dir=\"auto\" data-message-author-role=\"assistant\" data-message-id=\"656d7a52-553f-4980-a0cd-2f8efc76b424\">\n<div class=\"markdown prose w-full break-words dark:prose-invert light\"><\/div>\n<\/div>\n<\/div>\n<div class=\"pr-2 lg:pr-0\">When creating their first sparkling wine, the Legovi\u0107 family didn&#8217;t take the &#8220;path of least resistance&#8221; by playing it safe with Chardonnay as a cosmopolitan grape variety. Instead, they uncompromisingly remained true to their immersion in the local terroir and produced their first bubbles from Malvazija Istarska.<\/div>\n<\/div>\n<div class=\"absolute\">\n<div class=\"flex w-full gap-2 items-center justify-center\"><\/div>\n<\/div>\n<\/div>\n<\/div>\n<\/div>\n<\/div>\n<\/div>\n<\/div>\n<\/div>\n<\/div>\n<\/div>\n<div class=\"w-full md:pt-0 dark:border-white\/20 md:border-transparent md:dark:border-transparent md:w-[calc(100%-.5rem)] juice:w-full\">\n<div class=\"px-3 text-base md:px-4 m-auto md:px-5 lg:px-1 xl:px-5\">\n<div class=\"mx-auto flex flex-1 gap-3 text-base juice:gap-4 juice:md:gap-6 md:max-w-3xl lg:max-w-[40rem] xl:max-w-[48rem]\">\n<form class=\"w-full\">\n<div class=\"relative flex h-full max-w-full flex-1 flex-col\">\n<div class=\"absolute bottom-full left-0 right-0\"><\/div>\n<div class=\"flex w-full items-center\"><\/div>\n<\/div>\n<\/form>\n<\/div>\n<\/div>\n<\/div>\n","protected":false},"featured_media":4881,"template":"","meta":[],"product_brand":[],"product_cat":[1016],"product_tag":[1453,1454,1444,1452,1455,1443],"class_list":{"0":"post-5503","1":"product","2":"type-product","3":"status-publish","4":"has-post-thumbnail","6":"product_cat-sparkling-wine","7":"product_tag-brut-en-2","8":"product_tag-charmat-en-2","9":"product_tag-hrvatska-istra-en-2","10":"product_tag-legovina-en-2","11":"product_tag-perlata-en-2","12":"product_tag-zapadna-istra-en-2","13":"pa_berba-nv-en","14":"pa_drzava-croatia","15":"pa_regija-croatian-istria-western-istria","16":"pa_sorta-malvazija-istarska-en","17":"pa_vinarija-legovina-en","18":"pa_vrste-vina-sparkling-wine","20":"first","21":"outofstock","22":"shipping-taxable","23":"purchasable","24":"product-type-simple"},"_links":{"self":[{"href":"https:\/\/enozoik.com\/en\/wp-json\/wp\/v2\/product\/5503","targetHints":{"allow":["GET"]}}],"collection":[{"href":"https:\/\/enozoik.com\/en\/wp-json\/wp\/v2\/product"}],"about":[{"href":"https:\/\/enozoik.com\/en\/wp-json\/wp\/v2\/types\/product"}],"wp:featuredmedia":[{"embeddable":true,"href":"https:\/\/enozoik.com\/en\/wp-json\/wp\/v2\/media\/4881"}],"wp:attachment":[{"href":"https:\/\/enozoik.com\/en\/wp-json\/wp\/v2\/media?parent=5503"}],"wp:term":[{"taxonomy":"product_brand","embeddable":true,"href":"https:\/\/enozoik.com\/en\/wp-json\/wp\/v2\/product_brand?post=5503"},{"taxonomy":"product_cat","embeddable":true,"href":"https:\/\/enozoik.com\/en\/wp-json\/wp\/v2\/product_cat?post=5503"},{"taxonomy":"product_tag","embeddable":true,"href":"https:\/\/enozoik.com\/en\/wp-json\/wp\/v2\/product_tag?post=5503"}],"curies":[{"name":"wp","href":"https:\/\/api.w.org\/{rel}","templated":true}]}}