{"id":5504,"date":"2020-02-25T01:41:18","date_gmt":"2020-02-25T01:41:18","guid":{"rendered":"https:\/\/www.enozoik.com\/product\/jancis-robinson-bokal-za-vodu-kupi-online\/"},"modified":"2021-12-24T11:11:04","modified_gmt":"2021-12-24T11:11:04","slug":"jancis-robinson-bokal-za-vodu-kupi-online","status":"publish","type":"product","link":"https:\/\/enozoik.com\/en\/product\/jancis-robinson-bokal-za-vodu-kupi-online\/","title":{"rendered":"Jancis Robinson bokal za vodu &#8211; kupi online"},"content":{"rendered":"<h3><strong>TKO?<\/strong><\/h3>\n<p>Sublimiraju\u0107i vinsku ekspertizu i rafinirani dizajn, Jancis Robinson kolekcija je rezultat istinske interdisciplinarne suradnje i partnerstva izme\u0111u proslavljenog dizajnera Richarda Brendona te najcjenjenije vinske kriti\u010darke i novinarke trenutno u svijetu. Osim \u0161to je funkcionalno savr\u0161ena, Jancis Robinson zbirka je filigranski precizno kreirana kako bi stvorila \u00a0osje\u0107aj profinjenosti, elegancije i vje\u010dnosti. Ultra tanak no izvanredno sna\u017ean, ru\u010dno puhani kristal \u00a0stavlja vinoljupca u intimni kontakt s vinom te time maksimalno poja\u010dava ku\u0161a\u010dko iskustvo.<\/p>\n<h3><strong>GDJE?<\/strong><\/h3>\n<p>Svaki dio Jancis Robinson kolekcije je u artizanalnoj maniri ru\u010dno puhan i dolazi iz dijela Europe koja ovu vje\u0161tinu i tradiciju pomno njeguje i usavr\u0161ava ve\u0107 stotinama godina. Staklopuha\u010di su virtuozi svog zanata \u010diji je glavni imperativ bio izraditi \u010da\u0161u koja \u0107e biti ba\u0161 onako graciozna i lagana kakvom su je zamislili njeni idejni tvorci. Najizazovniji dio je bio pogoditi optimalni odnos kvalitete i te\u017eine samih proizvoda. Nebrojeno mnogo prototipova je prethodilo finalnom proizvodu koji je morao do savr\u0161enstva udovoljiti visoko postavljenim estetskim standardima.<\/p>\n<h3><strong>ZA\u0160TO?<\/strong><\/h3>\n<p>Ovaj vizualno atraktivno dizajniran bokal za vodu nije ni\u0161ta drugo doli dekanter za arhivska vina ali bez zatvara\u010da. Suptilan i univerzalan, slijedi jedinstvenu potku zakrivljenosti Vinske \u010ca\u0161e i \u010da\u0161e za vodu kako bi tvorio idealnu pratnju ostatku kolekcije. Tako\u0111er idealno pristaje i u vrata od hladnjaka, \u010duvaju\u0107i va\u0161u vodu ili bijelo vino idealno rashla\u0111enim.<\/p>\n<p>&nbsp;<\/p>\n","protected":false},"excerpt":{"rendered":"<p>Ovaj vizualno atraktivno dizajniran bokal za vodu nije ni\u0161ta drugo doli dekanter za arhivska vina ali bez zatvara\u010da.<\/p>\n","protected":false},"featured_media":4867,"template":"","meta":[],"product_brand":[],"product_cat":[1009],"product_tag":[1459,1458,1456,1457],"class_list":{"0":"post-5504","1":"product","2":"type-product","3":"status-publish","4":"has-post-thumbnail","6":"product_cat-wine-glasses-and-decanter","7":"product_tag-bokal-za-vodu-en","8":"product_tag-dekanter-en","9":"product_tag-jancis-robinson-en-2","10":"product_tag-richard-brandon-en-2","12":"first","13":"instock","14":"shipping-taxable","15":"purchasable","16":"product-type-simple"},"_links":{"self":[{"href":"https:\/\/enozoik.com\/en\/wp-json\/wp\/v2\/product\/5504","targetHints":{"allow":["GET"]}}],"collection":[{"href":"https:\/\/enozoik.com\/en\/wp-json\/wp\/v2\/product"}],"about":[{"href":"https:\/\/enozoik.com\/en\/wp-json\/wp\/v2\/types\/product"}],"wp:featuredmedia":[{"embeddable":true,"href":"https:\/\/enozoik.com\/en\/wp-json\/wp\/v2\/media\/4867"}],"wp:attachment":[{"href":"https:\/\/enozoik.com\/en\/wp-json\/wp\/v2\/media?parent=5504"}],"wp:term":[{"taxonomy":"product_brand","embeddable":true,"href":"https:\/\/enozoik.com\/en\/wp-json\/wp\/v2\/product_brand?post=5504"},{"taxonomy":"product_cat","embeddable":true,"href":"https:\/\/enozoik.com\/en\/wp-json\/wp\/v2\/product_cat?post=5504"},{"taxonomy":"product_tag","embeddable":true,"href":"https:\/\/enozoik.com\/en\/wp-json\/wp\/v2\/product_tag?post=5504"}],"curies":[{"name":"wp","href":"https:\/\/api.w.org\/{rel}","templated":true}]}}