{"id":5506,"date":"2019-07-15T19:25:14","date_gmt":"2019-07-15T19:25:14","guid":{"rendered":"https:\/\/www.enozoik.com\/product\/2017-inniskillin-riesling-icewine-niagara-ontario-0375l-kupi-online\/"},"modified":"2019-07-15T19:25:14","modified_gmt":"2019-07-15T19:25:14","slug":"2017-inniskillin-riesling-icewine-niagara-ontario-0375l-kupi-online","status":"publish","type":"product","link":"https:\/\/enozoik.com\/en\/product\/2017-inniskillin-riesling-icewine-niagara-ontario-0375l-kupi-online\/","title":{"rendered":"2017 Inniskillin Riesling Icewine Niagara Ontario 0,375L &#8211; kupi online"},"content":{"rendered":"<h3><strong>TKO?<\/strong><\/h3>\n<p>Inniskillin je osnovan 1975 g. od strane austrijskog kemi\u010dara Karl Kaisera te kanadsko talijanskog agronoma Donalda Ziralda, koji je neumorno radio na introduciranju najadekvatnijih klonova te optimalnih vinogradarskih tehnika u Niagaru. Inniskillin je trenutno sinonim za vrhunsko ledeno vino te konstantno podi\u017ee ljestvicu vi\u0161e u odnosu na svoju konkurenciju. Berba se odvija tek kad gro\u017e\u0111e nakupi vi\u0161e ukupnih \u0161e\u0107era nego \u0161to to zahtijeva kanadska vinska alijansa VQA (Vintners Quality Alliance) \u0161to posljedi\u010dno rezultira bogatijim, izda\u0161nijim uratcima neponovljiva karaktera te gotovo bezvremenske trajnosti.<\/p>\n<h3><strong>GDJE?<\/strong><\/h3>\n<p>Gro\u017e\u0111e za ovo ledeno vino je pobrano iz odabranih vinograda u Niagari, smje\u0161tenih u hladnom klimatu istoimenog poluotoka. Tlo bogato mineralima nastalo je kao rezultat topljenja ledenjaka koji su iza sebe ostavlili naslage razli\u010dite granulacije i sastava poput \u0161ljunka, pijeska i gline prije gotovo 13.000 godina. Zahvaljuju\u0107i moderiraju\u0107em utjecaju jezera Ontario i rijeke Niagara, regionalne temperature tijekom faze dozrijevanja gro\u017e\u0111a su blagotvorne i konstantne.<\/p>\n<h3><strong>ZA\u0160TO?<\/strong><\/h3>\n<p>Teku\u0107e zlato! Berba za ovo jedinstveno vino odvija se na vrhuncu surove kanadske zime. Gro\u017e\u0111e se prirodno smrzava na lozi te potom bere kada temperature padne ispod ledenih -10\u00b0C. Svega nekoliko kapi ovog koncentriranog nektara biva istije\u0161teno iz svakog grozda. Mo\u0161t potom polako fermentira \u0161to \u0107e u kona\u010dnici rezultirati egzoti\u010dnim raritetom poznatim kao ledeno vino \u2013 istinski dar zime svim vinoljupcima.<\/p>\n<h3><strong>Wine Spectator \u2013 93 pts<\/strong><\/h3>\n<h3><strong>Wine Enthusiast \u2013 92 pts<\/strong><\/h3>\n","protected":false},"excerpt":{"rendered":"<p>Teku\u0107e zlato! Berba za ovo jedinstveno vino odvija se na vrhuncu surove kanadske zime. Gro\u017e\u0111e se prirodno smrzava na lozi te potom bere kada temperature padne ispod ledenih -10\u00b0C.<\/p>\n","protected":false},"featured_media":4836,"template":"","meta":[],"product_brand":[],"product_cat":[1018],"product_tag":[1461,1462,1463,1464,1469,1470,1465,1468],"class_list":{"0":"post-5506","1":"product","2":"type-product","3":"status-publish","4":"has-post-thumbnail","6":"product_cat-sweet-wine","7":"product_tag-canada-en-2","8":"product_tag-icewine-en-2","9":"product_tag-inniskillin-en-2","10":"product_tag-kanada-en-2","11":"product_tag-ledeno-vino-en-2","12":"product_tag-niagara-en-2","13":"product_tag-ontario-en-2","14":"product_tag-riesling-en-3","15":"pa_berba-2018-en","16":"pa_drzava-canada","17":"pa_regija-niagara-ontario-en","18":"pa_sorta-riesling-en","19":"pa_vinarija-inniskillin-en","20":"pa_vrste-vina-sweet-wine","22":"first","23":"instock","24":"shipping-taxable","25":"purchasable","26":"product-type-simple"},"_links":{"self":[{"href":"https:\/\/enozoik.com\/en\/wp-json\/wp\/v2\/product\/5506","targetHints":{"allow":["GET"]}}],"collection":[{"href":"https:\/\/enozoik.com\/en\/wp-json\/wp\/v2\/product"}],"about":[{"href":"https:\/\/enozoik.com\/en\/wp-json\/wp\/v2\/types\/product"}],"wp:featuredmedia":[{"embeddable":true,"href":"https:\/\/enozoik.com\/en\/wp-json\/wp\/v2\/media\/4836"}],"wp:attachment":[{"href":"https:\/\/enozoik.com\/en\/wp-json\/wp\/v2\/media?parent=5506"}],"wp:term":[{"taxonomy":"product_brand","embeddable":true,"href":"https:\/\/enozoik.com\/en\/wp-json\/wp\/v2\/product_brand?post=5506"},{"taxonomy":"product_cat","embeddable":true,"href":"https:\/\/enozoik.com\/en\/wp-json\/wp\/v2\/product_cat?post=5506"},{"taxonomy":"product_tag","embeddable":true,"href":"https:\/\/enozoik.com\/en\/wp-json\/wp\/v2\/product_tag?post=5506"}],"curies":[{"name":"wp","href":"https:\/\/api.w.org\/{rel}","templated":true}]}}