{"id":5507,"date":"2019-02-21T01:54:02","date_gmt":"2019-02-21T01:54:02","guid":{"rendered":"https:\/\/www.enozoik.com\/product\/nv-valdespino-palo-cortado-viejo-c-p-sherry-jerez-andalucia-kupi-online\/"},"modified":"2024-11-29T00:00:15","modified_gmt":"2024-11-29T00:00:15","slug":"nv-valdespino-palo-cortado-viejo-c-p-sherry-jerez-andalucia-kupi-online","status":"publish","type":"product","link":"https:\/\/enozoik.com\/en\/product\/nv-valdespino-palo-cortado-viejo-c-p-sherry-jerez-andalucia-kupi-online\/","title":{"rendered":"NV Valdespino Palo Cortado `Viejo C.P.` Sherry, Jerez, Andalucia &#8211; kupi online"},"content":{"rendered":"<h3><strong>TKO?<\/strong><\/h3>\n<p>Valdespino, jedan od najstarijih te svega jedan od nekolicine obiteljskih proizvo\u0111a\u010da u Jerezu. Alfonso Valdespino je bio vitez koji se uz kralja Alfonsa X borio za grad Jerez protiv Arapa davne 1264.g. Kao nagradu za njegovu po\u017ertvovnost darovana mu je zemlja u Jerezu. Danas je Valdespino u vlasni\u0161tvu obitelji Estevez koja posjeduje 750 ha pod nasadima te jedna od rijetkih koja radi <em>single vineyard<\/em> Sherrye.<\/p>\n<h3><strong>GDJE?<\/strong><\/h3>\n<p><em>Single vineyard<\/em> (Pago) Macharnudo Alto je smje\u0161ten u tvz. \u2018High Jerez\u2019 zoni na 135 m. iznad razine mora. Bijelo specifi\u010dno <em>albariza<\/em> tlo, tipi\u010dno za Jerez, sa\u010dinjeno je od slojeva zemlje i bogato morskim fosilima. Zahvaljuju\u0107i visokom sadr\u017eaju kalcijevog karbonata, njegova glinasta tekstura se ne raspada; u vla\u017enom stanju je mekana te upija vodu poput spu\u017eve. Kada se osu\u0161i formira tvrdi sloj koji sprije\u010dava evaporaciju (isu\u0161ivanje).<\/p>\n<h3><strong>ZA\u0160TO?<\/strong><\/h3>\n<p>Valdespino je \u010desto tituliran kao \u201cRomanee-Conti Jereza\u201d dok njihov Palo Cortado Viejo C.P. predstavlja sam vrh hijerarhije u Sherryu. Etimolo\u0161ki <em>Calle Ponce<\/em> simbolizira cestu gdje je stari podrum bio smje\u0161ten. Buteljiran je nakon 25 godina (u prosjeku) oksidativnog odle\u017eavanja u sistemu <em>solera<\/em>. Intenzivne je mahagonij boje. Rasko\u0161nog i prekrasno definiranog nosa \u010diji opus \u010dine note tostiranih lje\u0161njaka, orasa, dima, mineral citrusa te klin\u010di\u0107a. Na nepcu eksplozija su\u0161enog vo\u0107a, slatkih za\u010dina i vanilije. Punog tijela, monumentalne teksture i beskrajnog zavr\u0161etka.<\/p>\n<h3><strong>Wine &amp; Spirits &#8211; 96 pts<\/strong><\/h3>\n<h3><strong>Robert Parker, The Wine Advocate \u2013 93 pts<\/strong><\/h3>\n","protected":false},"excerpt":{"rendered":"<p>Valdespino je \u010desto tituliran kao \u201cRomanee-Conti Jereza\u201d dok njihov Palo Cortado Viejo C.P. predstavlja sam vrh hijerarhije u Sherryu.<\/p>\n","protected":false},"featured_media":4803,"template":"","meta":[],"product_brand":[],"product_cat":[1013],"product_tag":[1475,1472,1476,1474,1473,1471],"class_list":{"0":"post-5507","1":"product","2":"type-product","3":"status-publish","4":"has-post-thumbnail","6":"product_cat-fortified-wine","7":"product_tag-andalucia-en-2","8":"product_tag-jerez-en-2","9":"product_tag-palo-cortado-en-2","10":"product_tag-palomino-fino-en-2","11":"product_tag-sherry-en-2","12":"product_tag-spanjolska-en","13":"pa_berba-nv-en","14":"pa_drzava-spain","15":"pa_regija-jerez-xeres-sherry-en","16":"pa_sorta-palomino-fino-en","17":"pa_vinarija-valdespino-en","18":"pa_vrste-vina-fontondi-wine","20":"first","21":"instock","22":"shipping-taxable","23":"purchasable","24":"product-type-simple"},"_links":{"self":[{"href":"https:\/\/enozoik.com\/en\/wp-json\/wp\/v2\/product\/5507","targetHints":{"allow":["GET"]}}],"collection":[{"href":"https:\/\/enozoik.com\/en\/wp-json\/wp\/v2\/product"}],"about":[{"href":"https:\/\/enozoik.com\/en\/wp-json\/wp\/v2\/types\/product"}],"wp:featuredmedia":[{"embeddable":true,"href":"https:\/\/enozoik.com\/en\/wp-json\/wp\/v2\/media\/4803"}],"wp:attachment":[{"href":"https:\/\/enozoik.com\/en\/wp-json\/wp\/v2\/media?parent=5507"}],"wp:term":[{"taxonomy":"product_brand","embeddable":true,"href":"https:\/\/enozoik.com\/en\/wp-json\/wp\/v2\/product_brand?post=5507"},{"taxonomy":"product_cat","embeddable":true,"href":"https:\/\/enozoik.com\/en\/wp-json\/wp\/v2\/product_cat?post=5507"},{"taxonomy":"product_tag","embeddable":true,"href":"https:\/\/enozoik.com\/en\/wp-json\/wp\/v2\/product_tag?post=5507"}],"curies":[{"name":"wp","href":"https:\/\/api.w.org\/{rel}","templated":true}]}}