{"id":5510,"date":"2021-12-15T00:27:44","date_gmt":"2021-12-15T00:27:44","guid":{"rendered":"https:\/\/www.enozoik.com\/product\/veliki-mjehurici-kupi-online\/"},"modified":"2022-01-02T00:00:05","modified_gmt":"2022-01-02T00:00:05","slug":"veliki-mjehurici-kupi-online","status":"publish","type":"product","link":"https:\/\/enozoik.com\/en\/product\/veliki-mjehurici-kupi-online\/","title":{"rendered":"Veliki mjehuri\u0107i &#8211; kupi online"},"content":{"rendered":"<h3><strong>OPIS<\/strong>:<\/h3>\n<div>Mjehuri\u0107i su za\u0161titni znak ovih blagdana. Svaki sve\u010dani stol uz posebne trenutke zaslu\u017euje mjehuri\u0107e da obilje\u017ee ba\u0161 taj poseban trenutak. Ne propustite cijeli set inspirativnih pjenu\u0161aca\u2026 Otkrijte na\u0161u ponudu u ovom Maxi sparkling setu! \u017divjeli!<\/div>\n<h3><strong>SASTAVNICE SETA:<\/strong><\/h3>\n<div>NV Charles Heidsieck Ros\u00e9 R\u00e9serve Brut Champagne<\/div>\n<div>NV Charles Heidsieck Brut Reserve Champagne<\/div>\n<div>2014 Bride Valley Blanc de Blancs, West Dorset<\/div>\n<div>MV Nyetimber Classic Cuvee Multi-Vintage West Sussex<\/div>\n<div>2016 Jaguni\u0107 Blanc de Blancs Non Dosage<\/div>\n<div>NV Ca\u2019 di Alte Prosecco Spumante<\/div>\n<div><\/div>\n<h3><strong>PUNA CIJENA:<\/strong> 1.813,00 kn<\/h3>\n<h3><strong>PROMO ENOZOIK BO\u017dI\u0106NA CIJENA:<\/strong> 1.550,00 kn<\/h3>\n","protected":false},"excerpt":{"rendered":"<p>Mjehuri\u0107i su za\u0161titni znak ovih blagdana. Svaki sve\u010dani stol uz posebne trenutke zaslu\u017euje mjehuri\u0107e da obilje\u017ee ba\u0161 taj poseban trenutak. Ne propustite cijeli set inspirativnih pjenu\u0161aca\u2026 Otkrijte na\u0161u ponudu u ovom Maxi sparkling setu! \u017divjeli!<\/p>\n","protected":false},"featured_media":5454,"template":"","meta":[],"product_brand":[],"product_cat":[1010],"product_tag":[1485,1487,1488,1486,1484],"class_list":{"0":"post-5510","1":"product","2":"type-product","3":"status-publish","4":"has-post-thumbnail","6":"product_cat-red-wine","7":"product_tag-bride-valley-en-2","8":"product_tag-charles-heidsieck-en-2","9":"product_tag-jagunic-en-2","10":"product_tag-nyetimber-en-2","11":"product_tag-prosecco-en-2","13":"first","14":"instock","15":"shipping-taxable","16":"purchasable","17":"product-type-simple"},"_links":{"self":[{"href":"https:\/\/enozoik.com\/en\/wp-json\/wp\/v2\/product\/5510","targetHints":{"allow":["GET"]}}],"collection":[{"href":"https:\/\/enozoik.com\/en\/wp-json\/wp\/v2\/product"}],"about":[{"href":"https:\/\/enozoik.com\/en\/wp-json\/wp\/v2\/types\/product"}],"wp:featuredmedia":[{"embeddable":true,"href":"https:\/\/enozoik.com\/en\/wp-json\/wp\/v2\/media\/5454"}],"wp:attachment":[{"href":"https:\/\/enozoik.com\/en\/wp-json\/wp\/v2\/media?parent=5510"}],"wp:term":[{"taxonomy":"product_brand","embeddable":true,"href":"https:\/\/enozoik.com\/en\/wp-json\/wp\/v2\/product_brand?post=5510"},{"taxonomy":"product_cat","embeddable":true,"href":"https:\/\/enozoik.com\/en\/wp-json\/wp\/v2\/product_cat?post=5510"},{"taxonomy":"product_tag","embeddable":true,"href":"https:\/\/enozoik.com\/en\/wp-json\/wp\/v2\/product_tag?post=5510"}],"curies":[{"name":"wp","href":"https:\/\/api.w.org\/{rel}","templated":true}]}}