{"id":5548,"date":"2022-01-30T23:40:07","date_gmt":"2022-01-30T23:40:07","guid":{"rendered":"https:\/\/www.enozoik.com\/?post_type=product&#038;p=5548"},"modified":"2026-02-12T08:06:30","modified_gmt":"2026-02-12T08:06:30","slug":"2019-jagunic-amber-selection-rajnski-rizling-plesivica-okic-kupi-online","status":"publish","type":"product","link":"https:\/\/enozoik.com\/en\/product\/2019-jagunic-amber-selection-rajnski-rizling-plesivica-okic-kupi-online\/","title":{"rendered":"2019 Jaguni\u0107 Amber Selection Rajnski Rizling, Ple\u0161ivica &#8211; Oki\u0107 &#8211; kupi online"},"content":{"rendered":"<h3><strong>TKO?<\/strong><\/h3>\n<p>Obitelj Jaguni\u0107 svoj je \u017eivot posvetila proizvodnji vrhunskih vina kroz \u010detiri generacije. U njega je ulo\u017eeno puno ljubavi truda i rada kako bi svaka kapljica zadovoljila i najistan\u010danija nepca. Naslje\u0111e je to preno\u0161eno generacijama kroz nezaobilazno iskustvo djedova, a nove tehnologije prate\u0107i trendove uveli su bra\u0107a Dominik i Martin, oboje diplomirani agronomi specijalizirani svaki za svoje podru\u010dje. Danas je vinarija okrenuta prema proizvodnji pjenu\u0161avih, mirnih bijelih i jantarnih vina. Upravo je to segment u kojem se ogleda potencijal Ple\u0161ivice, jednog od najpotentnijih terroira novije povijesti hrvatskog vinarstva.<\/p>\n<h3><strong>GDJE?<\/strong><\/h3>\n<p>Ple\u0161ivica je od davnina poznata kao gotovo savr\u0161eno mjesto za uzgoj vinove loze. Splet je to vi\u0161e faktora: nagib terena, njihova izlo\u017eenost stranama svijeta, vrsta tla, izlo\u017eenost vjetrovima, klimatske prilike i ljudski utjecaj. Polo\u017eaji na kojima se nalaze vinogradi pomno su birani prema sorti, podlozi i ideji budu\u0107eg vina te jedni su od najboljih \u0161to Ple\u0161ivica pru\u017ea na svojim nadaleko poznatim \u201eamfiteatrima\u201c. Sada\u0161njih osam sorata se uzgaja na deset lokacija, a sve su one u neposrednoj blizini vinarije kako bi se maksimalno skratilo vrijeme izme\u0111u berbe i prerade gro\u017e\u0111a. Berba se obavlja isklju\u010divo ru\u010dno i beskompromisno selektivno \u010dime se osigurava odli\u010dna sirovina.<\/p>\n<h3><strong>ZA\u0160TO?<\/strong><\/h3>\n<p>Vinificirano metodom duge maceracije (\u010dak 210 dana u starim barrique ba\u010dvama) uz minimalnu intervenciju kako u vinogradu tako i u podrumu te iz tog razloga zaista mo\u017eemo re\u0107i da je ovo vino <em>terroira<\/em> u punom smislu rije\u010di. Zagasite je zlatno \u017eute boje. Nikako ga ne pothladiti prilikom poslu\u017eivanja (idealnih 12-14\u00b0C) kako bi se potpuno formirao u \u010da\u0161i \u0161irega obujma. Otvara se u pravcu suhih marelica, zrelih dunja, natruha kompota od jabuka te diskretan dodir petroleja. Aeracijom se javljaju note hladnog meda, \u010daja od kamilice te dodir ananasa. Rasko\u0161an no iznimno definiran na nepcu, spoj vibrantne mineralnosti i delikatne koncentracije daju mu osje\u0107aj elegantnog tijela. Slastan, eteri\u010dno-balzami\u010dni zavr\u0161etak impresivne je trajnosti.<\/p>\n","protected":false},"excerpt":{"rendered":"<p>Rasko\u0161an no iznimno definiran na nepcu, spoj vibrantne mineralnosti i delikatne koncentracije daju mu osje\u0107aj elegantnog tijela. Slastan, eteri\u010dno-balzami\u010dni zavr\u0161etak impresivne je trajnosti.<\/p>\n","protected":false},"featured_media":5549,"template":"","meta":[],"product_brand":[],"product_cat":[904],"product_tag":[893,905,1327,913,89],"class_list":{"0":"post-5548","1":"product","2":"type-product","3":"status-publish","4":"has-post-thumbnail","6":"product_cat-jantarno-vino","7":"product_tag-jagunic","8":"product_tag-jantarno-vino","9":"product_tag-plesivica-okic","10":"product_tag-rajnski-rizling","11":"product_tag-riesling","12":"pa_berba-102","13":"pa_drzava-hrvatska","14":"pa_regija-plesivica","15":"pa_regija-plesivica-okic","16":"pa_sorta-riesling","17":"pa_vinarija-jagunic","18":"pa_vrste-vina-jantarno-vino","20":"first","21":"instock","22":"shipping-taxable","23":"purchasable","24":"product-type-simple"},"_links":{"self":[{"href":"https:\/\/enozoik.com\/en\/wp-json\/wp\/v2\/product\/5548","targetHints":{"allow":["GET"]}}],"collection":[{"href":"https:\/\/enozoik.com\/en\/wp-json\/wp\/v2\/product"}],"about":[{"href":"https:\/\/enozoik.com\/en\/wp-json\/wp\/v2\/types\/product"}],"wp:featuredmedia":[{"embeddable":true,"href":"https:\/\/enozoik.com\/en\/wp-json\/wp\/v2\/media\/5549"}],"wp:attachment":[{"href":"https:\/\/enozoik.com\/en\/wp-json\/wp\/v2\/media?parent=5548"}],"wp:term":[{"taxonomy":"product_brand","embeddable":true,"href":"https:\/\/enozoik.com\/en\/wp-json\/wp\/v2\/product_brand?post=5548"},{"taxonomy":"product_cat","embeddable":true,"href":"https:\/\/enozoik.com\/en\/wp-json\/wp\/v2\/product_cat?post=5548"},{"taxonomy":"product_tag","embeddable":true,"href":"https:\/\/enozoik.com\/en\/wp-json\/wp\/v2\/product_tag?post=5548"}],"curies":[{"name":"wp","href":"https:\/\/api.w.org\/{rel}","templated":true}]}}