{"id":5564,"date":"2022-02-13T20:08:03","date_gmt":"2022-02-13T20:08:03","guid":{"rendered":"https:\/\/www.enozoik.com\/?post_type=product&#038;p=5564"},"modified":"2026-03-23T18:01:52","modified_gmt":"2026-03-23T18:01:52","slug":"2024-mihalj-grasevina-macovo-brdo-kutjevo-kupi-online","status":"publish","type":"product","link":"https:\/\/enozoik.com\/en\/product\/2024-mihalj-grasevina-macovo-brdo-kutjevo-kupi-online\/","title":{"rendered":"2024 Mihalj Gra\u0161evina Ma\u010dovo Brdo, Kutjevo &#8211; kupi online"},"content":{"rendered":"<h3><strong>TKO?<\/strong><\/h3>\n<p>Vinarija Mihalj iz Kutjeva njeguje tradiciju uzgoja gro\u017e\u0111a i proizvodnje vina od 1953. Godine kada Ivan Mihalj dolaskom u Kutjevo iz Hercegovine kupuje vinograde na 3 lokacije: Ma\u010devo brdo-Vidim, Zaje\u010dovac i Pod kri\u017eem. Kooperativni odnos prema kutjeva\u010dkoj vinariji \u2013 Kombinatu 1990. zamjenjuju s osnivanjem poljoprivrednog obiteljskog gospodarstva, a 1996. Branko i Elizabeta Mihalj otvaraju obrt. Trenutno gospodare sa 4,5 ha vinograda gdje su zastupljeni Gra\u0161evina, Riesling, Traminac, Cabernet Sauvignon, Portugizac, Merlot i Mu\u0161kat Ru\u017ea.<\/p>\n<h3><strong>GDJE?<\/strong><\/h3>\n<p>Vinogradi s ju\u017enih obronaka Krndije, posebice na mikrolokacijama u Kutjevu daju vrhunsku kvalitetu gro\u017e\u0111a. Vinogradi se nalaze na 200-350 m nadmorske visine. Prosje\u010dna dob je 14 godina a sadr\u017ei 3.4 ha bijelih i 1.5 ha crnih sorti. Gusto\u0107a nasada je 5000 trsova\/ha, tj. 2 m2 po trsu. Gnojidba se obavlja sa 100% organskim stajskim gnojivom. Berba gro\u017e\u0111a se obavlja isklju\u010divo ru\u010dno. Tlo je distri\u010dno sme\u0111e, tipi\u010dno, lesivirano, humozno i ranker. Zelena berba u srpnju je tako\u0111er posebnost vinarije Mihalj. Cilj je smanjenje koli\u010dine gro\u017e\u0111a po trsu radi postizanja vrhunske kvalitete gro\u017e\u0111a i vina.<\/p>\n<h3><strong>ZA\u0160TO?<\/strong><\/h3>\n<p>Vrenje za ovu Gra\u0161evinu se odvija u inox posudama isklju\u010divo na ambijentalnim, prirodnim kvascima uz kontroliranu temperaturu od 16-18 \u00baC a dozrijevanje na finim talozima punih godinu dana. Po rije\u010dima g. Mihalja, Ma\u010dovo Brdo je jedna od \u010detiri &#8220;Grand Cru&#8221; pozicije u kutjeva\u010dkom vinogorju za Gra\u0161evinu i njegovo je prvo <em>single vineyard<\/em> vino. Berba je bila u kasnu jesen, \u010dak 15.11. a iako je potpuno suha, gro\u017e\u0111e je nakupilo toliko sladora (istodobno zadr\u017eavaju\u0107i prijeko potrebne kiseline) da je u\u0161lo u kategoriju izborne berbe. Spoj Chablisa i Moselskog Rieslinga kasne berbe, morsko-kamene mineralnosti i suzdr\u017eane rasko\u0161i. Na nosu jo\u0161 uvijek primarna i treba joj nekoliko minuta da se formira u \u010da\u0161i no svi sortni deskriptori su tu \u2013 jabuke u cvatu, vinogradarske breskve i divlje kru\u0161ke uokvireni su u diskretni pla\u0161t botrytisa i kva\u0161\u010danih aroma (kombinacija <em>sur lie<\/em> i <em>battonage<\/em> metode). Na nepcu u isti mah uljna i slasna no grandiozna struktura satkana od kiselina i ekstrakta joj ne dopu\u0161ta da ni u jednom trenutku ne ispada iz balansa. S vremenom \u0107e se trenutna aromatika \u201crastopiti i ra\u0161iriti\u201d u plemeniti tercijar. Iznimnog potencijala evolucije u boci (za one strpljive)&#8230;<\/p>\n","protected":false},"excerpt":{"rendered":"<p>Po rije\u010dima g. Mihalja, Ma\u010dovo Brdo je jedna od \u010detiri &#8220;Grand Cru&#8221; pozicije u kutjeva\u010dkom vinogorju za Gra\u0161evinu i njegovo je prvo <em>single vineyard<\/em> vino.<\/p>\n","protected":false},"featured_media":5587,"template":"","meta":[],"product_brand":[],"product_cat":[66],"product_tag":[475,1492,1493,1491],"class_list":{"0":"post-5564","1":"product","2":"type-product","3":"status-publish","4":"has-post-thumbnail","6":"product_cat-bijelo-vino","7":"product_tag-grasevina","8":"product_tag-kutjevo","9":"product_tag-macovo-brdo","10":"product_tag-mihalj","11":"pa_berba-2076","12":"pa_drzava-hrvatska","13":"pa_regija-slavonija-kutjevo","14":"pa_sorta-grasevina","15":"pa_vinarija-vinogradarstvo-i-podrumarstvo-mihalj","16":"pa_vrste-vina-bijelo-vino","18":"first","19":"instock","20":"shipping-taxable","21":"purchasable","22":"product-type-simple"},"_links":{"self":[{"href":"https:\/\/enozoik.com\/en\/wp-json\/wp\/v2\/product\/5564","targetHints":{"allow":["GET"]}}],"collection":[{"href":"https:\/\/enozoik.com\/en\/wp-json\/wp\/v2\/product"}],"about":[{"href":"https:\/\/enozoik.com\/en\/wp-json\/wp\/v2\/types\/product"}],"wp:featuredmedia":[{"embeddable":true,"href":"https:\/\/enozoik.com\/en\/wp-json\/wp\/v2\/media\/5587"}],"wp:attachment":[{"href":"https:\/\/enozoik.com\/en\/wp-json\/wp\/v2\/media?parent=5564"}],"wp:term":[{"taxonomy":"product_brand","embeddable":true,"href":"https:\/\/enozoik.com\/en\/wp-json\/wp\/v2\/product_brand?post=5564"},{"taxonomy":"product_cat","embeddable":true,"href":"https:\/\/enozoik.com\/en\/wp-json\/wp\/v2\/product_cat?post=5564"},{"taxonomy":"product_tag","embeddable":true,"href":"https:\/\/enozoik.com\/en\/wp-json\/wp\/v2\/product_tag?post=5564"}],"curies":[{"name":"wp","href":"https:\/\/api.w.org\/{rel}","templated":true}]}}