{"id":5654,"date":"2022-05-12T23:14:00","date_gmt":"2022-05-12T23:14:00","guid":{"rendered":"https:\/\/www.enozoik.com\/?post_type=product&#038;p=5654"},"modified":"2025-12-08T09:30:11","modified_gmt":"2025-12-08T09:30:11","slug":"2024-lagar-de-pintos-rias-baixas-galicia-albarino-kupi-online","status":"publish","type":"product","link":"https:\/\/enozoik.com\/en\/product\/2024-lagar-de-pintos-rias-baixas-galicia-albarino-kupi-online\/","title":{"rendered":"2024 Lagar de Pintos Albari\u00f1o R\u00edas Baixas Galicia &#8211; kupi online"},"content":{"rendered":"<h3><strong>TKO?<\/strong><\/h3>\n<p>Lagar de Pintos je mala obiteljska vinarija koju vode dvije sestre, Marta i Carmen Castro-Pintos. Njihov tradicionalni galicijski \u2018pazo\u2019, plemi\u0107ko imanje, je tipi\u010dno obilje\u017eje krajolika uronjenog u zelenilo, svega nekoliko kilometara od pla\u017ea Atlantskog oceana. Danas, Marta kao enolog vodi brigu o obiteljskih 5.5 ha organski njegovanih nasada Albari\u00f1a.\u00a0 Gledaju\u0107i svoju djecu kako se igraju me\u0111u lozom, Marta je naglo osvijestila potrebu za pretvaranjem svih njenih vinograda u organski re\u017eim te je i danas jedan od pionira u R\u00edas Baixas, koji je poznat po konvencionalnom pristupu sa puno tretitanja pesticidima.<\/p>\n<h3><strong>GDJE?<\/strong><\/h3>\n<p>Smje\u0161ten odmah uz Atlantsku obalu, Val do Saln\u00e9s je najsjeverniji, najhladniji i najvla\u017eniji od svih 5 podregija u Rias Baixas. Loze su zasa\u0111ene u estuariju (por. Baixas) ponad mnogih Rijeka koje se uljevaju u Atlantik. Val do Saln\u00e9s je \u010desto smatran kao mjesto ro\u0111enja Albari\u00f1a te je cijenjen zbog vina koja odi\u0161u svje\u017einom i precizno\u0161\u0107u. Loze zasa\u0111ene na tlima sa ve\u0107im udjelom granite u pravilu dozrijevaju ranije nego one zasa\u0111ene na pijesku omogu\u0107avaju\u0107i do 20 dana razlike u berbi izme\u0111u pojedinih pozicija. Prosje\u010dna starost loza je 40 g. Loze su gotovo uvijek sa\u0111ene uz armaturu (uzgojni oblik pergola) omogu\u0107avaju\u0107i prozra\u010dnost lisne mase \u0161to smanjuje pritisak bolesti.<\/p>\n<h3><strong>ZA\u0160TO?<\/strong><\/h3>\n<p>Njihova perjanica ponude, klasi\u010dni Albari\u00f1o je tipi\u010dni predstavnik Val do Saln\u00e9s subregije \u010dije gro\u017e\u0111e dolazi iz 7 razli\u010ditih vinograda: Palomar, Gati\u00f1eira, Requeixo, Cachadi\u00f1a, La Escusa, Albar i Puente Arnelas s nadmorskom visinom izme\u0111u 2 i 7 metara iznad razine mora. Svaka pozicija fermentira zasebno na ambijentalmim kvascima te odle\u017eava na finim talozima u inox posudama 7-8 mjeseci. Marta izbjegava malolakti\u010dnu fermentaciju zadr\u017eavaju\u0107i svje\u017e, \u017eivahan karakter vo\u0107a koje karakterizira ovo vino. Nosom dominiraju pikatne arome citrusa upotpunjene delikatnim notama grejpa, zelenih jabuka i morskih trava. Na nepcu impresivne mineralnosti koja zaostaje u dugom fini\u0161u.<\/p>\n","protected":false},"excerpt":{"rendered":"<p>Njihova perjanica ponude, klasi\u010dni Albari\u00f1o je tipi\u010dni predstavnik Val do Saln\u00e9s subregije \u010dije gro\u017e\u0111e dolazi iz 7 razli\u010ditih vinograda: Palomar, Gati\u00f1eira, Requeixo, Cachadi\u00f1a, La Escusa, Albar i Puente Arnelas s nadmorskom visinom izme\u0111u 2 i 7 metara iznad razine mora.<\/p>\n","protected":false},"featured_media":5657,"template":"","meta":[],"product_brand":[],"product_cat":[66],"product_tag":[600,1497,1498,603,152],"class_list":{"0":"post-5654","1":"product","2":"type-product","3":"status-publish","4":"has-post-thumbnail","6":"product_cat-bijelo-vino","7":"product_tag-albarino","8":"product_tag-galicia","9":"product_tag-lagar-de-pintos","10":"product_tag-rias-baixas","11":"product_tag-spanjolska","12":"pa_berba-2076","13":"pa_drzava-spanjolska","14":"pa_regija-rias-baixas-galicia","15":"pa_sorta-albarino","16":"pa_vinarija-lagar-de-pintos","17":"pa_vrste-vina-bijelo-vino","19":"first","20":"instock","21":"shipping-taxable","22":"purchasable","23":"product-type-simple"},"_links":{"self":[{"href":"https:\/\/enozoik.com\/en\/wp-json\/wp\/v2\/product\/5654","targetHints":{"allow":["GET"]}}],"collection":[{"href":"https:\/\/enozoik.com\/en\/wp-json\/wp\/v2\/product"}],"about":[{"href":"https:\/\/enozoik.com\/en\/wp-json\/wp\/v2\/types\/product"}],"wp:featuredmedia":[{"embeddable":true,"href":"https:\/\/enozoik.com\/en\/wp-json\/wp\/v2\/media\/5657"}],"wp:attachment":[{"href":"https:\/\/enozoik.com\/en\/wp-json\/wp\/v2\/media?parent=5654"}],"wp:term":[{"taxonomy":"product_brand","embeddable":true,"href":"https:\/\/enozoik.com\/en\/wp-json\/wp\/v2\/product_brand?post=5654"},{"taxonomy":"product_cat","embeddable":true,"href":"https:\/\/enozoik.com\/en\/wp-json\/wp\/v2\/product_cat?post=5654"},{"taxonomy":"product_tag","embeddable":true,"href":"https:\/\/enozoik.com\/en\/wp-json\/wp\/v2\/product_tag?post=5654"}],"curies":[{"name":"wp","href":"https:\/\/api.w.org\/{rel}","templated":true}]}}