{"id":5699,"date":"2022-05-25T00:34:40","date_gmt":"2022-05-25T00:34:40","guid":{"rendered":"https:\/\/www.enozoik.com\/?post_type=product&#038;p=5699"},"modified":"2026-04-06T21:55:09","modified_gmt":"2026-04-06T21:55:09","slug":"2023-maximin-grunhaus-riesling-grunhauser-1g-mosel-kupi-online","status":"publish","type":"product","link":"https:\/\/enozoik.com\/en\/product\/2023-maximin-grunhaus-riesling-grunhauser-1g-mosel-kupi-online\/","title":{"rendered":"2023 Maximin Gr\u00fcnhaus Riesling Gr\u00fcnha\u00fcser 1G Mosel &#8211; kupi online"},"content":{"rendered":"<h3><strong>TKO?<\/strong><\/h3>\n<p>Maximin Gr\u00fcnhaus je imanje iznimne bogate povijesti \u010diji zapisi o uzgoju vinove loze datiraju jo\u0161 iz vremena Rimljana. Sam naziv potje\u010de od opatije Sv. Maximin, benediktinskog samostana u \u010dijem je vlasni\u0161tvu ova zemlja bila od 7 \u2013 18-og stolje\u0107a. Od kraja 19-og vijeka, posjed je pod nadzorom obitelji Schubert (i glave Carla von Schuberta) koji predstavlja petu generaciju. Tradicionalne etikete ove slavne ku\u0107e vjerno reflektiraju i sadr\u017eaj u boci; duboko ukorijenjenu sinergiju podneblja, sorte i vinara.<\/p>\n<h3><strong>GDJE?<\/strong><\/h3>\n<p>Smje\u0161ten na strmim, ju\u017enim obroncima svega 2 km od mjesta gdje rijeka Ruwer utje\u010de u Mosel se nalazi posjed Maximin Gr\u00fcnhaus. Vina 1G Erste Lage (premier Cru po VDP klasifikaciji gdje se \u010detvrta razina upravo implementira u Moselu) ranga dolaze od gro\u017e\u0111a sa dva presti\u017ena vinograda, Abtsberg i Herrenberg, koja su u potpunom vlasni\u0161tvu obitelji Schubert te su klasificirana kao <em>VDP.Grosse Lage<\/em>. Oba vinograda su ju\u017ene ekspozicije omogu\u0107avaju\u0107i optimalnu osun\u010danost te time osiguravaja\u0107i berbu idealno zrelog i balansiranog gro\u017e\u0111a iz godine u godinu. `Gr\u00fcnh\u00e4user` Riesling dolazi sa loza minimalno starih 35 g., prete\u017eno iz vinograda Abtsberg. Ovdje nagib terena dose\u017ee i 75% dok je tlo prete\u017eito pli\u0107eg profila no bogatije morskim fosilima nego crveni \u0161kriljavac koji je dominantan u susjednom vinogradu Herrenberg. Sve navedeno krajnjim vinima pru\u017ea izvanrednu tenziju na nepcu i upe\u010datljivu mineralnost.<\/p>\n<h3><strong>ZA\u0160TO?<\/strong><\/h3>\n<p>Podrum se nalazi svega nekoliko minuta od samih vinograda \u0161to omogu\u0107uje brzu preradu gro\u017e\u0111a \u010duvaju\u0107i time njegovu aromatiku svje\u017einu i kompleksnost. Spontana fermentacija divljim kvascima podaruje distinktivan karakter `Gr\u00fcnh\u00e4user` Rieslingu. Nos odaje njegovu provenijenciju; tipi\u010dna slana mineralnost tamnog \u0161kriljevca, klasi\u010dne herbalne natruhe, obilje zrelog vo\u0107a te delikatne arome mente, svje\u017ee poko\u0161enog sijena i zelenog \u010daja. Monolitne strukture, \u010dvrst \u201cstisak\u201d na nepcu no istodobno elegantan i dubok dok se amalgam zelene jabuke, dunje i egzoti\u010dnog vo\u0107a izmjenjuje sa opipljivim salinitetom u zavr\u0161etku.<\/p>\n<h3><strong>Heiner Lobenberg &#8211; 95 pts<\/strong><\/h3>\n","protected":false},"excerpt":{"rendered":"<p>`Gr\u00fcnh\u00e4user` Riesling dolazi sa loza minimalno starih 35 g., prete\u017eno iz vinograda Abtsberg te ujedno ozna\u010dava jedini posjed u Njema\u010dkoj gdje naziv imanja i sela dijele isto ime: Gr\u00fcnhaus. Vino koje svojom kvalitetom staje uz bok najboljim primjercima GG statusa.<\/p>\n","protected":false},"featured_media":5700,"template":"","meta":[],"product_brand":[],"product_cat":[66],"product_tag":[665,87,88,89,667],"class_list":{"0":"post-5699","1":"product","2":"type-product","3":"status-publish","4":"has-post-thumbnail","6":"product_cat-bijelo-vino","7":"product_tag-maximin-grunhaus","8":"product_tag-mosel","9":"product_tag-njemacka","10":"product_tag-riesling","11":"product_tag-ruwer","12":"pa_berba-1633","13":"pa_drzava-njemacka","14":"pa_regija-mosel","15":"pa_regija-ruwer","16":"pa_sorta-riesling","17":"pa_vinarija-maximin-grunhaus","18":"pa_vrste-vina-bijelo-vino","20":"first","21":"instock","22":"shipping-taxable","23":"purchasable","24":"product-type-simple"},"_links":{"self":[{"href":"https:\/\/enozoik.com\/en\/wp-json\/wp\/v2\/product\/5699","targetHints":{"allow":["GET"]}}],"collection":[{"href":"https:\/\/enozoik.com\/en\/wp-json\/wp\/v2\/product"}],"about":[{"href":"https:\/\/enozoik.com\/en\/wp-json\/wp\/v2\/types\/product"}],"wp:featuredmedia":[{"embeddable":true,"href":"https:\/\/enozoik.com\/en\/wp-json\/wp\/v2\/media\/5700"}],"wp:attachment":[{"href":"https:\/\/enozoik.com\/en\/wp-json\/wp\/v2\/media?parent=5699"}],"wp:term":[{"taxonomy":"product_brand","embeddable":true,"href":"https:\/\/enozoik.com\/en\/wp-json\/wp\/v2\/product_brand?post=5699"},{"taxonomy":"product_cat","embeddable":true,"href":"https:\/\/enozoik.com\/en\/wp-json\/wp\/v2\/product_cat?post=5699"},{"taxonomy":"product_tag","embeddable":true,"href":"https:\/\/enozoik.com\/en\/wp-json\/wp\/v2\/product_tag?post=5699"}],"curies":[{"name":"wp","href":"https:\/\/api.w.org\/{rel}","templated":true}]}}