{"id":5804,"date":"2022-09-21T22:20:16","date_gmt":"2022-09-21T22:20:16","guid":{"rendered":"https:\/\/www.enozoik.com\/?post_type=product&#038;p=5804"},"modified":"2026-04-17T18:32:18","modified_gmt":"2026-04-17T18:32:18","slug":"2025-pieropan-soave-classico-veneto-kupi-online","status":"publish","type":"product","link":"https:\/\/enozoik.com\/en\/product\/2025-pieropan-soave-classico-veneto-kupi-online\/","title":{"rendered":"2025 Pieropan Soave Classico Veneto &#8211; kupi online"},"content":{"rendered":"<h3 data-show=\"show-for-small\"><strong>TKO?<\/strong><\/h3>\n<p>Pieropanov posjed pokriva 58 ha vinograda koji su smje\u0161teni na kamenitim (vulkanskim) brdima u Soave Classico. Obitelj Pieropan proizvodi vina u apelaciji Soave od daleke 1890.g. \u0160tovi\u0161e, bili su prvi proizvo\u0111a\u010d koji je buteljirao vino s nazivom podregije Soave na etiketi po\u010detkom 1930-ih. Nadalje, Leonildo Pieropan bio je vizionar koji je prvi u Soaveu proizveo <em>single vineyard<\/em> vino, &#8216;Calvarino&#8217;, 1971.g. Od berbe 2015. g. sva Pieropanova vina posjeduju ekolo\u0161ki (<em>organic<\/em>) certifikat.<\/p>\n<h3><strong>GDJE?<\/strong><\/h3>\n<p>Gro\u017e\u0111e za ovo vino dolazi iz vinograda na obroncima u srcu Soave Classico zone. Nasadi su smje\u0161teni na nadmorskoj visini izme\u0111u 100-300 metara iznad razine mora te su zapadne ekspozicije, ukorijenjeni na glinovasto-bazaltnom tlu vulkanskog podrijetla. Loze su izme\u0111u 6 i 60 g. starosti dok se prakticiraju Guyot uzgojni oblik (5,200 trsova po ha) \u00a0i tvz. Pergola Veronese system sa (3,000 \u010dokota po ha). U vinogradu se ne koriste pesticidi te se primjenjuju ekolo\u0161ki uzusi vinogradarenja.<\/p>\n<h3><strong>ZA\u0160TO?<\/strong><\/h3>\n<p>Naj\u017eivahnija i najsvje\u017eija ina\u010dica Soave Classica, ovdje je Garganega dominantna sorta s malim dodatkom Trebbiano di Soave (nedavno identificiran kao identi\u010dnom sorti Verdicchio). Garganega daje strukturu i kiseline vinu dok,Trebbiano di Soave unosi aromatiku i izda\u0161nost okusa. Posve\u0107enost detaljima je frapantna, samo perfektno zrelo gro\u017e\u0111e sa vulkanskih i vapnena\u010dkih pozicija u Soaveu ulazi u kona\u010dni blend dok je redukcija prinosa obvezna. Ekspresivan nos se otvara u pravcu bijelog cvije\u0107a, zrele kru\u0161ke, cvjetova badema te marcipana s natruhama limunove kore. Zaokru\u017eeno, zrelo vo\u0107e je pro\u017eeto vibrantnim kiselinama te zamjetnom mineralno\u0161\u0107u u fini\u0161u.<\/p>\n<h3><\/h3>\n","protected":false},"excerpt":{"rendered":"<p>Naj\u017eivahnija i najsvje\u017eija ina\u010dica Soave Classica, ovdje je Garganega dominantna sorta s malim dodatkom Trebbiano di Soave (nedavno identificiran kao identi\u010dnom sorti Verdicchio).<\/p>\n","protected":false},"featured_media":5805,"template":"","meta":[],"product_brand":[],"product_cat":[66],"product_tag":[1528,36,1529,1527,38],"class_list":{"0":"post-5804","1":"product","2":"type-product","3":"status-publish","4":"has-post-thumbnail","6":"product_cat-bijelo-vino","7":"product_tag-garganega","8":"product_tag-italija","9":"product_tag-pieropan","10":"product_tag-soave-classico","11":"product_tag-veneto","12":"pa_berba-2085","13":"pa_drzava-italija","14":"pa_regija-veneto-soave-classico","15":"pa_sorta-85-garganega-15-trebbiano-di-soave","16":"pa_vinarija-pieropan","17":"pa_vrste-vina-bijelo-vino","19":"first","20":"instock","21":"shipping-taxable","22":"purchasable","23":"product-type-simple"},"_links":{"self":[{"href":"https:\/\/enozoik.com\/en\/wp-json\/wp\/v2\/product\/5804","targetHints":{"allow":["GET"]}}],"collection":[{"href":"https:\/\/enozoik.com\/en\/wp-json\/wp\/v2\/product"}],"about":[{"href":"https:\/\/enozoik.com\/en\/wp-json\/wp\/v2\/types\/product"}],"wp:featuredmedia":[{"embeddable":true,"href":"https:\/\/enozoik.com\/en\/wp-json\/wp\/v2\/media\/5805"}],"wp:attachment":[{"href":"https:\/\/enozoik.com\/en\/wp-json\/wp\/v2\/media?parent=5804"}],"wp:term":[{"taxonomy":"product_brand","embeddable":true,"href":"https:\/\/enozoik.com\/en\/wp-json\/wp\/v2\/product_brand?post=5804"},{"taxonomy":"product_cat","embeddable":true,"href":"https:\/\/enozoik.com\/en\/wp-json\/wp\/v2\/product_cat?post=5804"},{"taxonomy":"product_tag","embeddable":true,"href":"https:\/\/enozoik.com\/en\/wp-json\/wp\/v2\/product_tag?post=5804"}],"curies":[{"name":"wp","href":"https:\/\/api.w.org\/{rel}","templated":true}]}}