{"id":5924,"date":"2022-11-16T02:34:22","date_gmt":"2022-11-16T02:34:22","guid":{"rendered":"https:\/\/www.enozoik.com\/?post_type=product&#038;p=5924"},"modified":"2025-04-17T01:51:50","modified_gmt":"2025-04-17T01:51:50","slug":"2022-pieropan-calvarino-soave-classico-veneto-magnum-kupi-online","status":"publish","type":"product","link":"https:\/\/enozoik.com\/en\/product\/2022-pieropan-calvarino-soave-classico-veneto-magnum-kupi-online\/","title":{"rendered":"2022 Pieropan Calvarino Soave Classico Veneto Magnum &#8211; kupi online"},"content":{"rendered":"<h3><strong>TKO?<\/strong><\/h3>\n<p>Pieropanov posjed pokriva 58 ha vinograda koji su smje\u0161teni na kamenitim (vulkanskim) brdima u Soave Classico. Obitelj Pieropan proizvodi vina u apelaciji Soave od daleke 1890.g. \u0160tovi\u0161e, bili su prvi proizvo\u0111a\u010d koji je buteljirao vino s nazivom podregije Soave na etiketi po\u010detkom 1930-ih. Leonildo Pieropan bio je vizionar koji je prvi u Soaveu proizveo <em>single vineyard<\/em> vino, &#8216;Calvarino&#8217;, 1971.g. Od berbe 2015. g. Pieropanova vina posjeduju ekolo\u0161ki (<em>organic<\/em>) certifikat.<\/p>\n<h3><strong>GDJE?<\/strong><\/h3>\n<p>Calvarino je smje\u0161ten u sjeverozapadnoj zoni Soave Classica te je u vlasni\u0161tvu u obitelji Pieropan od 1901. g. Njegov naziv asocira na malu kalvariju&#8217;, \u0161to simbolizira strmi nagib u vinogradima \u0161to posljedi\u010dno iziskuje iznimne napore prilikom njegove obrade. Bazaltno tlo, koje je tipi\u010dno za ovaj dio Soavea, je zasa\u0111eno sa Garganegom i Trebbiano di Soaveom. Loze su prosje\u010dne starosti izme\u0111u 30 i 60 godina te se nalaze izme\u0111u 200 i 300 metara iznad povr\u0161ine mora pri prosje\u010dnoj gusto\u0107i od 3000 panjeva po ha uz ekolo\u0161ki pristup u vinogradu.<\/p>\n<h3><strong>ZA\u0160TO?<\/strong><\/h3>\n<p>Calvarino je mo\u017eda najtradicionalnija ekspresija Soave apelacije. Prvi put proizveden 1971. g. \u00a0koriste\u0107i gro\u017e\u0111e isklju\u010divo iz Calvarino vinograda smje\u0161tenog u srcu Soave Classico zone. \u010cine ga sorte Garganega i Trebbiano di Soave pobrane u razli\u010ditim dekadama kako bi se osigurala optimalna zrelost gro\u017e\u0111a. Dobiveni samotok nakon pre\u0161anja je vinificiran u betonskim tankovima koji nakon fermentacije odle\u017eava godinu dana na finim talozima. Rezultat je balansirani Soave koji se razme\u0107e aromama bijelog cvije\u0107a, herbalnim te citrusnim aromama, natruhama nota jasmina te egzoti\u010dnih za\u010dina. Calvarino posjeduje bar\u0161unastu teksturu, u isti mah sna\u017enu i elegantnu. Zrelo \u017euto vo\u0107e (\u017euta kru\u0161ka) poduprto je mineralno\u0161\u0107u koja odzvanja u silasku.<\/p>\n<h3><\/h3>\n","protected":false},"excerpt":{"rendered":"<p>Calvarino je mo\u017eda najtradicionalnija ekspresija Soave apelacije. Prvi put proizveden 1971. g. \u00a0koriste\u0107i gro\u017e\u0111e isklju\u010divo iz Calvarino vinograda smje\u0161tenog u srcu Soave Classico zone.<\/p>\n","protected":false},"featured_media":5939,"template":"","meta":[],"product_brand":[],"product_cat":[66],"product_tag":[1531,1528,36,1529,1527,38],"class_list":{"0":"post-5924","1":"product","2":"type-product","3":"status-publish","4":"has-post-thumbnail","6":"product_cat-bijelo-vino","7":"product_tag-calvarino","8":"product_tag-garganega","9":"product_tag-italija","10":"product_tag-pieropan","11":"product_tag-soave-classico","12":"product_tag-veneto","13":"pa_berba-1541","14":"pa_drzava-italija","15":"pa_regija-veneto-soave-classico","16":"pa_sorta-70-garganega-30-trebbiano-di-soave","17":"pa_vinarija-pieropan","18":"pa_vrste-vina-bijelo-vino","20":"first","21":"instock","22":"shipping-taxable","23":"purchasable","24":"product-type-simple"},"_links":{"self":[{"href":"https:\/\/enozoik.com\/en\/wp-json\/wp\/v2\/product\/5924","targetHints":{"allow":["GET"]}}],"collection":[{"href":"https:\/\/enozoik.com\/en\/wp-json\/wp\/v2\/product"}],"about":[{"href":"https:\/\/enozoik.com\/en\/wp-json\/wp\/v2\/types\/product"}],"wp:featuredmedia":[{"embeddable":true,"href":"https:\/\/enozoik.com\/en\/wp-json\/wp\/v2\/media\/5939"}],"wp:attachment":[{"href":"https:\/\/enozoik.com\/en\/wp-json\/wp\/v2\/media?parent=5924"}],"wp:term":[{"taxonomy":"product_brand","embeddable":true,"href":"https:\/\/enozoik.com\/en\/wp-json\/wp\/v2\/product_brand?post=5924"},{"taxonomy":"product_cat","embeddable":true,"href":"https:\/\/enozoik.com\/en\/wp-json\/wp\/v2\/product_cat?post=5924"},{"taxonomy":"product_tag","embeddable":true,"href":"https:\/\/enozoik.com\/en\/wp-json\/wp\/v2\/product_tag?post=5924"}],"curies":[{"name":"wp","href":"https:\/\/api.w.org\/{rel}","templated":true}]}}