{"id":5927,"date":"2022-11-17T00:58:57","date_gmt":"2022-11-17T00:58:57","guid":{"rendered":"https:\/\/www.enozoik.com\/?post_type=product&#038;p=5927"},"modified":"2024-05-27T21:30:28","modified_gmt":"2024-05-27T21:30:28","slug":"2022-pieropan-la-rocca-soave-classico-veneto-magnum-kupi-online","status":"publish","type":"product","link":"https:\/\/enozoik.com\/en\/product\/2022-pieropan-la-rocca-soave-classico-veneto-magnum-kupi-online\/","title":{"rendered":"2022 Pieropan La Rocca Soave Classico Veneto Magnum &#8211; kupi online"},"content":{"rendered":"<h3><strong>TKO?<\/strong><\/h3>\n<p>Pieropanov posjed pokriva 58 ha vinograda koji su smje\u0161teni na kamenitim (vulkanskim) brdima u Soave Classico. Obitelj Pieropan proizvodi vina u apelaciji Soave od daleke 1890.g. \u0160tovi\u0161e, bili su prvi proizvo\u0111a\u010d koji je buteljirao vino s nazivom podregije Soave na etiketi po\u010detkom 1930-ih. Leonildo Pieropan bio je vizionar koji je prvi u Soaveu proizveo <em>single vineyard<\/em> vino, &#8216;Calvarino&#8217;, 1971.g. Od berbe 2015. g. Pieropanova vina posjeduju ekolo\u0161ki (<em>organic<\/em>) certifikat.<\/p>\n<h3><strong>GDJE?<\/strong><\/h3>\n<p>Gro\u017e\u0111e je uzgajano u istoimenom vinogradu La Rocca, koji je naziv dobio od srednjovjekovnog zamka i tvr\u0111ave (&#8220;La Rocca&#8221;) koji su dominirali samom vizurom grada Soavea, isto\u010dno od Verone. Vinogradi su smje\u0161teni na \u00a0200-300 metara iznad razine mora te su jugozapadne ekspozicije. Tlo u La Rocca vinogradu je jedinstveno u Soave apelaciji iz razloga jer je jedini izdanak vapnena\u010dke podloge u moru bazalta (istovjetne kao i u Valpolicelli Classico). Zahvaljuju\u0107i spomenutoj kompoziciji tla, obitelj Pieropan smatra da \u0107e dobiti dovoljno zrelosti od sorte Garganega da bi dobili monosortno vino.<\/p>\n<h3><strong>ZA\u0160TO?<\/strong><\/h3>\n<p>Pieropan je jedan od najautenti\u010dnijih proizvo\u0111a\u010da u Soave apelaciji te su jedni od bardova koji u potpunosti iskazuju maksimalnu ekspresiju lokalnog terroira i sortimenta. Soave Classico La Rocca dolazi iz istiomenog vinograda koji ima specifi\u010dan mikroklimat koji podaruje vinima unikatan aromatsko-mineralan karakter. Nakon fermentacije u kombinaciji inox tankova i 500 litrenih hrastovih ba\u010dava, dio vina je nastavio se \u0161kovovati u istoimenim posudama prije buteljiranja. Zlatno je \u017eute boje u \u010da\u0161i dok se otvaraju arome egzoti\u010dnog vo\u0107a i ora\u0161astih tonova potvr\u0111uju\u0107i eleganciju i balans na nepcu. Za\u010dinska komponenta samo potvr\u0111uje iznimnu kompleksnost u dugom fini\u0161u. <em>Sommelieri<\/em> \u010desto na slijepom ku\u0161anju La Roccu zamjenju sa 1er ili Grand Cru Chablisom&#8230;<\/p>\n<h3><\/h3>\n","protected":false},"excerpt":{"rendered":"<p>Soave Classico La Rocca dolazi iz istiomenog vinograda koji ima specifi\u010dan mikroklimat koji podaruje vinima unikatan aromatsko-mineralan karakter. <em>Sommelieri<\/em> \u010desto na slijepom ku\u0161anju La Roccu zamjenju sa 1er ili Grand Cru Chablisom&#8230;<\/p>\n","protected":false},"featured_media":5941,"template":"","meta":[],"product_brand":[],"product_cat":[66],"product_tag":[1528,36,1545,1529,1527,38],"class_list":{"0":"post-5927","1":"product","2":"type-product","3":"status-publish","4":"has-post-thumbnail","6":"product_cat-bijelo-vino","7":"product_tag-garganega","8":"product_tag-italija","9":"product_tag-la-rocca-magnum","10":"product_tag-pieropan","11":"product_tag-soave-classico","12":"product_tag-veneto","13":"pa_berba-1541","14":"pa_drzava-italija","15":"pa_regija-veneto","16":"pa_sorta-garganega","17":"pa_vinarija-pieropan","18":"pa_vrste-vina-bijelo-vino","20":"first","21":"instock","22":"shipping-taxable","23":"purchasable","24":"product-type-simple"},"_links":{"self":[{"href":"https:\/\/enozoik.com\/en\/wp-json\/wp\/v2\/product\/5927","targetHints":{"allow":["GET"]}}],"collection":[{"href":"https:\/\/enozoik.com\/en\/wp-json\/wp\/v2\/product"}],"about":[{"href":"https:\/\/enozoik.com\/en\/wp-json\/wp\/v2\/types\/product"}],"wp:featuredmedia":[{"embeddable":true,"href":"https:\/\/enozoik.com\/en\/wp-json\/wp\/v2\/media\/5941"}],"wp:attachment":[{"href":"https:\/\/enozoik.com\/en\/wp-json\/wp\/v2\/media?parent=5927"}],"wp:term":[{"taxonomy":"product_brand","embeddable":true,"href":"https:\/\/enozoik.com\/en\/wp-json\/wp\/v2\/product_brand?post=5927"},{"taxonomy":"product_cat","embeddable":true,"href":"https:\/\/enozoik.com\/en\/wp-json\/wp\/v2\/product_cat?post=5927"},{"taxonomy":"product_tag","embeddable":true,"href":"https:\/\/enozoik.com\/en\/wp-json\/wp\/v2\/product_tag?post=5927"}],"curies":[{"name":"wp","href":"https:\/\/api.w.org\/{rel}","templated":true}]}}