{"id":6185,"date":"2023-05-24T00:32:36","date_gmt":"2023-05-24T00:32:36","guid":{"rendered":"https:\/\/www.enozoik.com\/?post_type=product&#038;p=6185"},"modified":"2026-02-18T17:52:48","modified_gmt":"2026-02-18T17:52:48","slug":"2023-maximin-grunhaus-herrenberg-riesling-grosses-gewachs-mosel-kupi-online","status":"publish","type":"product","link":"https:\/\/enozoik.com\/en\/product\/2023-maximin-grunhaus-herrenberg-riesling-grosses-gewachs-mosel-kupi-online\/","title":{"rendered":"2023 Maximin Gr\u00fcnhaus Herrenberg Riesling Grosses Gew\u00e4chs Mosel &#8211; kupi online"},"content":{"rendered":"<h3><strong>TKO?<\/strong><\/h3>\n<p>Maximin Gr\u00fcnhaus je imanje iznimne bogate povijesti \u010diji zapisi o uzgoju vinove loze datiraju jo\u0161 iz vremena Rimljana. Sam naziv potje\u010de od opatije Sv. Maximin, benediktinskog samostana u \u010dijem je vlasni\u0161tvu ova zemlja bila od 7 \u2013 18-og stolje\u0107a. Od kraja 19-og vijeka, posjed je pod nadzorom obitelji Schubert (i glave Carla von Schuberta) koji predstavlja petu generaciju. Tradicionalne etikete ove slavne ku\u0107e vjerno reflektiraju i sadr\u017eaj u boci; duboko ukorijenjenu sinergiju podneblja, sorte i vinara.<\/p>\n<h3><strong>GDJE?<\/strong><\/h3>\n<p>Smje\u0161ten na strmim obroncima svega 2 km od mjesta gdje rijeka Ruwer utje\u010de u Mosel se nalazi posjed Maximin Gr\u00fcnhaus. Klasificiran kao VDP.Grosse Lage, Herrenberg sa svojih 19 ha je najve\u0107i vinograd u trolistu monopola Maximin Gr\u00fcnhaus. Njegov sastav tla dijeli mnoge sli\u010dne karakteristike sa kultnim susjednim polo\u017eajem Abtsberg, uklju\u010duju\u0107i i jugoisto\u010dnu do jugozapadnu orijentaciju te slavni Devonian \u0161kriljavac \u2013 sa lagano crvenkastom nijansom \u2013 daju\u0107i vina izvanredne teksture. Prema stra\u017enjem dijelu, Herrenberg je zatvoren sa Gr\u00fcneberg \u0161umom i tradicionalno je smatran kao hladniji i neznatno ravniji polo\u017eaj. No s nedavnim klimatskim promjenama, Herrenberg je u mogu\u0107nosti ra\u0111ati potpuno zrelo gro\u017e\u0111e koje rezultira iznimno autenti\u010dnim vinima koja posjeduju neupitni karakter i izvanredan potencijal evolucije u boci.<\/p>\n<h3><strong>ZA\u0160TO?<\/strong><\/h3>\n<p><em>Grosses Gew\u00e4chs<\/em> je termin koji ozna\u010dava suha vina najvi\u0161e kvalitete proizvedena sa <em>Grosse Lage<\/em> (najbolje klasificiranih) vinograda (ekvivalent burgundijskog <em>Grand Cru<\/em> statusa). Podrum je smje\u0161ten svega nekoliko minuta udaljenosti \u0161to omogu\u0107ava brzu preradu a time i o\u010duvala aromatika, svje\u017eina i kompleksnost. Mo\u0161t potom fermentira pomo\u0107u ambijentalnih kvasaca u tvz. <em>Fuders<\/em>, tradicionalnim moselskim ba\u010dvama od hrasta zapremnine 1,000 litara napravljenih od lokalnog ba\u010dvara i drva koje dolazi iz obli\u017enje \u0161ume koja okru\u017euje samo imanje. Izvanredni primjer suhog Rieslinga, nos se otvara u pravcu dunja, kru\u0161aka, jabuka i citrusa poput pomela i bijelog grejpa umotanih u diskretni za\u010dinsko-herbalni zavr\u0161etak. U ustima izvanredna tenzia i koncentracija aroma na srednjem nepcu podcrtana tipi\u010dnom svje\u017einom i mineralno\u0161\u0107u \u0161kriljavca.<\/p>\n<h3><strong>James Suckling \u2013 97 pts<\/strong><\/h3>\n<h3><\/h3>\n","protected":false},"excerpt":{"rendered":"<p><em>Grosses Gew\u00e4chs<\/em> je termin koji ozna\u010dava suha vina najvi\u0161e kvalitete proizvedena sa <em>Grosse Lage<\/em> (najbolje klasificiranih) vinograda (ekvivalent burgundijskog <em>Grand Cru<\/em> statusa).<\/p>\n<p>&nbsp;<\/p>\n","protected":false},"featured_media":6186,"template":"","meta":[],"product_brand":[],"product_cat":[66],"product_tag":[404,405,665,87,88,89,667],"class_list":{"0":"post-6185","1":"product","2":"type-product","3":"status-publish","4":"has-post-thumbnail","6":"product_cat-bijelo-vino","7":"product_tag-gg","8":"product_tag-grosses-gewachs","9":"product_tag-maximin-grunhaus","10":"product_tag-mosel","11":"product_tag-njemacka","12":"product_tag-riesling","13":"product_tag-ruwer","14":"pa_berba-1633","15":"pa_drzava-njemacka","16":"pa_regija-mosel","17":"pa_regija-ruwer","18":"pa_sorta-riesling","19":"pa_vinarija-maximin-grunhaus","20":"pa_vrste-vina-bijelo-vino","22":"first","23":"instock","24":"shipping-taxable","25":"purchasable","26":"product-type-simple"},"_links":{"self":[{"href":"https:\/\/enozoik.com\/en\/wp-json\/wp\/v2\/product\/6185","targetHints":{"allow":["GET"]}}],"collection":[{"href":"https:\/\/enozoik.com\/en\/wp-json\/wp\/v2\/product"}],"about":[{"href":"https:\/\/enozoik.com\/en\/wp-json\/wp\/v2\/types\/product"}],"wp:featuredmedia":[{"embeddable":true,"href":"https:\/\/enozoik.com\/en\/wp-json\/wp\/v2\/media\/6186"}],"wp:attachment":[{"href":"https:\/\/enozoik.com\/en\/wp-json\/wp\/v2\/media?parent=6185"}],"wp:term":[{"taxonomy":"product_brand","embeddable":true,"href":"https:\/\/enozoik.com\/en\/wp-json\/wp\/v2\/product_brand?post=6185"},{"taxonomy":"product_cat","embeddable":true,"href":"https:\/\/enozoik.com\/en\/wp-json\/wp\/v2\/product_cat?post=6185"},{"taxonomy":"product_tag","embeddable":true,"href":"https:\/\/enozoik.com\/en\/wp-json\/wp\/v2\/product_tag?post=6185"}],"curies":[{"name":"wp","href":"https:\/\/api.w.org\/{rel}","templated":true}]}}