{"id":6478,"date":"2023-12-14T04:07:35","date_gmt":"2023-12-14T04:07:35","guid":{"rendered":"https:\/\/www.enozoik.com\/?post_type=product&#038;p=6478"},"modified":"2024-03-13T10:42:52","modified_gmt":"2024-03-13T10:42:52","slug":"2017-villa-bucci-verdicchio-di-castelli-di-jesi-classico-riserva-marche-kupi-online","status":"publish","type":"product","link":"https:\/\/enozoik.com\/en\/product\/2017-villa-bucci-verdicchio-di-castelli-di-jesi-classico-riserva-marche-kupi-online\/","title":{"rendered":"2017 Villa Bucci Verdicchio di Castelli di Jesi Classico Riserva, Marche &#8211; kupi online"},"content":{"rendered":"<h3><strong>TKO?<\/strong><\/h3>\n<p>Ampelio Bucci organski uzgaja 31 hektar vinograda na svojem imanju od 350 hektara. Od toga je 25 hektara posa\u0111eno s sortom Verdicchio, raspore\u0111enom na pet vinograda. Mnoge od tih trsova su vrlo stare, \u0161to rezultira niskim prinosima od sedam do osam tona po hektaru, \u0161to je znatno manje od dopu\u0161tenih 14 tona prema propisima DOC-a. Ova kombinacija starosti trsova i malih prinosa rezultira vinima velike intenzivnosti.<\/p>\n<h3><strong>GDJE?<\/strong><\/h3>\n<p>Verdicchio Classico Riserva, dobiven iz trsova starih 50 godina, fermentira se u inoksu prije nego \u0161to provodi 18 mjeseci odle\u017eavanja u velikim slavonskim hrastovim ba\u010dvama od 50 i 75 hektolitara. Kao rezultat, vino ima ora\u0161astu i dimljenu notu, izvrsnu puno\u0107u i svilenkastu teksturu.<\/p>\n<h3><strong>ZA\u0160TO?<\/strong><\/h3>\n<p>Villa Bucci definira veli\u010danstvenost sorte Verdicchio i \u010dinjenicu da mo\u017ee sazrijevati mnogo godina.<\/p>\n<p>&nbsp;<\/p>\n<p>&nbsp;<\/p>\n<p>&nbsp;<\/p>\n","protected":false},"excerpt":{"rendered":"<p>Ispreple\u0107u se arome \u017eutog proljetnog cvijeta, p\u010delinjeg voska, zrelog vo\u0107a i lje\u0161njaka. Na zaobljenom, obavijaju\u0107em nepcu, medene mineralne note podupiru zrelu marelicu, so\u010dnu bijeli breskvu i kiselu kap limuna dok bijeli badem ostaje na zavr\u0161etku.<\/p>\n","protected":false},"featured_media":6551,"template":"","meta":[],"product_brand":[],"product_cat":[66],"product_tag":[820,184,823],"class_list":{"0":"post-6478","1":"product","2":"type-product","3":"status-publish","4":"has-post-thumbnail","6":"product_cat-bijelo-vino","7":"product_tag-bucci","8":"product_tag-italy","9":"product_tag-verdicchio","10":"pa_berba-74","11":"pa_drzava-italija","12":"pa_regija-marche","13":"pa_vinarija-bucci","14":"pa_vrste-vina-bijelo-vino","16":"first","17":"instock","18":"shipping-taxable","19":"purchasable","20":"product-type-simple"},"_links":{"self":[{"href":"https:\/\/enozoik.com\/en\/wp-json\/wp\/v2\/product\/6478","targetHints":{"allow":["GET"]}}],"collection":[{"href":"https:\/\/enozoik.com\/en\/wp-json\/wp\/v2\/product"}],"about":[{"href":"https:\/\/enozoik.com\/en\/wp-json\/wp\/v2\/types\/product"}],"wp:featuredmedia":[{"embeddable":true,"href":"https:\/\/enozoik.com\/en\/wp-json\/wp\/v2\/media\/6551"}],"wp:attachment":[{"href":"https:\/\/enozoik.com\/en\/wp-json\/wp\/v2\/media?parent=6478"}],"wp:term":[{"taxonomy":"product_brand","embeddable":true,"href":"https:\/\/enozoik.com\/en\/wp-json\/wp\/v2\/product_brand?post=6478"},{"taxonomy":"product_cat","embeddable":true,"href":"https:\/\/enozoik.com\/en\/wp-json\/wp\/v2\/product_cat?post=6478"},{"taxonomy":"product_tag","embeddable":true,"href":"https:\/\/enozoik.com\/en\/wp-json\/wp\/v2\/product_tag?post=6478"}],"curies":[{"name":"wp","href":"https:\/\/api.w.org\/{rel}","templated":true}]}}