{"id":6511,"date":"2023-12-15T08:21:37","date_gmt":"2023-12-15T08:21:37","guid":{"rendered":"https:\/\/www.enozoik.com\/?post_type=product&#038;p=6511"},"modified":"2026-04-17T18:32:18","modified_gmt":"2026-04-17T18:32:18","slug":"2024-domaine-roc-de-labbaye-sauvignon-blanc-val-de-loire-kupi-online","status":"publish","type":"product","link":"https:\/\/enozoik.com\/en\/product\/2024-domaine-roc-de-labbaye-sauvignon-blanc-val-de-loire-kupi-online\/","title":{"rendered":"2024 Domaine Roc de l&#8217;Abbaye, Sauvignon Blanc, Val de Loire  &#8211; kupi online"},"content":{"rendered":"<h3><strong>TKO?<\/strong><\/h3>\n<p>Domaine Roc de l\u2019Abbaye, vlasni\u0161tvo Floriana Molleta, jedno je od rijetkih imanja u Sancerreu posa\u0111enih isklju\u010divo na terenu od kremenog kamena, poznatom kao &#8220;silex&#8221;, koji \u010dini samo 15% apelacije Sancerre. Ovaj tip tla proizvodi precizna vina s izra\u017eenom aromom baruta. Povijest Domaine Roc de l\u2019Abbaye datira iz 15. stolje\u0107a kada je lokalna opatija identificirala \u010detiri hektara tla od sileksa i nazvala ih Domaine du Clos du Roc. Ovaj izuzetan vinograd postao je dio imanja 1973. godine, kroz brak Jean-Paula Molleta i Rosie-Marie Maudry (\u010dije je obitelj posjedovala parcelu), koji su spojili svoja obiteljska imanja kako bi stvorili Domaine Roc de l&#8217;Abbaye.<\/p>\n<h3><strong>GDJE?<\/strong><\/h3>\n<p>Gro\u017e\u0111e potje\u010de iz selekcije vinove loze stara 10 do 25 godina koja se prostire na povr\u0161ini od 25 hektara. Loze su smje\u0161tene na tlima od gline i vapnenca s pogledom na dolinu Cher. Ova kombinacija tla sposobna je zadr\u017eati vodu u toplim i suhim godi\u0161tima, te poma\u017ee u proizvodnji gro\u017e\u0111a s dobrom kiselo\u0161\u0107u, svje\u017einom i vo\u0107nim izra\u017eajem.<\/p>\n<h3><strong>ZA\u0160TO?<\/strong><\/h3>\n<p>Gro\u017e\u0111e je brano ru\u010dno i strojno, ovisno o parceli. Zatim je nje\u017eno pre\u0161ano i pro\u0161lo je alkoholnu fermentaciju u spremnicima od nehr\u0111aju\u0107eg \u010delika tijekom tri tjedna kako bi zadr\u017ealo svje\u017ei, mineralni karakter.<\/p>\n","protected":false},"excerpt":{"rendered":"<p>Na nosu zelene jabuka, trava, grejp i korica limuna. Nepce je harmoni\u010dno s \u017eivahnom kiselo\u0161\u0107u koja se nadopunjuje vibrantnim okusima ogrozda i ko\u0161tunjavog vo\u0107a.<\/p>\n","protected":false},"featured_media":6859,"template":"","meta":[],"product_brand":[],"product_cat":[66],"product_tag":[1586,133,1585],"class_list":{"0":"post-6511","1":"product","2":"type-product","3":"status-publish","4":"has-post-thumbnail","6":"product_cat-bijelo-vino","7":"product_tag-domaine-roc-de-labbaye","8":"product_tag-francuska","9":"product_tag-sauvignon","10":"pa_berba-2076","11":"pa_drzava-francuska","12":"pa_regija-val-de-loire","13":"pa_vinarija-domaine-roc-de-labbaye","14":"pa_vrste-vina-bijelo-vino","16":"first","17":"instock","18":"shipping-taxable","19":"purchasable","20":"product-type-simple"},"_links":{"self":[{"href":"https:\/\/enozoik.com\/en\/wp-json\/wp\/v2\/product\/6511","targetHints":{"allow":["GET"]}}],"collection":[{"href":"https:\/\/enozoik.com\/en\/wp-json\/wp\/v2\/product"}],"about":[{"href":"https:\/\/enozoik.com\/en\/wp-json\/wp\/v2\/types\/product"}],"wp:featuredmedia":[{"embeddable":true,"href":"https:\/\/enozoik.com\/en\/wp-json\/wp\/v2\/media\/6859"}],"wp:attachment":[{"href":"https:\/\/enozoik.com\/en\/wp-json\/wp\/v2\/media?parent=6511"}],"wp:term":[{"taxonomy":"product_brand","embeddable":true,"href":"https:\/\/enozoik.com\/en\/wp-json\/wp\/v2\/product_brand?post=6511"},{"taxonomy":"product_cat","embeddable":true,"href":"https:\/\/enozoik.com\/en\/wp-json\/wp\/v2\/product_cat?post=6511"},{"taxonomy":"product_tag","embeddable":true,"href":"https:\/\/enozoik.com\/en\/wp-json\/wp\/v2\/product_tag?post=6511"}],"curies":[{"name":"wp","href":"https:\/\/api.w.org\/{rel}","templated":true}]}}