{"id":6637,"date":"2024-01-03T18:06:41","date_gmt":"2024-01-03T18:06:41","guid":{"rendered":"https:\/\/www.enozoik.com\/?post_type=product&#038;p=6637"},"modified":"2024-07-02T23:16:43","modified_gmt":"2024-07-02T23:16:43","slug":"2022-domaine-roc-de-labbaye-pouilly-fume-lantique-kupi-online","status":"publish","type":"product","link":"https:\/\/enozoik.com\/en\/product\/2022-domaine-roc-de-labbaye-pouilly-fume-lantique-kupi-online\/","title":{"rendered":"2022 Domaine Roc de l&#8217;Abbaye Pouilly-Fume l\u2019Antique &#8211; kupi online"},"content":{"rendered":"<h3>TKO?<\/h3>\n<p>Domaine Roc de l\u2019Abbaye, vlasni\u0161tvo Floriana Molleta, jedno je od rijetkih imanja u Sancerreu posa\u0111enih isklju\u010divo na terenu od kremenog kamena, poznatom kao &#8220;silex&#8221;, koji \u010dini samo 15% apelacije Sancerre. Ovaj tip tla proizvodi precizna vina s izra\u017eenom aromom baruta. Povijest Domaine Roc de l\u2019Abbaye datira iz 15. stolje\u0107a kada je lokalna opatija identificirala \u010detiri hektara tla od sileksa i nazvala ih Domaine du Clos du Roc. Ovaj izuzetan vinograd postao je dio imanja 1973. godine, kroz brak Jean-Paula Molleta i Rosie-Marie Maudry (\u010dije je obitelj posjedovala parcelu), koji su spojili svoja obiteljska imanja kako bi stvorili Domaine Roc de l&#8217;Abbaye.<\/p>\n<h3>GDJE?<\/h3>\n<p>Gro\u017e\u0111e dolazi s vinove loze stare 15 do 25 godina s dva hektara vinograda uzgajanih na sileks tlu u Pouilly-Fum\u00e9u. Ovo jedinstveno tlo proizvodi gro\u017e\u0111e s mineralnim, kremenim karakterom i intenzivnom slano\u0161\u0107u. Vinogradi su dobili certifikat o odr\u017eivosti u travnju 2022. godine.<\/p>\n<h3>ZA\u0160TO?<\/h3>\n<p>Gro\u017e\u0111e je brano I ru\u010dno i strojno, te brzo transportirano do vinarije kako bi se sa\u010duvali mirisi i delikatni vo\u0107ni karakter. Zatim je nje\u017eno pre\u0161ano pomo\u0107u pneumatske pre\u0161e. Sok od gro\u017e\u0111a zatim je fermentiran na tradicionalan na\u010din u spremnicima od nehr\u0111aju\u0107eg \u010delika tijekom 7 do 15 dana.<\/p>\n","protected":false},"excerpt":{"rendered":"<p>Pouilly-Fum\u00e9 l\u2019Antique otkriva prekrasan miris bijelih cvjetova, bijelog breskve i naran\u010de. Na nepcu je precizan, s osvje\u017eavaju\u0107im vo\u0107nim okusima koje podupire o\u0161tra kiselost u dugom, osvje\u017eavaju\u0107em zavr\u0161etku.<\/p>\n<p>&nbsp;<\/p>\n","protected":false},"featured_media":6638,"template":"","meta":[],"product_brand":[],"product_cat":[66],"product_tag":[1586,133,1585],"class_list":{"0":"post-6637","1":"product","2":"type-product","3":"status-publish","4":"has-post-thumbnail","6":"product_cat-bijelo-vino","7":"product_tag-domaine-roc-de-labbaye","8":"product_tag-francuska","9":"product_tag-sauvignon","10":"pa_berba-1541","11":"pa_drzava-francuska","12":"pa_regija-sancerre","13":"pa_vinarija-domaine-roc-de-labbaye","14":"pa_vrste-vina-bijelo-vino","16":"first","17":"instock","18":"shipping-taxable","19":"purchasable","20":"product-type-simple"},"_links":{"self":[{"href":"https:\/\/enozoik.com\/en\/wp-json\/wp\/v2\/product\/6637","targetHints":{"allow":["GET"]}}],"collection":[{"href":"https:\/\/enozoik.com\/en\/wp-json\/wp\/v2\/product"}],"about":[{"href":"https:\/\/enozoik.com\/en\/wp-json\/wp\/v2\/types\/product"}],"wp:featuredmedia":[{"embeddable":true,"href":"https:\/\/enozoik.com\/en\/wp-json\/wp\/v2\/media\/6638"}],"wp:attachment":[{"href":"https:\/\/enozoik.com\/en\/wp-json\/wp\/v2\/media?parent=6637"}],"wp:term":[{"taxonomy":"product_brand","embeddable":true,"href":"https:\/\/enozoik.com\/en\/wp-json\/wp\/v2\/product_brand?post=6637"},{"taxonomy":"product_cat","embeddable":true,"href":"https:\/\/enozoik.com\/en\/wp-json\/wp\/v2\/product_cat?post=6637"},{"taxonomy":"product_tag","embeddable":true,"href":"https:\/\/enozoik.com\/en\/wp-json\/wp\/v2\/product_tag?post=6637"}],"curies":[{"name":"wp","href":"https:\/\/api.w.org\/{rel}","templated":true}]}}