{"id":6640,"date":"2024-01-03T18:17:35","date_gmt":"2024-01-03T18:17:35","guid":{"rendered":"https:\/\/www.enozoik.com\/?post_type=product&#038;p=6640"},"modified":"2025-11-07T07:19:11","modified_gmt":"2025-11-07T07:19:11","slug":"2023-domaine-de-lenclos-chablis-burgundy-chablis-kupi-online","status":"publish","type":"product","link":"https:\/\/enozoik.com\/en\/product\/2023-domaine-de-lenclos-chablis-burgundy-chablis-kupi-online\/","title":{"rendered":"2023 Domaine de l&#8217;Enclos Chablis, Burgundy-Chablis &#8211; kupi online"},"content":{"rendered":"<h3><strong>TKO?<\/strong><\/h3>\n<p>Domaine de L&#8217;Enclos jedno je od najuzbudljivijih imanja koje je proiza\u0161lo\u00a0 iz Chablisa u posljednjem desetlje\u0107u. Imanje je u vlasni\u0161tvu Romaina i Damiena Boucharda, \u010dija obitelj ve\u0107 generacijama radi u Chablisu. Godine 2015. prodali su o\u010dev obrt, ali su zadr\u017eali 39 hektara vinograda koji su prethodno bili u vlasni\u0161tvu maj\u010dine obitelji. Osim toga, kupili su ku\u0107u u srcu grada, nazvanu &#8216;L&#8217;Enclos&#8217;, koja je izvorno bila zgrada koju su redovnici iz Pontignyja koristili za smje\u0161taj svojih radnika u vinogradu.<\/p>\n<h3><strong>GDJE?<\/strong><\/h3>\n<p>Plodovi za Chablis dolazi iz \u010detiri podru\u010dja: Chablis, La Chapelle, Beine i Fontenay, sa vinogradima posa\u0111enim na vapnena\u010dkim i marnim tlima. Loze su stare izme\u0111u 15 i 50 godina. Upravljanje kro\u0161njama i berba obavljaju se ru\u010dno, a vinogradi se obra\u0111uju organski.<\/p>\n<h3><strong>ZA\u0160TO?<\/strong><\/h3>\n<p>Godina 2022. bila je godina koja je vratila osmijeh na lica proizvo\u0111a\u010da vina iz Chablisa, s prinosom oko dvostruko ve\u0107im od izazovne 2021. godine. Berba se odvijala po\u010detkom rujna, a ubrano gro\u017e\u0111e bilo je izvrsne kvalitete. Proizvedena vina imaju izvrsnu ravnote\u017eu i izra\u017eajan vo\u0107ni karakter.<\/p>\n","protected":false},"excerpt":{"rendered":"<p>Blijedo zlatne boje, ovaj Chablis mo\u017ee se pohvaliti svijetlim, podignutim citrusima i zelenim vo\u0107em na nosu. Ukus je prekrasno uravnote\u017een, s elegantnom kiselo\u0161\u0107u, uz koncentrirane okuse i \u0161armantnu mineralnost.<\/p>\n","protected":false},"featured_media":6645,"template":"","meta":[],"product_brand":[],"product_cat":[66],"product_tag":[29,1589,133],"class_list":{"0":"post-6640","1":"product","2":"type-product","3":"status-publish","4":"has-post-thumbnail","6":"product_cat-bijelo-vino","7":"product_tag-chardonnay","8":"product_tag-domaine-de-lenlos","9":"product_tag-francuska","10":"pa_berba-1633","11":"pa_drzava-francuska","12":"pa_regija-bourgogne-chablis","13":"pa_vinarija-domaine-de-lenclos","14":"pa_vrste-vina-bijelo-vino","16":"first","17":"instock","18":"shipping-taxable","19":"purchasable","20":"product-type-simple"},"_links":{"self":[{"href":"https:\/\/enozoik.com\/en\/wp-json\/wp\/v2\/product\/6640","targetHints":{"allow":["GET"]}}],"collection":[{"href":"https:\/\/enozoik.com\/en\/wp-json\/wp\/v2\/product"}],"about":[{"href":"https:\/\/enozoik.com\/en\/wp-json\/wp\/v2\/types\/product"}],"wp:featuredmedia":[{"embeddable":true,"href":"https:\/\/enozoik.com\/en\/wp-json\/wp\/v2\/media\/6645"}],"wp:attachment":[{"href":"https:\/\/enozoik.com\/en\/wp-json\/wp\/v2\/media?parent=6640"}],"wp:term":[{"taxonomy":"product_brand","embeddable":true,"href":"https:\/\/enozoik.com\/en\/wp-json\/wp\/v2\/product_brand?post=6640"},{"taxonomy":"product_cat","embeddable":true,"href":"https:\/\/enozoik.com\/en\/wp-json\/wp\/v2\/product_cat?post=6640"},{"taxonomy":"product_tag","embeddable":true,"href":"https:\/\/enozoik.com\/en\/wp-json\/wp\/v2\/product_tag?post=6640"}],"curies":[{"name":"wp","href":"https:\/\/api.w.org\/{rel}","templated":true}]}}