{"id":6665,"date":"2024-01-04T04:02:10","date_gmt":"2024-01-04T04:02:10","guid":{"rendered":"https:\/\/www.enozoik.com\/?post_type=product&#038;p=6665"},"modified":"2025-08-03T23:12:12","modified_gmt":"2025-08-03T23:12:12","slug":"2023-domaine-de-lenclos-chablis-grand-cru-les-clos-burgundy-chablis-kupi-online","status":"publish","type":"product","link":"https:\/\/enozoik.com\/en\/product\/2023-domaine-de-lenclos-chablis-grand-cru-les-clos-burgundy-chablis-kupi-online\/","title":{"rendered":"2023 Domaine de l&#8217;Enclos Chablis Grand Cru \u2018Les Clos\u2019, Burgundy &#8211; Chablis &#8211; kupi online"},"content":{"rendered":"<h3><strong>TKO?<\/strong><\/h3>\n<p>Domaine de L&#8217;Enclos jedno je od najuzbudljivijih imanja koje je proiza\u0161lo\u00a0 iz Chablisa u posljednjem desetlje\u0107u. Imanje je u vlasni\u0161tvu Romaina i Damiena Boucharda, \u010dija obitelj ve\u0107 generacijama radi u Chablisu. Godine 2015. prodali su o\u010dev obrt, ali su zadr\u017eali 39 hektara vinograda koji su prethodno bili u vlasni\u0161tvu maj\u010dine obitelji. Osim toga, kupili su ku\u0107u u srcu grada, nazvanu &#8216;L&#8217;Enclos&#8217;, koja je izvorno bila zgrada koju su redovnici iz Pontignyja koristili za smje\u0161taj svojih radnika u vinogradu.<\/p>\n<h3><strong>GDJE?<\/strong><\/h3>\n<p>Gro\u017e\u0111e za `Les Clos` dolazi iz jedinstvenog vinograda od 0,67 hektara, posa\u0111enog 1964. godine na jugozapadnoj padini. Tla su kimerid\u0161ka glina i vapnenac. Ovo vino je certificirano organsko iz berbe 2018., budu\u0107i da Domaine de L\u2019Enclos koristi samo organska gnojiva u vinogradu, a sav plod se bere ru\u010dno.<\/p>\n<h3><strong>ZA\u0160TO?<\/strong><\/h3>\n<p>Gro\u017e\u0111e je pre\u0161ano pomo\u0107u pneumatske pre\u0161e u spremnike od nehr\u0111aju\u0107eg \u010delika pod kontroliranom temperaturom za alkoholno i mlije\u010dno-maslolakti\u010dko vrenje. Tijekom tog procesa kori\u0161teni su samo prirodni autohtoni kvasci. Vino je provelo 12 mjeseci odle\u017eavaju\u0107i u hrastovim ba\u010dvama (starim izme\u0111u jedne i pet godina), nakon toga jo\u0161 \u0161est mjeseci u spremnicima od nehr\u0111aju\u0107eg \u010delika prije punjenja u boce.<\/p>\n","protected":false},"excerpt":{"rendered":"<p>Domaine de L\u2019Enclos, Chablis Grand Cru \u2018Les Clos\u2019 kompleksno je vino s tragovima mineralnosti na nosu. Okusi na nepcu su izuzetno koncentrirani s vrhunskom ravnote\u017eom. Vrlo pristupa\u010dno vino koje \u0107e graciozno ostariti.<\/p>\n","protected":false},"featured_media":6666,"template":"","meta":[],"product_brand":[],"product_cat":[66],"product_tag":[29,1589,133],"class_list":{"0":"post-6665","1":"product","2":"type-product","3":"status-publish","4":"has-post-thumbnail","6":"product_cat-bijelo-vino","7":"product_tag-chardonnay","8":"product_tag-domaine-de-lenlos","9":"product_tag-francuska","10":"pa_berba-1633","11":"pa_drzava-francuska","12":"pa_regija-bourgogne-chablis","13":"pa_vinarija-domaine-de-lenclos","14":"pa_vrste-vina-bijelo-vino","16":"first","17":"instock","18":"shipping-taxable","19":"purchasable","20":"product-type-simple"},"_links":{"self":[{"href":"https:\/\/enozoik.com\/en\/wp-json\/wp\/v2\/product\/6665","targetHints":{"allow":["GET"]}}],"collection":[{"href":"https:\/\/enozoik.com\/en\/wp-json\/wp\/v2\/product"}],"about":[{"href":"https:\/\/enozoik.com\/en\/wp-json\/wp\/v2\/types\/product"}],"wp:featuredmedia":[{"embeddable":true,"href":"https:\/\/enozoik.com\/en\/wp-json\/wp\/v2\/media\/6666"}],"wp:attachment":[{"href":"https:\/\/enozoik.com\/en\/wp-json\/wp\/v2\/media?parent=6665"}],"wp:term":[{"taxonomy":"product_brand","embeddable":true,"href":"https:\/\/enozoik.com\/en\/wp-json\/wp\/v2\/product_brand?post=6665"},{"taxonomy":"product_cat","embeddable":true,"href":"https:\/\/enozoik.com\/en\/wp-json\/wp\/v2\/product_cat?post=6665"},{"taxonomy":"product_tag","embeddable":true,"href":"https:\/\/enozoik.com\/en\/wp-json\/wp\/v2\/product_tag?post=6665"}],"curies":[{"name":"wp","href":"https:\/\/api.w.org\/{rel}","templated":true}]}}