{"id":6754,"date":"2024-01-04T18:57:16","date_gmt":"2024-01-04T18:57:16","guid":{"rendered":"https:\/\/www.enozoik.com\/?post_type=product&#038;p=6754"},"modified":"2024-03-11T10:36:30","modified_gmt":"2024-03-11T10:36:30","slug":"2017-skegro-krs-orange-hercegovina-kupi-online","status":"publish","type":"product","link":"https:\/\/enozoik.com\/en\/product\/2017-skegro-krs-orange-hercegovina-kupi-online\/","title":{"rendered":"2017 \u0160kegro Kr\u0161 Orange, Hercegovina &#8211; kupi online"},"content":{"rendered":"<h3><strong>TKO?<\/strong><\/h3>\n<p>Vinarija \u0160kegro zapo\u010dela je s radom 1996 godine. Nekada davno, gotovo da nije bilo doma\u0107instva koje nije posjedovalo vinograd zasa\u0111en \u017dilavkom, Blatinom i ostalim autohtonim sortama vinove loze. Proizvedena su se vina \u010duvala u drvenim ba\u010dvama i koristila uglavnom za vlastite potrebe. Tako nekako zapo\u010dinje i obiteljska pri\u010da obitelji \u0160kegro, pri\u010da u kojoj se tradicija prenosila s koljena na koljeno da bi jednog dana prerasla u posao u kojem istinski u\u017eiva i sudjeluje cijela obitelj. Hercegova\u010dki kr\u0161 daje \u010duvena vina koja su od davnina slu\u017eila za u\u017eitak i okrepu.<\/p>\n<h3><strong>GDJE?<\/strong><\/h3>\n<p>Vinarija \u0160kegro svoje je \u010dokote smjestila u hercegova\u010dkoj regiji. Vinogradi,zasa\u0111eni \u017dilavkom, Blatinom i uz pone\u0161to ostalih sorti, dio su Mostarskog vinogorja, a nalaze se u neposrednoj blizini podruma u Radi\u0161i\u0107ima (Ljubu\u0161ki). Vinarija se mo\u017ee pohvaliti sljede\u0107im vinima: Kr\u0161 Bijeli \u017dilavka, Kr\u0161 Crni Blatina, Kr\u0161 Rose Blatina, Carsus Blatina, Carsus \u017dilavka, Kr\u0161 Orange Koli\u010dine vina su ograni\u010dene, s ciljem postizanja vrhunske kvalitete samog proizvoda.a Godi\u0161nje je to 8000 litara vina iz osnovne linije Kr\u0161,te 4000 litara iz Premium linije Carsus. Podneblje puno sunca, \u010dvrstog kamena i zdrave ekolo\u0161ke podloge, sa stoljetnom tradicijom daje vina vrhunske kvalitete.<\/p>\n<h3><strong>ZA\u0160TO?<\/strong><\/h3>\n<p>Napravljeno od \u017dilavke, lokalne autohtone sorte Hercegovine, gro\u017e\u0111e za vino se odvaja od peteljki, a zatim fermentira i macerira na opnama samog ploda 15-20 dana prije starenja, u velikim neutralnim hrastovim ba\u010dvama. S naznakom divljeg cvije\u0107a, ovo svijetlo naran\u010dasto vino ima vrlo suptilne note naran\u010dine korice i lagane \u010dokolade na nosu. Izuzetno je izra\u017eajno s nje\u017enim, ali prisutnim taninima i dobrom svje\u017einom. Suho s bogatim okusom, prili\u010dno podatno na nepcu.<\/p>\n","protected":false},"excerpt":{"rendered":"<p>Napravljeno od \u017dilavke, lokalne autohtone sorte Hercegovine, gro\u017e\u0111e za vino se odvaja od peteljki, a zatim fermentira i macerira na opnama samog ploda 15-20 dana prije starenja, u velikim neutralnim hrastovim ba\u010dvama.<\/p>\n","protected":false},"featured_media":6757,"template":"","meta":[],"product_brand":[],"product_cat":[66],"product_tag":[373,1596,375],"class_list":{"0":"post-6754","1":"product","2":"type-product","3":"status-publish","4":"has-post-thumbnail","6":"product_cat-bijelo-vino","7":"product_tag-bosna-i-hercegovina","8":"product_tag-skegro","9":"product_tag-zilavka","10":"pa_berba-74","11":"pa_drzava-bih","12":"pa_regija-hercegovina","13":"pa_vinarija-skegro","14":"pa_vrste-vina-bijelo-vino","16":"first","17":"instock","18":"shipping-taxable","19":"purchasable","20":"product-type-simple"},"_links":{"self":[{"href":"https:\/\/enozoik.com\/en\/wp-json\/wp\/v2\/product\/6754","targetHints":{"allow":["GET"]}}],"collection":[{"href":"https:\/\/enozoik.com\/en\/wp-json\/wp\/v2\/product"}],"about":[{"href":"https:\/\/enozoik.com\/en\/wp-json\/wp\/v2\/types\/product"}],"wp:featuredmedia":[{"embeddable":true,"href":"https:\/\/enozoik.com\/en\/wp-json\/wp\/v2\/media\/6757"}],"wp:attachment":[{"href":"https:\/\/enozoik.com\/en\/wp-json\/wp\/v2\/media?parent=6754"}],"wp:term":[{"taxonomy":"product_brand","embeddable":true,"href":"https:\/\/enozoik.com\/en\/wp-json\/wp\/v2\/product_brand?post=6754"},{"taxonomy":"product_cat","embeddable":true,"href":"https:\/\/enozoik.com\/en\/wp-json\/wp\/v2\/product_cat?post=6754"},{"taxonomy":"product_tag","embeddable":true,"href":"https:\/\/enozoik.com\/en\/wp-json\/wp\/v2\/product_tag?post=6754"}],"curies":[{"name":"wp","href":"https:\/\/api.w.org\/{rel}","templated":true}]}}