{"id":6759,"date":"2024-01-04T19:07:30","date_gmt":"2024-01-04T19:07:30","guid":{"rendered":"https:\/\/www.enozoik.com\/?post_type=product&#038;p=6759"},"modified":"2026-01-06T15:16:34","modified_gmt":"2026-01-06T15:16:34","slug":"2022-tolpuddle-chardonnay-coal-river-valley-kupi-online","status":"publish","type":"product","link":"https:\/\/enozoik.com\/en\/product\/2022-tolpuddle-chardonnay-coal-river-valley-kupi-online\/","title":{"rendered":"2022 Tolpuddle Chardonnay, Coal River Valley &#8211; kupi online"},"content":{"rendered":"<h3>TKO?<\/h3>\n<p>Smje\u0161ten u dolini Coal River, Vinograd Tolpuddle posa\u0111en je 1988. godine od strane legendi industrije Tonyja Jordana i Garryja Crittendena. Vinograd je dobio ime po Tolpuddle mu\u010denicima, koji su 1834. godine bili prognani u Australiju zbog osnivanja agrarne unije u Tolpuddleu u Dorsetu.<\/p>\n<h3>GDJE?<\/h3>\n<p>Vinograd povr\u0161ine 20 hektara, usmjeren prema sjeveroistoku, nalazi se u dolini Coal River, izoliran od ki\u0161nih perioda, \u0161to ga \u010dini suhim, ali hladnim. Suha klima osigurava vrlo nizak rizik bolesti loze, \u0161to zna\u010di da se gro\u017e\u0111e na trsovima mo\u017ee ostaviti du\u017ee kako bi se osiguralo potpuno sazrijevanje. Vinograd se nalazi na blagoj padini, a tlo je sa\u010dinjeno od silicija preko pje\u0161\u010denjaka i umjerene vitalnosti, osiguravaju\u0107i uravnote\u017eene trsove. Godine 2006. vinograd je osvojio inauguracijsku nagradu za Tasmanijski vinograd godine, odra\u017eavaju\u0107i izvedbu ovog jedinstvenog i istaknutog mjesta.<\/p>\n<h3>ZA\u0160TO?<\/h3>\n<p>Dobra vla\u017enost tla zbog ki\u0161a u srpnju i kolovozu zna\u010dila je dobar po\u010detak sezone. Hladno i vjetrovito vrijeme tijekom cvatnje rezultiralo je malim grozdovima, daju\u0107i niske prinose s pove\u0107anom koncentracijom i intenzitetom. Velja\u010da je donijela ravnomjerno sazrijevanje, a ki\u0161a tri tjedna prije berbe usporila je sezonu, rezultiraju\u0107i vo\u0107em bogatim okusom.<\/p>\n","protected":false},"excerpt":{"rendered":"<p>Ovo vino pokazuje arome bijelog cvije\u0107a i je\u010dma s limunskim notama na nosu. Klasi\u010dni nositelj Tolpuddle vina u svojoj kiselosti, \u017eutom grejpfrutu, limunskoj korici i ne\u0161to mineralnosti. Kombinacija lako\u0107e, delikatnosti, teksture i ekstrakta.<\/p>\n","protected":false},"featured_media":6760,"template":"","meta":[],"product_brand":[],"product_cat":[66],"product_tag":[208,29,1600,1601],"class_list":{"0":"post-6759","1":"product","2":"type-product","3":"status-publish","4":"has-post-thumbnail","6":"product_cat-bijelo-vino","7":"product_tag-australia","8":"product_tag-chardonnay","9":"product_tag-tasmania","10":"product_tag-tolpuddle","11":"pa_berba-1541","12":"pa_drzava-tasmania-australia","13":"pa_regija-coal-river-valley","14":"pa_vinarija-tolpuddle","15":"pa_vrste-vina-bijelo-vino","17":"first","18":"instock","19":"shipping-taxable","20":"purchasable","21":"product-type-simple"},"_links":{"self":[{"href":"https:\/\/enozoik.com\/en\/wp-json\/wp\/v2\/product\/6759","targetHints":{"allow":["GET"]}}],"collection":[{"href":"https:\/\/enozoik.com\/en\/wp-json\/wp\/v2\/product"}],"about":[{"href":"https:\/\/enozoik.com\/en\/wp-json\/wp\/v2\/types\/product"}],"wp:featuredmedia":[{"embeddable":true,"href":"https:\/\/enozoik.com\/en\/wp-json\/wp\/v2\/media\/6760"}],"wp:attachment":[{"href":"https:\/\/enozoik.com\/en\/wp-json\/wp\/v2\/media?parent=6759"}],"wp:term":[{"taxonomy":"product_brand","embeddable":true,"href":"https:\/\/enozoik.com\/en\/wp-json\/wp\/v2\/product_brand?post=6759"},{"taxonomy":"product_cat","embeddable":true,"href":"https:\/\/enozoik.com\/en\/wp-json\/wp\/v2\/product_cat?post=6759"},{"taxonomy":"product_tag","embeddable":true,"href":"https:\/\/enozoik.com\/en\/wp-json\/wp\/v2\/product_tag?post=6759"}],"curies":[{"name":"wp","href":"https:\/\/api.w.org\/{rel}","templated":true}]}}