{"id":6773,"date":"2024-01-06T07:01:49","date_gmt":"2024-01-06T07:01:49","guid":{"rendered":"https:\/\/www.enozoik.com\/?post_type=product&#038;p=6773"},"modified":"2025-12-04T03:03:51","modified_gmt":"2025-12-04T03:03:51","slug":"2021-racines-cuvee-chardonnay-rita-hills-kupi-online","status":"publish","type":"product","link":"https:\/\/enozoik.com\/en\/product\/2021-racines-cuvee-chardonnay-rita-hills-kupi-online\/","title":{"rendered":"2021 Racines Cuvee Chardonnay, Rita Hills &#8211; kupi online"},"content":{"rendered":"<h3><strong>TKO?<\/strong><\/h3>\n<p>Kombinacija svjetski poznatih vinograda i vrhunske vinarije \u010dini Racines jednim od najuzbudljivijih, modernih vinogradarskih projekata u Kaliforniji. To je suradnja izme\u0111u Etiennea de Montillea iz Domaine de Montille u Volnayu i njegovog kalifornijskog vinara Briana Sievea. Godine 2016., Etienne i Brian proveli su mjesece putuju\u0107i po Zlatnoj dr\u017eavi u potrazi za njenim najboljim vinogradarskim lokacijama. Cilj im je bio otkriti velike proizvo\u0111a\u010de Chardonnaya i Pinot Noira te upoznati brojne apelacije te dr\u017eave. Nakon stotina ku\u0161anja i susreta, na kraju su se odu\u0161evili Santa Barbara Countyjem i njegovom kombinacijom ambicioznih mladih vinara i povijesnih vinograda poput &#8216;Bien Nacido&#8217; i &#8216;Sanford &amp; Benedict&#8217;.<\/p>\n<h3><strong>GDJE?<\/strong><\/h3>\n<p>Gro\u017e\u0111e potje\u010de s pa\u017eljivo odabranih mjesta s tlima Sorento Loam unutar Santa Rita Hills, pri \u010demu ve\u0107ina dolazi iz vinograda La Mesa (koji je Racinesu iznajmljen od Domaine de La C\u00f4te) i vinograda Wenzlau (dio imanja Racines). Vinograd Wenzlau okru\u017een je vinogradima Mount Carmel i Sea Smoke, na strmoj, dramati\u010dnoj padini iznad vinograda Santa Ynez i nasuprot poznatom vinogradu Sanford &amp; Benedict.<\/p>\n<h3><strong>ZA\u0160TO?<\/strong><\/h3>\n<p>Vina su fermentirana u kombinaciji od 500L i ba\u010dvi od 228L, rezultiraju\u0107i s oko 10% hrasta. Nakon 11 mjeseci u ba\u010dvi, vina i talog premje\u0161teni su u spremnike od nehr\u0111aju\u0107eg \u010delika na dodatnih 5 mjeseci odle\u017eavanja.<\/p>\n","protected":false},"excerpt":{"rendered":"<p>Limunov konfit, bijeli cvjetovi, menta i bijeli papar. Kremasto, slojevito vino s svje\u017einom i energijom.<\/p>\n","protected":false},"featured_media":6774,"template":"","meta":[],"product_brand":[],"product_cat":[66],"product_tag":[113,29,1607,1606],"class_list":{"0":"post-6773","1":"product","2":"type-product","3":"status-publish","4":"has-post-thumbnail","6":"product_cat-bijelo-vino","7":"product_tag-california","8":"product_tag-chardonnay","9":"product_tag-racines","10":"product_tag-rita-hills","11":"pa_berba-1427","12":"pa_drzava-sad","13":"pa_regija-california","14":"pa_regija-rita-hills","15":"pa_vinarija-racines","16":"pa_vrste-vina-bijelo-vino","18":"first","19":"instock","20":"shipping-taxable","21":"purchasable","22":"product-type-simple"},"_links":{"self":[{"href":"https:\/\/enozoik.com\/en\/wp-json\/wp\/v2\/product\/6773","targetHints":{"allow":["GET"]}}],"collection":[{"href":"https:\/\/enozoik.com\/en\/wp-json\/wp\/v2\/product"}],"about":[{"href":"https:\/\/enozoik.com\/en\/wp-json\/wp\/v2\/types\/product"}],"wp:featuredmedia":[{"embeddable":true,"href":"https:\/\/enozoik.com\/en\/wp-json\/wp\/v2\/media\/6774"}],"wp:attachment":[{"href":"https:\/\/enozoik.com\/en\/wp-json\/wp\/v2\/media?parent=6773"}],"wp:term":[{"taxonomy":"product_brand","embeddable":true,"href":"https:\/\/enozoik.com\/en\/wp-json\/wp\/v2\/product_brand?post=6773"},{"taxonomy":"product_cat","embeddable":true,"href":"https:\/\/enozoik.com\/en\/wp-json\/wp\/v2\/product_cat?post=6773"},{"taxonomy":"product_tag","embeddable":true,"href":"https:\/\/enozoik.com\/en\/wp-json\/wp\/v2\/product_tag?post=6773"}],"curies":[{"name":"wp","href":"https:\/\/api.w.org\/{rel}","templated":true}]}}