{"id":6776,"date":"2024-01-06T07:18:12","date_gmt":"2024-01-06T07:18:12","guid":{"rendered":"https:\/\/www.enozoik.com\/?post_type=product&#038;p=6776"},"modified":"2024-07-01T21:59:41","modified_gmt":"2024-07-01T21:59:41","slug":"2020-racines-bentrock-vineyard-chardonnay-rita-hills-kupi-online","status":"publish","type":"product","link":"https:\/\/enozoik.com\/en\/product\/2020-racines-bentrock-vineyard-chardonnay-rita-hills-kupi-online\/","title":{"rendered":"2020 Racines \u2018Bentrock Vineyard\u2019 Chardonnay, Rita Hills &#8211; kupi online"},"content":{"rendered":"<h3><strong>TKO?<\/strong><\/h3>\n<p>Kombinacija svjetski poznatih vinograda i vrhunske vinarije \u010dini Racines jednim od najuzbudljivijih, modernih vinogradarskih projekata u Kaliforniji. To je suradnja izme\u0111u Etiennea de Montillea iz Domaine de Montille u Volnayu i njegovog kalifornijskog vinara Briana Sievea. Godine 2016., Etienne i Brian proveli su mjesece putuju\u0107i po Zlatnoj dr\u017eavi u potrazi za njenim najboljim vinogradarskim lokacijama. Cilj im je bio otkriti velike proizvo\u0111a\u010de Chardonnaya i Pinot Noira te upoznati brojne apelacije te dr\u017eave. Nakon stotina ku\u0161anja i susreta, na kraju su se odu\u0161evili Santa Barbara Countyjem i njegovom kombinacijom ambicioznih mladih vinara i povijesnih vinograda poput &#8216;Bien Nacido&#8217; i &#8216;Sanford &amp; Benedict&#8217;.<\/p>\n<h3><strong>GDJE?<\/strong><\/h3>\n<p>Gro\u017e\u0111e za ovo vino dolazi s dvije parcele Chardonnaya ovog poznatog vinograda, smje\u0161tenog na zapadnom kraju Santa Rosa Roada. Oba su okrenuta prema sjeveru; prvi se nalazi na vrhu vinograda s pogledom na Santa Rita Hills na vrlo kamenitom tlu, na izuzetno izlo\u017eenom i vjetrovitom polo\u017eaju. Drugi, malo ni\u017ee i s vi\u0161e povr\u0161inskog tla, nalazi se malo isto\u010dnije i za\u0161ti\u0107en je brdom gdje se nalazi na\u0161 drugi komad. Tla su mje\u0161avina Santa Lucia glineno vapnene ilova\u010de i Tierra pjeskovite ilova\u010de.<\/p>\n<h3><strong>ZA\u0160TO?<\/strong><\/h3>\n<p>Gro\u017e\u0111e je fermentirano u kombinaciji od 500 litara, ba\u010dvi od 350 litara i ba\u010dvi od 228 litara, rezultiraju\u0107i otprilike 25% novog hrasta u vinu. Nakon malo manje od godinu dana u ba\u010dvi, vina su premje\u0161tena u spremnik za dodatnih \u0161est mjeseci odle\u017eavanja na talogu.<\/p>\n<p>&nbsp;<\/p>\n<p>&nbsp;<\/p>\n","protected":false},"excerpt":{"rendered":"<p>\u010cisti, ali \u017eivahni Chardonnay, s dobro definiranim aromama zdrobljenog kamena, limunovog konfita, bijelih cvjetova i metvice. Blje\u0161tava aromatika i svijetli, slani naglasci daju ovom vinu elegantnu strukturu.<\/p>\n","protected":false},"featured_media":6777,"template":"","meta":[],"product_brand":[],"product_cat":[66],"product_tag":[113,29,1607,1606],"class_list":{"0":"post-6776","1":"product","2":"type-product","3":"status-publish","4":"has-post-thumbnail","6":"product_cat-bijelo-vino","7":"product_tag-california","8":"product_tag-chardonnay","9":"product_tag-racines","10":"product_tag-rita-hills","11":"pa_berba-1349","12":"pa_drzava-sad","13":"pa_regija-california","14":"pa_regija-rita-hills","15":"pa_vinarija-racines","16":"pa_vrste-vina-bijelo-vino","18":"first","19":"instock","20":"shipping-taxable","21":"purchasable","22":"product-type-simple"},"_links":{"self":[{"href":"https:\/\/enozoik.com\/en\/wp-json\/wp\/v2\/product\/6776","targetHints":{"allow":["GET"]}}],"collection":[{"href":"https:\/\/enozoik.com\/en\/wp-json\/wp\/v2\/product"}],"about":[{"href":"https:\/\/enozoik.com\/en\/wp-json\/wp\/v2\/types\/product"}],"wp:featuredmedia":[{"embeddable":true,"href":"https:\/\/enozoik.com\/en\/wp-json\/wp\/v2\/media\/6777"}],"wp:attachment":[{"href":"https:\/\/enozoik.com\/en\/wp-json\/wp\/v2\/media?parent=6776"}],"wp:term":[{"taxonomy":"product_brand","embeddable":true,"href":"https:\/\/enozoik.com\/en\/wp-json\/wp\/v2\/product_brand?post=6776"},{"taxonomy":"product_cat","embeddable":true,"href":"https:\/\/enozoik.com\/en\/wp-json\/wp\/v2\/product_cat?post=6776"},{"taxonomy":"product_tag","embeddable":true,"href":"https:\/\/enozoik.com\/en\/wp-json\/wp\/v2\/product_tag?post=6776"}],"curies":[{"name":"wp","href":"https:\/\/api.w.org\/{rel}","templated":true}]}}