{"id":6838,"date":"2024-01-12T10:28:31","date_gmt":"2024-01-12T10:28:31","guid":{"rendered":"https:\/\/www.enozoik.com\/?post_type=product&#038;p=6838"},"modified":"2025-07-13T22:54:14","modified_gmt":"2025-07-13T22:54:14","slug":"2021-domaine-borgeot-puligny-montrachet-les-grands-champs-kupi-online","status":"publish","type":"product","link":"https:\/\/enozoik.com\/en\/product\/2021-domaine-borgeot-puligny-montrachet-les-grands-champs-kupi-online\/","title":{"rendered":"2021 Domaine Borgeot Puligny Montrachet \u2018Les Grands Champs\u2019 &#8211; kupi online"},"content":{"rendered":"<h3><strong>TKO?<\/strong><\/h3>\n<p>Kao \u010detvrta generacija obitelji Borgeot, bra\u0107a Laurent i Pascal, upravljaju imanjem Borgeot, osnovanim 1903. godine. U vinogradu, bra\u0107a Pascal i Laurent rade po principu &#8216;lutte raisonn\u00e9e&#8217;, \u0161to zna\u010di da \u0107e u\u010diniti sve \u0161to je u njihovoj mo\u0107i da se pridr\u017eavaju na\u010dela organskog uzgoja i izbjegavaju upotrebu pesticida.<\/p>\n<h3><strong>GDJE?<\/strong><\/h3>\n<p>Svi plodovi potje\u010du iz vinograda unutar obitelji Domaine, koji se nalazi u selu R\u00e9migny u C\u00f4te d&#8217;Or. Ukupna povr\u0161ina pod vinovom lozom je 23 hektara koja se prostire po selima Bourzeron, Satenay, ChassagneMontrachet i PulignyMontrachet. \u00a0Plodovi Chassagne-Montrachet Vieilles Vignes potje\u010du od trsova starih u prosjeku 60 godina, daju\u0107i prekrasno koncentrirane i dobro definirane okuse kona\u010dnom vinu. Chassagne-Montrachet Premier Cru &#8216;Clos St. Jean&#8217; dolazi iz najboljeg vinograda imanja Borgeot i odle\u017eava 11 mjeseci u 100% novoj francuskoj hrastovini.<\/p>\n<h3><strong>ZA\u0160TO?<\/strong><\/h3>\n<p>Kao \u0161to izreka ka\u017ee u Burgundiji, ako pogledate osobu koja stoji iza vina, dobit \u0107ete predod\u017ebu o stilu vina u va\u0161oj \u010da\u0161i. To ne mo\u017ee biti istinitije za Domaine Borgeot, \u010dija vina pokazuju mirnu i odmjerenu suzdr\u017eanost Pascala, uravnote\u017eenu s bujno\u0161\u0107u i \u017eivo\u0161\u0107u Laurenta.Vina Domaine Borgeot fermentiraju se u kombinaciji ba\u010dvi od nehr\u0111aju\u0107eg \u010delika i hrastovih ba\u010dvi s kontroliranom temperaturom, stvaraju\u0107i kompleksnost uz zadr\u017eavanje primarnih vo\u0107nih aroma.<\/p>\n<p>&nbsp;<\/p>\n","protected":false},"excerpt":{"rendered":"<p>Ovo je elegantni Puligny-Montrachet, s prekrasnim cvjetnim aromama sjedinjenim s notama ananasa i mandarine. Nepce je bogato i zaokru\u017eeno, uravnote\u017eeno ukusnom kiselinom i slano\u0107om na dugoj zavr\u0161nici.<\/p>\n","protected":false},"featured_media":6839,"template":"","meta":[],"product_brand":[],"product_cat":[66],"product_tag":[29,1630,133],"class_list":{"0":"post-6838","1":"product","2":"type-product","3":"status-publish","4":"has-post-thumbnail","6":"product_cat-bijelo-vino","7":"product_tag-chardonnay","8":"product_tag-domaine-borgeot","9":"product_tag-francuska","10":"pa_berba-1427","11":"pa_drzava-francuska","12":"pa_regija-bourgogne","13":"pa_regija-cote-de-beaune","14":"pa_regija-puligny-montrachet","15":"pa_vinarija-domaine-borgeot","16":"pa_vrste-vina-bijelo-vino","18":"first","19":"instock","20":"shipping-taxable","21":"purchasable","22":"product-type-simple"},"_links":{"self":[{"href":"https:\/\/enozoik.com\/en\/wp-json\/wp\/v2\/product\/6838","targetHints":{"allow":["GET"]}}],"collection":[{"href":"https:\/\/enozoik.com\/en\/wp-json\/wp\/v2\/product"}],"about":[{"href":"https:\/\/enozoik.com\/en\/wp-json\/wp\/v2\/types\/product"}],"wp:featuredmedia":[{"embeddable":true,"href":"https:\/\/enozoik.com\/en\/wp-json\/wp\/v2\/media\/6839"}],"wp:attachment":[{"href":"https:\/\/enozoik.com\/en\/wp-json\/wp\/v2\/media?parent=6838"}],"wp:term":[{"taxonomy":"product_brand","embeddable":true,"href":"https:\/\/enozoik.com\/en\/wp-json\/wp\/v2\/product_brand?post=6838"},{"taxonomy":"product_cat","embeddable":true,"href":"https:\/\/enozoik.com\/en\/wp-json\/wp\/v2\/product_cat?post=6838"},{"taxonomy":"product_tag","embeddable":true,"href":"https:\/\/enozoik.com\/en\/wp-json\/wp\/v2\/product_tag?post=6838"}],"curies":[{"name":"wp","href":"https:\/\/api.w.org\/{rel}","templated":true}]}}